{"id":258577,"date":"2013-12-28T17:43:56","date_gmt":"2013-12-28T17:43:56","guid":{"rendered":"https:\/\/ksiegowosc24.pl\/napoveda\/"},"modified":"2025-02-10T03:53:51","modified_gmt":"2025-02-10T03:53:51","slug":"napoveda","status":"publish","type":"page","link":"https:\/\/ksiegowosc24.pl\/cs\/napoveda\/","title":{"rendered":"N\u00e1pov\u011bda"},"content":{"rendered":"\n<h2 class=\"wp-block-heading\" id=\"h-przed-kontaktem-z-nami-upewnij-sie-czy-nie-ma-odpowiedzi-na-twoje-pytanie-w-naszym-faq\">Ne\u017e n\u00e1s kontaktujete, ujist\u011bte se, \u017ee va\u0161e ot\u00e1zka nen\u00ed zodpov\u011bzena v na\u0161ich \u010dasto kladen\u00fdch dotazech.<\/h2>\n\n<ul class=\"wp-block-list\">\n<li><a href=\"https:\/\/ksiegowosc24.pl\/pomoc\/faq\/\">FAQ &#8211; \u010casto kladen\u00e9 ot\u00e1zky a odpov\u011bdi<\/a><\/li>\n<\/ul>\n\n<h3 class=\"wp-block-heading\" id=\"h-nie-znalazles-odpowiedzi\">Nena\u0161li jste odpov\u011b\u010f?<\/h3>\n\n<p>Kontaktujte n\u00e1s prost\u0159ednictv\u00edm kontaktn\u00edho formul\u00e1\u0159e a <a href=\"https:\/\/osticket.ksiegowosc24.pl\/\">zanechte n\u00e1m zpr\u00e1vu<\/a>.<\/p>\n\n<p><strong>LiveChat<\/strong> m\u016f\u017eete pou\u017e\u00edt tak\u00e9 kliknut\u00edm na tla\u010d\u00edtko v prav\u00e9m doln\u00edm rohu.<\/p>\n","protected":false},"excerpt":{"rendered":"<p>Ne\u017e n\u00e1s kontaktujete, ujist\u011bte se, \u017ee va\u0161e ot\u00e1zka nen\u00ed zodpov\u011bzena v na\u0161ich \u010dasto kladen\u00fdch dotazech. Nena\u0161li jste odpov\u011b\u010f? Kontaktujte n\u00e1s prost\u0159ednictv\u00edm kontaktn\u00edho formul\u00e1\u0159e a zanechte n\u00e1m zpr\u00e1vu. LiveChat m\u016f\u017eete pou\u017e\u00edt tak\u00e9 kliknut\u00edm na tla\u010d\u00edtko v prav\u00e9m doln\u00edm rohu.<\/p>\n","protected":false},"author":1,"featured_media":0,"parent":0,"menu_order":0,"comment_status":"closed","ping_status":"open","template":"","meta":{"_acf_changed":false,"footnotes":""},"class_list":["post-258577","page","type-page","status-publish","hentry"],"blocksy_meta":[],"acf":[],"yoast_head":"<!-- This site is optimized with the Yoast SEO Premium plugin v27.4 (Yoast SEO v27.4) - https:\/\/yoast.com\/product\/yoast-seo-premium-wordpress\/ -->\n<title>N\u00e1pov\u011bda - Ksiegowosc24.pl<\/title>\n<meta name=\"description\" content=\"Ne\u017e n\u00e1s kontaktujete, ujist\u011bte se, \u017ee va\u0161e ot\u00e1zka nen\u00ed zodpov\u011bzena v na\u0161ich \u010dasto kladen\u00fdch dotazech. FAQ - \u010casto kladen\u00e9 ot\u00e1zky a odpov\u011bdi Nena\u0161li jste\" \/>\n<meta name=\"robots\" content=\"index, follow, max-snippet:-1, max-image-preview:large, max-video-preview:-1\" \/>\n<link rel=\"canonical\" href=\"https:\/\/ksiegowosc24.pl\/cs\/napoveda\/\" \/>\n<meta property=\"og:locale\" content=\"cs_CZ\" \/>\n<meta property=\"og:type\" content=\"article\" \/>\n<meta property=\"og:title\" content=\"N\u00e1pov\u011bda - Ksiegowosc24.pl\" \/>\n<meta property=\"og:description\" content=\"Ne\u017e n\u00e1s kontaktujete, ujist\u011bte se, \u017ee va\u0161e ot\u00e1zka nen\u00ed zodpov\u011bzena v na\u0161ich \u010dasto kladen\u00fdch dotazech. FAQ - \u010casto kladen\u00e9 ot\u00e1zky a odpov\u011bdi Nena\u0161li jste\" \/>\n<meta property=\"og:url\" content=\"https:\/\/ksiegowosc24.pl\/cs\/wp-json\/wp\/v2\/pages\/258577\/\" \/>\n<meta property=\"og:site_name\" content=\"Ksiegowosc24.pl\" \/>\n<meta property=\"article:publisher\" content=\"http:\/\/www.facebook.com\/pages\/rafsoftnet\/116798445016643\" \/>\n<meta property=\"article:modified_time\" content=\"2025-02-10T03:53:51+00:00\" \/>\n<meta property=\"og:image\" content=\"https:\/\/ksiegowosc24.pl\/wp-content\/uploads\/2026\/03\/Program-Faktura-VAT-e1690689179406.webp\" \/>\n<meta name=\"twitter:card\" content=\"summary_large_image\" \/>\n<script type=\"application\/ld+json\" class=\"yoast-schema-graph\">{\"@context\":\"https:\\\/\\\/schema.org\",\"@graph\":[{\"@type\":\"WebPage\",\"@id\":\"https:\\\/\\\/ksiegowosc24.pl\\\/cs\\\/napoveda\\\/\",\"url\":\"https:\\\/\\\/ksiegowosc24.pl\\\/cs\\\/napoveda\\\/\",\"name\":\"N\u00e1pov\u011bda - Ksiegowosc24.pl\",\"isPartOf\":{\"@id\":\"https:\\\/\\\/ksiegowosc24.pl\\\/cs\\\/#website\"},\"datePublished\":\"2013-12-28T17:43:56+00:00\",\"dateModified\":\"2025-02-10T03:53:51+00:00\",\"description\":\"Ne\u017e n\u00e1s kontaktujete, ujist\u011bte se, \u017ee va\u0161e ot\u00e1zka nen\u00ed zodpov\u011bzena v na\u0161ich \u010dasto kladen\u00fdch dotazech. FAQ - \u010casto kladen\u00e9 ot\u00e1zky a odpov\u011bdi Nena\u0161li jste\",\"breadcrumb\":{\"@id\":\"https:\\\/\\\/ksiegowosc24.pl\\\/cs\\\/napoveda\\\/#breadcrumb\"},\"inLanguage\":\"cs\",\"potentialAction\":[{\"@type\":\"ReadAction\",\"target\":[\"https:\\\/\\\/ksiegowosc24.pl\\\/cs\\\/napoveda\\\/\"]}]},{\"@type\":\"BreadcrumbList\",\"@id\":\"https:\\\/\\\/ksiegowosc24.pl\\\/cs\\\/napoveda\\\/#breadcrumb\",\"itemListElement\":[{\"@type\":\"ListItem\",\"position\":1,\"name\":\"DOMOVSK\u00c1 STR\u00c1NKA\",\"item\":\"https:\\\/\\\/ksiegowosc24.pl\\\/cs\\\/\"},{\"@type\":\"ListItem\",\"position\":2,\"name\":\"N\u00e1pov\u011bda\"}]},{\"@type\":\"WebSite\",\"@id\":\"https:\\\/\\\/ksiegowosc24.pl\\\/cs\\\/#website\",\"url\":\"https:\\\/\\\/ksiegowosc24.pl\\\/cs\\\/\",\"name\":\"Ksiegowosc24.pl\",\"description\":\"Prosty program do faktur\",\"publisher\":{\"@id\":\"https:\\\/\\\/ksiegowosc24.pl\\\/cs\\\/#organization\"},\"potentialAction\":[{\"@type\":\"SearchAction\",\"target\":{\"@type\":\"EntryPoint\",\"urlTemplate\":\"https:\\\/\\\/ksiegowosc24.pl\\\/cs\\\/?s={search_term_string}\"},\"query-input\":{\"@type\":\"PropertyValueSpecification\",\"valueRequired\":true,\"valueName\":\"search_term_string\"}}],\"inLanguage\":\"cs\"},{\"@type\":\"Organization\",\"@id\":\"https:\\\/\\\/ksiegowosc24.pl\\\/cs\\\/#organization\",\"name\":\"Ksiegowosc24.pl\",\"url\":\"https:\\\/\\\/ksiegowosc24.pl\\\/cs\\\/\",\"logo\":{\"@type\":\"ImageObject\",\"inLanguage\":\"cs\",\"@id\":\"https:\\\/\\\/ksiegowosc24.pl\\\/cs\\\/#\\\/schema\\\/logo\\\/image\\\/\",\"url\":\"https:\\\/\\\/ksiegowosc24.pl\\\/wp-content\\\/uploads\\\/2023\\\/05\\\/1bold-black.png\",\"contentUrl\":\"https:\\\/\\\/ksiegowosc24.pl\\\/wp-content\\\/uploads\\\/2023\\\/05\\\/1bold-black.png\",\"width\":300,\"height\":60,\"caption\":\"Ksiegowosc24.pl\"},\"image\":{\"@id\":\"https:\\\/\\\/ksiegowosc24.pl\\\/cs\\\/#\\\/schema\\\/logo\\\/image\\\/\"},\"sameAs\":[\"http:\\\/\\\/www.facebook.com\\\/pages\\\/rafsoftnet\\\/116798445016643\",\"http:\\\/\\\/www.youtube.com\\\/user\\\/rafsoftNET?sub_confirmation=1\"],\"description\":\"Nowoczesny i prosty program do fakturowania\",\"email\":\"biuro@rafsoft.net\",\"legalName\":\"RAFSOFT.NET Sp. z.o.o.\",\"foundingDate\":\"2002-07-20\",\"numberOfEmployees\":{\"@type\":\"QuantitativeValue\",\"minValue\":\"1\",\"maxValue\":\"10\"}}]}<\/script>\n<!-- \/ Yoast SEO Premium plugin. -->","yoast_head_json":{"title":"N\u00e1pov\u011bda - Ksiegowosc24.pl","description":"Ne\u017e n\u00e1s kontaktujete, ujist\u011bte se, \u017ee va\u0161e ot\u00e1zka nen\u00ed zodpov\u011bzena v na\u0161ich \u010dasto kladen\u00fdch dotazech. FAQ - \u010casto kladen\u00e9 ot\u00e1zky a odpov\u011bdi Nena\u0161li jste","robots":{"index":"index","follow":"follow","max-snippet":"max-snippet:-1","max-image-preview":"max-image-preview:large","max-video-preview":"max-video-preview:-1"},"canonical":"https:\/\/ksiegowosc24.pl\/cs\/napoveda\/","og_locale":"cs_CZ","og_type":"article","og_title":"N\u00e1pov\u011bda - Ksiegowosc24.pl","og_description":"Ne\u017e n\u00e1s kontaktujete, ujist\u011bte se, \u017ee va\u0161e ot\u00e1zka nen\u00ed zodpov\u011bzena v na\u0161ich \u010dasto kladen\u00fdch dotazech. FAQ - \u010casto kladen\u00e9 ot\u00e1zky a odpov\u011bdi Nena\u0161li jste","og_url":"https:\/\/ksiegowosc24.pl\/cs\/wp-json\/wp\/v2\/pages\/258577\/","og_site_name":"Ksiegowosc24.pl","article_publisher":"http:\/\/www.facebook.com\/pages\/rafsoftnet\/116798445016643","article_modified_time":"2025-02-10T03:53:51+00:00","og_image":[{"url":"https:\/\/ksiegowosc24.pl\/wp-content\/uploads\/2026\/03\/Program-Faktura-VAT-e1690689179406.webp","type":"","width":"","height":""}],"twitter_card":"summary_large_image","schema":{"@context":"https:\/\/schema.org","@graph":[{"@type":"WebPage","@id":"https:\/\/ksiegowosc24.pl\/cs\/napoveda\/","url":"https:\/\/ksiegowosc24.pl\/cs\/napoveda\/","name":"N\u00e1pov\u011bda - Ksiegowosc24.pl","isPartOf":{"@id":"https:\/\/ksiegowosc24.pl\/cs\/#website"},"datePublished":"2013-12-28T17:43:56+00:00","dateModified":"2025-02-10T03:53:51+00:00","description":"Ne\u017e n\u00e1s kontaktujete, ujist\u011bte se, \u017ee va\u0161e ot\u00e1zka nen\u00ed zodpov\u011bzena v na\u0161ich \u010dasto kladen\u00fdch dotazech. FAQ - \u010casto kladen\u00e9 ot\u00e1zky a odpov\u011bdi Nena\u0161li jste","breadcrumb":{"@id":"https:\/\/ksiegowosc24.pl\/cs\/napoveda\/#breadcrumb"},"inLanguage":"cs","potentialAction":[{"@type":"ReadAction","target":["https:\/\/ksiegowosc24.pl\/cs\/napoveda\/"]}]},{"@type":"BreadcrumbList","@id":"https:\/\/ksiegowosc24.pl\/cs\/napoveda\/#breadcrumb","itemListElement":[{"@type":"ListItem","position":1,"name":"DOMOVSK\u00c1 STR\u00c1NKA","item":"https:\/\/ksiegowosc24.pl\/cs\/"},{"@type":"ListItem","position":2,"name":"N\u00e1pov\u011bda"}]},{"@type":"WebSite","@id":"https:\/\/ksiegowosc24.pl\/cs\/#website","url":"https:\/\/ksiegowosc24.pl\/cs\/","name":"Ksiegowosc24.pl","description":"Prosty program do faktur","publisher":{"@id":"https:\/\/ksiegowosc24.pl\/cs\/#organization"},"potentialAction":[{"@type":"SearchAction","target":{"@type":"EntryPoint","urlTemplate":"https:\/\/ksiegowosc24.pl\/cs\/?s={search_term_string}"},"query-input":{"@type":"PropertyValueSpecification","valueRequired":true,"valueName":"search_term_string"}}],"inLanguage":"cs"},{"@type":"Organization","@id":"https:\/\/ksiegowosc24.pl\/cs\/#organization","name":"Ksiegowosc24.pl","url":"https:\/\/ksiegowosc24.pl\/cs\/","logo":{"@type":"ImageObject","inLanguage":"cs","@id":"https:\/\/ksiegowosc24.pl\/cs\/#\/schema\/logo\/image\/","url":"https:\/\/ksiegowosc24.pl\/wp-content\/uploads\/2023\/05\/1bold-black.png","contentUrl":"https:\/\/ksiegowosc24.pl\/wp-content\/uploads\/2023\/05\/1bold-black.png","width":300,"height":60,"caption":"Ksiegowosc24.pl"},"image":{"@id":"https:\/\/ksiegowosc24.pl\/cs\/#\/schema\/logo\/image\/"},"sameAs":["http:\/\/www.facebook.com\/pages\/rafsoftnet\/116798445016643","http:\/\/www.youtube.com\/user\/rafsoftNET?sub_confirmation=1"],"description":"Nowoczesny i prosty program do fakturowania","email":"biuro@rafsoft.net","legalName":"RAFSOFT.NET Sp. z.o.o.","foundingDate":"2002-07-20","numberOfEmployees":{"@type":"QuantitativeValue","minValue":"1","maxValue":"10"}}]}},"_links":{"self":[{"href":"https:\/\/ksiegowosc24.pl\/cs\/wp-json\/wp\/v2\/pages\/258577","targetHints":{"allow":["GET"]}}],"collection":[{"href":"https:\/\/ksiegowosc24.pl\/cs\/wp-json\/wp\/v2\/pages"}],"about":[{"href":"https:\/\/ksiegowosc24.pl\/cs\/wp-json\/wp\/v2\/types\/page"}],"author":[{"embeddable":true,"href":"https:\/\/ksiegowosc24.pl\/cs\/wp-json\/wp\/v2\/users\/1"}],"replies":[{"embeddable":true,"href":"https:\/\/ksiegowosc24.pl\/cs\/wp-json\/wp\/v2\/comments?post=258577"}],"version-history":[{"count":1,"href":"https:\/\/ksiegowosc24.pl\/cs\/wp-json\/wp\/v2\/pages\/258577\/revisions"}],"predecessor-version":[{"id":258578,"href":"https:\/\/ksiegowosc24.pl\/cs\/wp-json\/wp\/v2\/pages\/258577\/revisions\/258578"}],"wp:attachment":[{"href":"https:\/\/ksiegowosc24.pl\/cs\/wp-json\/wp\/v2\/media?parent=258577"}],"curies":[{"name":"wp","href":"https:\/\/api.w.org\/{rel}","templated":true}]}}