{"id":258597,"date":"2014-01-06T11:50:53","date_gmt":"2014-01-06T11:50:53","guid":{"rendered":"https:\/\/ksiegowosc24.pl\/obchod\/predpisy\/"},"modified":"2025-02-10T04:10:56","modified_gmt":"2025-02-10T04:10:56","slug":"predpisy","status":"publish","type":"page","link":"https:\/\/ksiegowosc24.pl\/cs\/obchod\/predpisy\/","title":{"rendered":"P\u0159edpisy"},"content":{"rendered":"\n<style>ul.spaced-list li {\nmargin-bottom: 1rem;\n}\n<\/style>\n\n<ul class=\"wp-block-list spaced-list\">\n<li>Vlastn\u00edkem internetov\u00e9ho obchodu provozovan\u00e9ho pod adresou https:\/\/sklep.ksiegowosc24.pl je spole\u010dnost RAFSOFT.NET Sp z o.o. se s\u00eddlem ve Vratislavi na ulici Pi\u0142sudskiego 74\/320; NIP 8971872103; REGON 384677021, d\u00e1le jen RAFSOFT.NET Sp z o.o. nebo Prod\u00e1vaj\u00edc\u00ed. <\/li>\n\n\n\n<li>Jazykem v\u0161ech informac\u00ed v obchod\u011b, procesu objedn\u00e1v\u00e1n\u00ed a uzav\u00edr\u00e1n\u00ed kupn\u00ed smlouvy je pol\u0161tina.<\/li>\n\n\n\n<li><br\/>Nezbytnou podm\u00ednkou pro uskute\u010dn\u011bn\u00ed n\u00e1kupu je, \u017ee kupuj\u00edc\u00ed spr\u00e1vn\u011b vypln\u00ed objedn\u00e1vkov\u00fd formul\u00e1\u0159, kter\u00fd je k dispozici na internetov\u00fdch str\u00e1nk\u00e1ch internetov\u00e9ho obchodu <a href=\"https:\/\/ksiegowosc24.pl\/sklep\/\">https:\/\/ksiegowosc24.pl\/sklep<\/a>, a souhlas\u00ed s ustanoven\u00edmi tohoto \u0159\u00e1du.<\/li>\n\n\n\n<li>P\u0159ijet\u00ed objedn\u00e1vky k pln\u011bn\u00ed m\u016f\u017ee v p\u0159\u00edpad\u011b pochybnost\u00ed o z\u00e1m\u011bru nebo spr\u00e1vnosti \u00fadaj\u016f poskytnut\u00fdch kupuj\u00edc\u00edm vy\u017eadovat telefonick\u00e9 potvrzen\u00ed objedn\u00e1vky prod\u00e1vaj\u00edc\u00edm.<\/li>\n\n\n\n<li>Ceny zbo\u017e\u00ed v internetov\u00e9m obchod\u011b <a href=\"https:\/\/ksiegowosc24.pl\/sklep\/\">https:\/\/ksiegowosc24.pl\/sklep<\/a> jsou uvedeny v polsk\u00fdch zlot\u00fdch a zahrnuj\u00ed DPH (jedn\u00e1 se o hrub\u00e9 ceny).<\/li>\n\n\n\n<li>Zbo\u017e\u00ed zakoupen\u00e9 v internetov\u00e9m obchod\u011b <a href=\"https:\/\/ksiegowosc24.pl\/sklep\/\">https:\/\/ksiegowosc24.pl\/sklep<\/a> je dod\u00e1v\u00e1no s dokladem o koupi ve form\u011b faktury nebo \u00fa\u010dtenky.<\/li>\n\n\n\n<li><strong>Licence se vyd\u00e1v\u00e1 na dobu 1 roku<\/strong>. B\u011bhem tohoto obdob\u00ed jsou poskytov\u00e1ny <strong>bezplatn\u00e9 aktualizace a <a href=\"https:\/\/ksiegowosc24.pl\/cs\/napoveda\/kontakt\/\">technick\u00e1 podpora<\/a><\/strong>. Po uplynut\u00ed tohoto obdob\u00ed m\u016f\u017eete licence obnovit zakoupen\u00edm aktualizac\u00ed na dal\u0161\u00ed rok.  <\/li>\n\n\n\n<li>Osobn\u00ed \u00fadaje kupuj\u00edc\u00edch v internetov\u00e9m obchod\u011b https:\/\/ksiegowosc24.pl jsou zpracov\u00e1v\u00e1ny pouze za \u00fa\u010delem dokon\u010den\u00ed n\u00e1kupu a dod\u00e1n\u00ed zbo\u017e\u00ed, p\u0159\u00edpadn\u011b informov\u00e1n\u00ed kupuj\u00edc\u00edho o nov\u00e9 verzi zakoupen\u00e9ho zbo\u017e\u00ed.<br\/>Osobn\u00ed \u00fadaje poskytnut\u00e9 prod\u00e1vaj\u00edc\u00edmu nebudou nikdy zp\u0159\u00edstupn\u011bny t\u0159et\u00edm osob\u00e1m v jak\u00e9koliv form\u011b a obsahu a ka\u017ed\u00fd kupuj\u00edc\u00ed m\u00e1 pr\u00e1vo do sv\u00fdch \u00fadaj\u016f nahl\u00ed\u017eet, dopl\u0148ovat je, opravovat, aktualizovat \u010di mazat. <\/li>\n\n\n\n<li>V p\u0159\u00edpad\u011b online p\u0159evodu prost\u0159ednictv\u00edm platebn\u00edho syst\u00e9mu je licence zasl\u00e1na na va\u0161i e-mailovou adresu ihned po proveden\u00ed platby.<\/li>\n\n\n\n<li>V p\u0159\u00edpad\u011b tradi\u010dn\u00edch zp\u016fsob\u016f platby bude licence zasl\u00e1na do 24-48 hodin prioritn\u00ed po\u0161tou na dob\u00edrku nebo zaplacena bankovn\u00edm p\u0159evodem spolu s fakturou s DPH.<\/li>\n\n\n\n<li>Pokud je potvrzen\u00ed o platb\u011b zasl\u00e1no faxem, je registra\u010dn\u00ed kl\u00ed\u010d odesl\u00e1n tent\u00fd\u017e den na e-mailovou adresu uvedenou v objedn\u00e1vce.<\/li>\n\n\n\n<li>Verzi CD zas\u00edl\u00e1me do 24-48 hodin s fakturou na dob\u00edrku nebo placenou bankovn\u00edm p\u0159evodem (dodac\u00ed lh\u016fta 1-3 pracovn\u00ed dny).<\/li>\n\n\n\n<li>Ve zvl\u00e1\u0161tn\u00edch p\u0159\u00edpadech m\u016f\u017ee b\u00fdt doba dod\u00e1n\u00ed prodlou\u017eena. Z\u00e1kazn\u00edk bude v ka\u017ed\u00e9m p\u0159\u00edpad\u011b informov\u00e1n a m\u00e1 pr\u00e1vo odstoupit od dal\u0161\u00edho zpracov\u00e1n\u00ed objedn\u00e1vky. <\/li>\n\n\n\n<li>Ve v\u00fdjime\u010dn\u00fdch p\u0159\u00edpadech si vyhrazujeme pr\u00e1vo odm\u00edtnout vy\u0159\u00edzen\u00ed objedn\u00e1vky v p\u0159\u00edpad\u011b nedostatku zbo\u017e\u00ed na sklad\u011b nebo jeho sta\u017een\u00ed z prodeje.<\/li>\n\n\n\n<li>Ka\u017ed\u00fd kupuj\u00edc\u00ed m\u00e1 mo\u017enost vr\u00e1tit zakoupen\u00e9 zbo\u017e\u00ed do 30 dn\u016f od jeho p\u0159evzet\u00ed.<\/li>\n\n\n\n<li>Pokud chcete zbo\u017e\u00ed vr\u00e1tit, je nutn\u00e9 to prod\u00e1vaj\u00edc\u00edmu p\u0159edem potvrdit. Zbo\u017e\u00ed mus\u00ed b\u00fdt vr\u00e1ceno v nezm\u011bn\u011bn\u00e9m stavu (v zape\u010det\u011bn\u00e9m obalu) a kompletn\u00ed (v\u010detn\u011b z\u00e1ruky, dokumentace a dal\u0161\u00edho p\u0159\u00edslu\u0161enstv\u00ed, obdr\u017een\u00e9 <a href=\"https:\/\/ksiegowosc24.pl\/cs\/\">faktury s DPH<\/a> nebo \u00fa\u010dtenky). Vr\u00e1cen\u00e9 zbo\u017e\u00ed nesm\u00ed n\u00e9st zn\u00e1mky pou\u017e\u00edv\u00e1n\u00ed, kop\u00edrov\u00e1n\u00ed ani nesm\u00ed b\u00fdt kupuj\u00edc\u00edm jakkoli po\u0161kozeno. N\u00e1klady na vr\u00e1cen\u00ed zbo\u017e\u00ed hrad\u00ed kupuj\u00edc\u00ed.   <\/li>\n\n\n\n<li>Vylou\u010deny jsou individu\u00e1ln\u011b konfigurovan\u00e9 nebo p\u0159izp\u016fsoben\u00e9 produkty, stejn\u011b jako software, jeho\u017e zp\u016fsob distribuce vylu\u010duje mo\u017enost kontroly, zda ji\u017e nebyl nainstalov\u00e1n.<\/li>\n\n\n\n<li>Za objednan\u00e9 zbo\u017e\u00ed m\u016f\u017eete zaplatit:\n<ul class=\"wp-block-list\">\n<li>platebn\u00ed syst\u00e9m dotpay.pl<\/li>\n\n\n\n<li>bankovn\u00edm p\u0159evodem;<\/li>\n\n\n\n<li>dob\u00edrka<\/li>\n<\/ul>\n<\/li>\n\n\n\n<li>N\u00e1kup s hodnotou vy\u0161\u0161\u00ed ne\u017e resp: PLN zas\u00edl\u00e1me na vlastn\u00ed n\u00e1klady prost\u0159ednictv\u00edm Polsk\u00e9 po\u0161ty (oby\u010dejn\u00e1 po\u0161ta), Polsk\u00e9 po\u0161ty (prioritn\u00ed po\u0161ta), kur\u00fdrn\u00ed spole\u010dnosti.<\/li>\n\n\n\n<li>O n\u00e1kladech na dopravu je kupuj\u00edc\u00ed informov\u00e1n ve f\u00e1zi objedn\u00e1vky.<\/li>\n\n\n\n<li>Vyhrazujeme si pr\u00e1vo zm\u011bnit p\u0159epravce z Polsk\u00e9 po\u0161ty na kur\u00fdrn\u00ed spole\u010dnost (kupuj\u00edc\u00ed hrad\u00ed pouze standardn\u00ed n\u00e1klady na doru\u010den\u00ed).<\/li>\n\n\n\n<li>Zbo\u017e\u00ed by m\u011blo b\u00fdt zkontrolov\u00e1no za p\u0159\u00edtomnosti kur\u00fdra nebo zam\u011bstnance spole\u010dnosti Poczta Polska &#8211; v p\u0159\u00edpad\u011b nesrovnalost\u00ed by m\u011bl b\u00fdt seps\u00e1n protokol o po\u0161kozen\u00ed a zbo\u017e\u00ed by nem\u011blo b\u00fdt p\u0159ijato.<\/li>\n\n\n\n<li><br\/>Kupuj\u00edc\u00ed, kter\u00fd zvolil zp\u016fsob platby na dob\u00edrku a odm\u00edtne si zakoupen\u00e9 zbo\u017e\u00ed p\u0159i dod\u00e1n\u00ed vyzvednout, je povinen uhradit n\u00e1klady na dopravu od kupuj\u00edc\u00edho k prod\u00e1vaj\u00edc\u00edmu, jako\u017e i dodate\u010dn\u00e9 n\u00e1klady, kter\u00e9 byly prod\u00e1vaj\u00edc\u00edmu \u00fa\u010dtov\u00e1ny v souvislosti s nevyzvednut\u00edm zbo\u017e\u00ed.<\/li>\n<\/ul>\n\n<h2 class=\"wp-block-heading has-text-align-center\" id=\"h-gwarancja\"><strong>Z\u00e1ruka<\/strong><\/h2>\n\n<ul class=\"wp-block-list spaced-list\">\n<li>Na zbo\u017e\u00ed zakoupen\u00e9 u prod\u00e1vaj\u00edc\u00edho se vztahuje <strong>12m\u011bs\u00ed\u010dn\u00ed z\u00e1ruka<\/strong>.<\/li>\n\n\n\n<li>B\u011bhem t\u00e9to doby m\u00e1 kupuj\u00edc\u00ed pr\u00e1vo p\u00edsemn\u011b, e-mailem nebo telefonicky nahl\u00e1sit z\u00e1vadu v softwaru zakoupen\u00e9ho zbo\u017e\u00ed, kterou (pokud nebyla zp\u016fsobena kupuj\u00edc\u00edm, ale je d\u016fsledkem uznan\u00e9 z\u00e1vady) se prod\u00e1vaj\u00edc\u00ed zavazuje odstranit nejpozd\u011bji do 30 dn\u016f.<\/li>\n\n\n\n<li>Na zbo\u017e\u00ed, kter\u00e9 bylo kupuj\u00edc\u00edm opraveno nebo upraveno nebo na kter\u00e9m do\u0161lo k jin\u00e9mu po\u0161kozen\u00ed zp\u016fsoben\u00e9mu kupuj\u00edc\u00edm, se z\u00e1ruka nevztahuje.<\/li>\n\n\n\n<li>V p\u0159\u00edpad\u011b neopr\u00e1vn\u011bn\u00e9ho z\u00e1ru\u010dn\u00edho \u0159\u00edzen\u00ed nese n\u00e1klady na n\u011bj kupuj\u00edc\u00ed.<\/li>\n\n\n\n<li><br\/>Pro z\u00e1ru\u010dn\u00ed a poz\u00e1ru\u010dn\u00ed \u0159\u00edzen\u00ed je nutn\u00e9 pou\u017e\u00edt \u00fa\u010dtenku, fakturu nebo jin\u00fd rovnocenn\u00fd doklad o koupi zbo\u017e\u00ed, proto je p\u0159ijateln\u00e1 p\u00edsemn\u00e1 forma ozn\u00e1men\u00ed p\u0159\u00edpadn\u00fdch vad a nedostatk\u016f.<\/li>\n\n\n\n<li>Prod\u00e1vaj\u00edc\u00ed se zavazuje \u0159e\u0161it p\u00edsemn\u011b nahl\u00e1\u0161en\u00e9 z\u00e1vady a nedostatky v z\u00e1ru\u010dn\u00edm a poz\u00e1ru\u010dn\u00edm \u0159\u00edzen\u00ed nejpozd\u011bji do 7 dn\u016f.<\/li>\n<\/ul>\n\n<h2 class=\"wp-block-heading has-text-align-center\"><strong>St\u00ed\u017enosti<\/strong><\/h2>\n\n<ul class=\"wp-block-list spaced-list\">\n<li>Prodejce na sv\u00fdch webov\u00fdch str\u00e1nk\u00e1ch uv\u00e1d\u00ed e-mailovou adresu pro zas\u00edl\u00e1n\u00ed dotaz\u016f a st\u00ed\u017enost\u00ed. Prodejce m\u016f\u017ee rovn\u011b\u017e poskytnout formul\u00e1\u0159 pro hl\u00e1\u0161en\u00ed poruch softwaru.<\/li>\n\n\n\n<li><br\/>St\u00ed\u017enosti budou posouzeny ihned, nejpozd\u011bji v\u0161ak do 14 pracovn\u00edch dn\u016f od jejich obdr\u017een\u00ed prod\u00e1vaj\u00edc\u00edm, ve slo\u017eit\u00fdch p\u0159\u00edpadech nejpozd\u011bji do 30 kalend\u00e1\u0159n\u00edch dn\u016f. <br\/>Odpov\u011b\u010f prod\u00e1vaj\u00edc\u00edho na reklamaci mus\u00ed obsahovat \u00fadaj o tom, zda prod\u00e1vaj\u00edc\u00ed reklamaci uzn\u00e1v\u00e1 a jak ji hodl\u00e1 vy\u0159\u00eddit, nebo informaci o tom, \u017ee pro uzn\u00e1n\u00ed reklamace nejsou d\u016fvody, a d\u016fvody sv\u00e9ho stanoviska.<\/li>\n<\/ul>\n\n<ul class=\"wp-block-list spaced-list\">\n<li>Ve v\u011bcech, kter\u00e9 nejsou upraveny, se pou\u017eij\u00ed ustanoven\u00ed obecn\u011b platn\u00e9ho pr\u00e1va v Polsku, zejm\u00e9na s ohledem na ustanoven\u00ed ob\u010dansk\u00e9ho z\u00e1kon\u00edku.<\/li>\n\n\n\n<li>P\u0159\u00edslu\u0161n\u00fdm soudem pro \u0159e\u0161en\u00ed spor\u016f je soud, kter\u00fd je p\u0159\u00edslu\u0161n\u00fd podle pr\u00e1va Polsk\u00e9 republiky.<\/li>\n<\/ul>\n\n<p><a href=\"https:\/\/ksiegowosc24.pl\/sklep\/\">P\u0159ejd\u011bte do na\u0161eho obchodu<\/a><\/p>\n\n<figure class=\"wp-block-image aligncenter\"><img decoding=\"async\" src=\"https:\/\/www.rafsoft.net\/strona\/upload\/gwarancja_znak2.gif\" alt=\"z&#xE1;ruka\"\/><\/figure>\n\n<p>\u00a0<\/p>\n","protected":false},"excerpt":{"rendered":"<p>Z\u00e1ruka St\u00ed\u017enosti P\u0159ejd\u011bte do na\u0161eho obchodu \u00a0<\/p>\n","protected":false},"author":1,"featured_media":0,"parent":258591,"menu_order":0,"comment_status":"closed","ping_status":"open","template":"","meta":{"_acf_changed":false,"footnotes":""},"class_list":["post-258597","page","type-page","status-publish","hentry"],"blocksy_meta":[],"acf":[],"yoast_head":"<!-- This site is optimized with the Yoast SEO Premium plugin v27.4 (Yoast SEO v27.4) - https:\/\/yoast.com\/product\/yoast-seo-premium-wordpress\/ -->\n<title>Obchodn\u00ed podm\u00ednky | ksiegowosc24<\/title>\n<meta name=\"description\" content=\"P\u0159edpisy, kter\u00e9 p\u0159edstavuj\u00ed informace o tom, jak zakoupit aplikaci pro fakturaci DPH Faktura 2014 pro mal\u00e9 a st\u0159edn\u00ed podniky.\" \/>\n<meta name=\"robots\" content=\"index, follow, max-snippet:-1, max-image-preview:large, max-video-preview:-1\" \/>\n<link rel=\"canonical\" href=\"https:\/\/ksiegowosc24.pl\/cs\/obchod\/predpisy\/\" \/>\n<meta property=\"og:locale\" content=\"cs_CZ\" \/>\n<meta property=\"og:type\" content=\"article\" \/>\n<meta property=\"og:title\" content=\"Obchodn\u00ed podm\u00ednky | ksiegowosc24\" \/>\n<meta property=\"og:description\" content=\"P\u0159edpisy, kter\u00e9 p\u0159edstavuj\u00ed informace o tom, jak zakoupit aplikaci pro fakturaci DPH Faktura 2014 pro mal\u00e9 a st\u0159edn\u00ed podniky.\" \/>\n<meta property=\"og:url\" content=\"https:\/\/ksiegowosc24.pl\/cs\/wp-json\/wp\/v2\/pages\/258597\/\" \/>\n<meta property=\"og:site_name\" content=\"Ksiegowosc24.pl\" \/>\n<meta property=\"article:publisher\" content=\"http:\/\/www.facebook.com\/pages\/rafsoftnet\/116798445016643\" \/>\n<meta property=\"article:modified_time\" content=\"2025-02-10T04:10:56+00:00\" \/>\n<meta property=\"og:image\" content=\"https:\/\/ksiegowosc24.pl\/wp-content\/uploads\/2026\/03\/Program-Faktura-VAT-e1690689179406.webp\" \/><meta property=\"og:image\" content=\"https:\/\/www.rafsoft.net\/strona\/upload\/gwarancja_znak2.gif\" \/>\n<meta name=\"twitter:card\" content=\"summary_large_image\" \/>\n<meta name=\"twitter:label1\" content=\"Odhadovan\u00e1 doba \u010dten\u00ed\" \/>\n\t<meta name=\"twitter:data1\" content=\"6 minut\" \/>\n<script type=\"application\/ld+json\" class=\"yoast-schema-graph\">{\"@context\":\"https:\\\/\\\/schema.org\",\"@graph\":[{\"@type\":\"WebPage\",\"@id\":\"https:\\\/\\\/ksiegowosc24.pl\\\/cs\\\/obchod\\\/predpisy\\\/\",\"url\":\"https:\\\/\\\/ksiegowosc24.pl\\\/cs\\\/obchod\\\/predpisy\\\/\",\"name\":\"Obchodn\u00ed podm\u00ednky | ksiegowosc24\",\"isPartOf\":{\"@id\":\"https:\\\/\\\/ksiegowosc24.pl\\\/cs\\\/#website\"},\"primaryImageOfPage\":{\"@id\":\"https:\\\/\\\/ksiegowosc24.pl\\\/cs\\\/obchod\\\/predpisy\\\/#primaryimage\"},\"image\":{\"@id\":\"https:\\\/\\\/ksiegowosc24.pl\\\/cs\\\/obchod\\\/predpisy\\\/#primaryimage\"},\"thumbnailUrl\":\"https:\\\/\\\/www.rafsoft.net\\\/strona\\\/upload\\\/gwarancja_znak2.gif\",\"datePublished\":\"2014-01-06T11:50:53+00:00\",\"dateModified\":\"2025-02-10T04:10:56+00:00\",\"description\":\"P\u0159edpisy, kter\u00e9 p\u0159edstavuj\u00ed informace o tom, jak zakoupit aplikaci pro fakturaci DPH Faktura 2014 pro mal\u00e9 a st\u0159edn\u00ed podniky.\",\"breadcrumb\":{\"@id\":\"https:\\\/\\\/ksiegowosc24.pl\\\/cs\\\/obchod\\\/predpisy\\\/#breadcrumb\"},\"inLanguage\":\"cs\",\"potentialAction\":[{\"@type\":\"ReadAction\",\"target\":[\"https:\\\/\\\/ksiegowosc24.pl\\\/cs\\\/obchod\\\/predpisy\\\/\"]}]},{\"@type\":\"ImageObject\",\"inLanguage\":\"cs\",\"@id\":\"https:\\\/\\\/ksiegowosc24.pl\\\/cs\\\/obchod\\\/predpisy\\\/#primaryimage\",\"url\":\"https:\\\/\\\/www.rafsoft.net\\\/strona\\\/upload\\\/gwarancja_znak2.gif\",\"contentUrl\":\"https:\\\/\\\/www.rafsoft.net\\\/strona\\\/upload\\\/gwarancja_znak2.gif\"},{\"@type\":\"BreadcrumbList\",\"@id\":\"https:\\\/\\\/ksiegowosc24.pl\\\/cs\\\/obchod\\\/predpisy\\\/#breadcrumb\",\"itemListElement\":[{\"@type\":\"ListItem\",\"position\":1,\"name\":\"DOMOVSK\u00c1 STR\u00c1NKA\",\"item\":\"https:\\\/\\\/ksiegowosc24.pl\\\/cs\\\/\"},{\"@type\":\"ListItem\",\"position\":2,\"name\":\"Obchod\",\"item\":\"https:\\\/\\\/ksiegowosc24.pl\\\/cs\\\/obchod\\\/\"},{\"@type\":\"ListItem\",\"position\":3,\"name\":\"P\u0159edpisy\"}]},{\"@type\":\"WebSite\",\"@id\":\"https:\\\/\\\/ksiegowosc24.pl\\\/cs\\\/#website\",\"url\":\"https:\\\/\\\/ksiegowosc24.pl\\\/cs\\\/\",\"name\":\"Ksiegowosc24.pl\",\"description\":\"Prosty program do faktur\",\"publisher\":{\"@id\":\"https:\\\/\\\/ksiegowosc24.pl\\\/cs\\\/#organization\"},\"potentialAction\":[{\"@type\":\"SearchAction\",\"target\":{\"@type\":\"EntryPoint\",\"urlTemplate\":\"https:\\\/\\\/ksiegowosc24.pl\\\/cs\\\/?s={search_term_string}\"},\"query-input\":{\"@type\":\"PropertyValueSpecification\",\"valueRequired\":true,\"valueName\":\"search_term_string\"}}],\"inLanguage\":\"cs\"},{\"@type\":\"Organization\",\"@id\":\"https:\\\/\\\/ksiegowosc24.pl\\\/cs\\\/#organization\",\"name\":\"Ksiegowosc24.pl\",\"url\":\"https:\\\/\\\/ksiegowosc24.pl\\\/cs\\\/\",\"logo\":{\"@type\":\"ImageObject\",\"inLanguage\":\"cs\",\"@id\":\"https:\\\/\\\/ksiegowosc24.pl\\\/cs\\\/#\\\/schema\\\/logo\\\/image\\\/\",\"url\":\"https:\\\/\\\/ksiegowosc24.pl\\\/wp-content\\\/uploads\\\/2023\\\/05\\\/1bold-black.png\",\"contentUrl\":\"https:\\\/\\\/ksiegowosc24.pl\\\/wp-content\\\/uploads\\\/2023\\\/05\\\/1bold-black.png\",\"width\":300,\"height\":60,\"caption\":\"Ksiegowosc24.pl\"},\"image\":{\"@id\":\"https:\\\/\\\/ksiegowosc24.pl\\\/cs\\\/#\\\/schema\\\/logo\\\/image\\\/\"},\"sameAs\":[\"http:\\\/\\\/www.facebook.com\\\/pages\\\/rafsoftnet\\\/116798445016643\",\"http:\\\/\\\/www.youtube.com\\\/user\\\/rafsoftNET?sub_confirmation=1\"],\"description\":\"Nowoczesny i prosty program do fakturowania\",\"email\":\"biuro@rafsoft.net\",\"legalName\":\"RAFSOFT.NET Sp. z.o.o.\",\"foundingDate\":\"2002-07-20\",\"numberOfEmployees\":{\"@type\":\"QuantitativeValue\",\"minValue\":\"1\",\"maxValue\":\"10\"}}]}<\/script>\n<!-- \/ Yoast SEO Premium plugin. -->","yoast_head_json":{"title":"Obchodn\u00ed podm\u00ednky | ksiegowosc24","description":"P\u0159edpisy, kter\u00e9 p\u0159edstavuj\u00ed informace o tom, jak zakoupit aplikaci pro fakturaci DPH Faktura 2014 pro mal\u00e9 a st\u0159edn\u00ed podniky.","robots":{"index":"index","follow":"follow","max-snippet":"max-snippet:-1","max-image-preview":"max-image-preview:large","max-video-preview":"max-video-preview:-1"},"canonical":"https:\/\/ksiegowosc24.pl\/cs\/obchod\/predpisy\/","og_locale":"cs_CZ","og_type":"article","og_title":"Obchodn\u00ed podm\u00ednky | ksiegowosc24","og_description":"P\u0159edpisy, kter\u00e9 p\u0159edstavuj\u00ed informace o tom, jak zakoupit aplikaci pro fakturaci DPH Faktura 2014 pro mal\u00e9 a st\u0159edn\u00ed podniky.","og_url":"https:\/\/ksiegowosc24.pl\/cs\/wp-json\/wp\/v2\/pages\/258597\/","og_site_name":"Ksiegowosc24.pl","article_publisher":"http:\/\/www.facebook.com\/pages\/rafsoftnet\/116798445016643","article_modified_time":"2025-02-10T04:10:56+00:00","og_image":[{"url":"https:\/\/ksiegowosc24.pl\/wp-content\/uploads\/2026\/03\/Program-Faktura-VAT-e1690689179406.webp","type":"","width":"","height":""},{"url":"https:\/\/www.rafsoft.net\/strona\/upload\/gwarancja_znak2.gif","type":"","width":"","height":""}],"twitter_card":"summary_large_image","twitter_misc":{"Odhadovan\u00e1 doba \u010dten\u00ed":"6 minut"},"schema":{"@context":"https:\/\/schema.org","@graph":[{"@type":"WebPage","@id":"https:\/\/ksiegowosc24.pl\/cs\/obchod\/predpisy\/","url":"https:\/\/ksiegowosc24.pl\/cs\/obchod\/predpisy\/","name":"Obchodn\u00ed podm\u00ednky | ksiegowosc24","isPartOf":{"@id":"https:\/\/ksiegowosc24.pl\/cs\/#website"},"primaryImageOfPage":{"@id":"https:\/\/ksiegowosc24.pl\/cs\/obchod\/predpisy\/#primaryimage"},"image":{"@id":"https:\/\/ksiegowosc24.pl\/cs\/obchod\/predpisy\/#primaryimage"},"thumbnailUrl":"https:\/\/www.rafsoft.net\/strona\/upload\/gwarancja_znak2.gif","datePublished":"2014-01-06T11:50:53+00:00","dateModified":"2025-02-10T04:10:56+00:00","description":"P\u0159edpisy, kter\u00e9 p\u0159edstavuj\u00ed informace o tom, jak zakoupit aplikaci pro fakturaci DPH Faktura 2014 pro mal\u00e9 a st\u0159edn\u00ed podniky.","breadcrumb":{"@id":"https:\/\/ksiegowosc24.pl\/cs\/obchod\/predpisy\/#breadcrumb"},"inLanguage":"cs","potentialAction":[{"@type":"ReadAction","target":["https:\/\/ksiegowosc24.pl\/cs\/obchod\/predpisy\/"]}]},{"@type":"ImageObject","inLanguage":"cs","@id":"https:\/\/ksiegowosc24.pl\/cs\/obchod\/predpisy\/#primaryimage","url":"https:\/\/www.rafsoft.net\/strona\/upload\/gwarancja_znak2.gif","contentUrl":"https:\/\/www.rafsoft.net\/strona\/upload\/gwarancja_znak2.gif"},{"@type":"BreadcrumbList","@id":"https:\/\/ksiegowosc24.pl\/cs\/obchod\/predpisy\/#breadcrumb","itemListElement":[{"@type":"ListItem","position":1,"name":"DOMOVSK\u00c1 STR\u00c1NKA","item":"https:\/\/ksiegowosc24.pl\/cs\/"},{"@type":"ListItem","position":2,"name":"Obchod","item":"https:\/\/ksiegowosc24.pl\/cs\/obchod\/"},{"@type":"ListItem","position":3,"name":"P\u0159edpisy"}]},{"@type":"WebSite","@id":"https:\/\/ksiegowosc24.pl\/cs\/#website","url":"https:\/\/ksiegowosc24.pl\/cs\/","name":"Ksiegowosc24.pl","description":"Prosty program do faktur","publisher":{"@id":"https:\/\/ksiegowosc24.pl\/cs\/#organization"},"potentialAction":[{"@type":"SearchAction","target":{"@type":"EntryPoint","urlTemplate":"https:\/\/ksiegowosc24.pl\/cs\/?s={search_term_string}"},"query-input":{"@type":"PropertyValueSpecification","valueRequired":true,"valueName":"search_term_string"}}],"inLanguage":"cs"},{"@type":"Organization","@id":"https:\/\/ksiegowosc24.pl\/cs\/#organization","name":"Ksiegowosc24.pl","url":"https:\/\/ksiegowosc24.pl\/cs\/","logo":{"@type":"ImageObject","inLanguage":"cs","@id":"https:\/\/ksiegowosc24.pl\/cs\/#\/schema\/logo\/image\/","url":"https:\/\/ksiegowosc24.pl\/wp-content\/uploads\/2023\/05\/1bold-black.png","contentUrl":"https:\/\/ksiegowosc24.pl\/wp-content\/uploads\/2023\/05\/1bold-black.png","width":300,"height":60,"caption":"Ksiegowosc24.pl"},"image":{"@id":"https:\/\/ksiegowosc24.pl\/cs\/#\/schema\/logo\/image\/"},"sameAs":["http:\/\/www.facebook.com\/pages\/rafsoftnet\/116798445016643","http:\/\/www.youtube.com\/user\/rafsoftNET?sub_confirmation=1"],"description":"Nowoczesny i prosty program do fakturowania","email":"biuro@rafsoft.net","legalName":"RAFSOFT.NET Sp. z.o.o.","foundingDate":"2002-07-20","numberOfEmployees":{"@type":"QuantitativeValue","minValue":"1","maxValue":"10"}}]}},"_links":{"self":[{"href":"https:\/\/ksiegowosc24.pl\/cs\/wp-json\/wp\/v2\/pages\/258597","targetHints":{"allow":["GET"]}}],"collection":[{"href":"https:\/\/ksiegowosc24.pl\/cs\/wp-json\/wp\/v2\/pages"}],"about":[{"href":"https:\/\/ksiegowosc24.pl\/cs\/wp-json\/wp\/v2\/types\/page"}],"author":[{"embeddable":true,"href":"https:\/\/ksiegowosc24.pl\/cs\/wp-json\/wp\/v2\/users\/1"}],"replies":[{"embeddable":true,"href":"https:\/\/ksiegowosc24.pl\/cs\/wp-json\/wp\/v2\/comments?post=258597"}],"version-history":[{"count":1,"href":"https:\/\/ksiegowosc24.pl\/cs\/wp-json\/wp\/v2\/pages\/258597\/revisions"}],"predecessor-version":[{"id":258598,"href":"https:\/\/ksiegowosc24.pl\/cs\/wp-json\/wp\/v2\/pages\/258597\/revisions\/258598"}],"up":[{"embeddable":true,"href":"https:\/\/ksiegowosc24.pl\/cs\/wp-json\/wp\/v2\/pages\/258591"}],"wp:attachment":[{"href":"https:\/\/ksiegowosc24.pl\/cs\/wp-json\/wp\/v2\/media?parent=258597"}],"curies":[{"name":"wp","href":"https:\/\/api.w.org\/{rel}","templated":true}]}}