{"id":258613,"date":"2023-06-25T14:16:47","date_gmt":"2023-06-25T14:16:47","guid":{"rendered":"https:\/\/ksiegowosc24.pl\/obchod\/zpusoby-prodeje-a-platby\/"},"modified":"2025-02-10T06:32:29","modified_gmt":"2025-02-10T06:32:29","slug":"zpusoby-prodeje-a-platby","status":"publish","type":"page","link":"https:\/\/ksiegowosc24.pl\/cs\/obchod\/zpusoby-prodeje-a-platby\/","title":{"rendered":"Zp\u016fsoby prodeje a platby"},"content":{"rendered":"\n<h2 class=\"wp-block-heading has-text-align-center\" id=\"h-sposoby-sprzedazy-i-platnosci-oraz-warunki-licencji\">Zp\u016fsoby prodeje a platby a licen\u010dn\u00ed podm\u00ednky<\/h2>\n\n<p>Zad\u00e1v\u00e1n\u00ed objedn\u00e1vek je mo\u017en\u00e9:<\/p>\n\n<ul class=\"wp-block-list\">\n<li>objedn\u00e1vkov\u00fd formul\u00e1\u0159 v internetov\u00e9m obchod\u011b <a href=\"https:\/\/ksiegowosc24.pl\/sklep\/\">sklep.ksiegowosc24.pl<\/a><\/li>\n<\/ul>\n\n<p>\u00dadaje pot\u0159ebn\u00e9 pro zad\u00e1n\u00ed objedn\u00e1vky jsou:<\/p>\n\n<ul class=\"wp-block-list\">\n<li>n\u00e1zev\/jm\u00e9no spole\u010dnosti<\/li>\n\n\n\n<li>adresa<\/li>\n\n\n\n<li>DI\u010c (v p\u0159\u00edpad\u011b spole\u010dnost\u00ed)<\/li>\n\n\n\n<li>kontaktn\u00ed telefon<\/li>\n\n\n\n<li>e-mailov\u00e1 adresa<\/li>\n<\/ul>\n\n<p><a href=\"https:\/\/ksiegowosc24.pl\/sklep\/\">P\u0159ejd\u011bte do na\u0161eho obchodu<\/a><\/p>\n\n<h3 class=\"wp-block-heading\" id=\"h-sposoby-sprzedazy-licencji\"><a href=\"https:\/\/ksiegowosc24.pl\/cs\/obchod\/zpusoby-prodeje-a-platby\/\"><strong>Zp\u016fsoby prodeje licenc\u00ed<\/strong><\/a><\/h3>\n\n<p><strong>Samotn\u00e1 licence &#8211; <\/strong>Nejlevn\u011bj\u0161\u00edm a z\u00e1rove\u0148 nejrychlej\u0161\u00edm \u0159e\u0161en\u00edm je sta\u017een\u00ed programu (demoverze) pro DPH faktury z na\u0161ich webov\u00fdch str\u00e1nek a n\u00e1sledn\u00e9 zakoupen\u00ed samotn\u00e9 licence (registra\u010dn\u00ed k\u00f3d + licence) v na\u0161em <a href=\"https:\/\/ksiegowosc24.pl\/sklep\/\">obchod\u011b<\/a>.<\/p>\n\n<p>Po zakoupen\u00ed obdr\u017e\u00edte p\u0159\u00edm\u00fd odkaz ke sta\u017een\u00ed pln\u00e9 verze aplikace a registra\u010dn\u00ed k\u00f3d. <strong>Dod\u00e1n\u00ed 24 hodin po dobu 7 dn\u016f<\/strong>. Platbu vy\u0159izuje automatick\u00fd syst\u00e9m, kter\u00fd v\u00e1m k\u00f3d za\u0161le na va\u0161i e-mailovou adresu. <\/p>\n\n<p><strong>Verze BOX s CD<\/strong> je verze pro ty, kte\u0159\u00ed cht\u011bj\u00ed m\u00edt program na CD, kter\u00e9 obsahuje tak\u00e9 licence. Verze s CD je odesl\u00e1na do <strong>1-3 pracovn\u00edch dn\u016f<\/strong>. <\/p>\n\n<h3 class=\"wp-block-heading\" id=\"h-ktora-wersja-jest-dla-mnie\"><strong>Kter\u00e1 verze je pro m\u011b?<\/strong><\/h3>\n\n<p>Program je nab\u00edzen ve 3 verz\u00edch START, STANDARD a PRO. <a href=\"https:\/\/ksiegowosc24.pl\/porownanie-wersji\/\">Pod\u00edvejte se na srovn\u00e1n\u00ed verz\u00ed programu.<\/a><\/p>\n\n<h3 class=\"wp-block-heading\" id=\"h-na-ilu-komputerach-moge-zainstalowac-program\"><strong>Na kolik po\u010d\u00edta\u010d\u016f mohu program nainstalovat?<\/strong><\/h3>\n\n<h3 class=\"wp-block-heading\" id=\"h-liczba-stanowisk-okresla-liczbe-stanowisk-pracy-na-ktorych-bedzie-uruchomiona-aplikacja-licencje-mozna-przenosic-na-dowolny-komputer-stanowisko-pracy-nie-jest-ona-bowiem-przypisana-do-danego-komputera-a-do-naszego-numeru-nip-liczbe-stanowisk-komputerowych-na-ktorych-mozna-zainstalowac-program-okreslamy-w-kroku-drugim-krok-2-z-3-w-naszym-formularzu-zamowienia-na-jaki-okres-wystawiana-jest-licencja-na-program-licencja-wystawiana-jest-na-okres-1-go-roku-w-tym-czasie-bezplatne-aktualizacje-i-pomoc-techniczna-po-tym-okresie-aby-nadal-korzystac-z-programu-nalezy-odnowic-licencje-poprzez-wykupienie-aktualizacji-uaktualnienia-na-kolejny-rok\">Po\u010det pracovn\u00edch stanic ur\u010duje po\u010det pracovn\u00edch stanic, na kter\u00fdch bude aplikace spu\u0161t\u011bna. Licence lze p\u0159en\u00e9st na libovoln\u00fd po\u010d\u00edta\u010d (pracovn\u00ed stanici), proto\u017ee nejsou p\u0159i\u0159azeny ke konkr\u00e9tn\u00edmu po\u010d\u00edta\u010di, ale k na\u0161emu DI\u010c. Po\u010det pracovn\u00edch stanic, na kter\u00fdch m\u016f\u017ee b\u00fdt aplikace nainstalov\u00e1na, je uveden ve druh\u00e9m kroku (krok 2 ze 3) na\u0161eho <a href=\"https:\/\/ksiegowosc24.pl\/sklep\/\">objedn\u00e1vkov\u00e9ho formul\u00e1\u0159e<\/a>.  <br\/><br\/><strong>Na jak\u00e9 obdob\u00ed je licence programu vyd\u00e1na?<\/strong><br\/>Licence se vyd\u00e1v\u00e1 na dobu 1 roku. B\u011bhem tohoto obdob\u00ed jsou poskytov\u00e1ny bezplatn\u00e9 aktualizace a <a href=\"https:\/\/ksiegowosc24.pl\/cs\/napoveda\/kontakt\/\">technick\u00e1 podpora<\/a>. Po uplynut\u00ed tohoto obdob\u00ed je pro dal\u0161\u00ed pou\u017e\u00edv\u00e1n\u00ed programu nutn\u00e9 licence obnovit zakoupen\u00edm aktualizace\/aktualizace na dal\u0161\u00ed rok.  <\/h3>\n\n<h3 class=\"wp-block-heading\" id=\"h-gwarancja\"><strong>Z\u00e1ruka<\/strong><\/h3>\n\n<figure class=\"wp-block-image aligncenter size-full\"><img loading=\"lazy\" loading=\"lazy\" decoding=\"async\" width=\"140\" height=\"140\" src=\"https:\/\/ksiegowosc24.pl\/wp-content\/uploads\/2023\/06\/gwarancja_znak2.gif\" alt=\"\" class=\"wp-image-70988\" title=\"Faktura VAT - Faktura&#x10D;n&#xED; program - 100% z&#xE1;ruka spokojenosti\" srcset=\"https:\/\/ksiegowosc24.pl\/wp-content\/uploads\/2023\/06\/gwarancja_znak2.gif 140w, https:\/\/ksiegowosc24.pl\/wp-content\/uploads\/2023\/06\/gwarancja_znak2-100x100.gif 100w\" sizes=\"auto, (max-width: 140px) 100vw, 140px\" \/><\/figure>\n\n<p>Spole\u010dnost nab\u00edz\u00ed reklama\u010dn\u00ed lh\u016ftu 30 dn\u00ed, kter\u00e1 plat\u00ed pro jak\u00fdkoli typ objedn\u00e1vky. Pokud z\u00e1kazn\u00edk nen\u00ed spokojen, je mo\u017en\u00e9 mu vr\u00e1tit celou vynalo\u017eenou \u010d\u00e1stku. <\/p>\n\n<h3 class=\"wp-block-heading\" id=\"h-formy-platnosci-akceptowane-przez-firme\"><strong>Formy platby p\u0159ij\u00edman\u00e9 spole\u010dnost\u00ed:<\/strong><\/h3>\n\n<ul class=\"wp-block-list\">\n<li><strong>dob\u00edrka<\/strong> &#8211; platba p\u0159i doru\u010den\u00ed po\u0161\u0165\u00e1kovi nebo na po\u0161t\u011b (Poczta Polska) nebo kur\u00fdrovi (DPD).<\/li>\n\n\n\n<li><strong>jednoduch\u00fdm p\u0159evodem<\/strong><\/li>\n\n\n\n<li><strong>on-line p\u0159evod v dotpay.pl<\/strong> &#8211; Bank BPH, Nordea, PKO, citi handlowy, Multi Transfer, MTransfer, Inteligo, Bank Zachodni WBK, Pekao24, Raiffeisen BANK, Kredyt Bank, Millenium Bank, Lukas Bank, Invest Bank, ING, Deutsche Bank, IdeaBank<\/li>\n\n\n\n<li><strong>platebn\u00ed kartou<\/strong> na dotpay.co.uk Visa\/Visa Electron a MasterCard\/MasterCard Electronic, Maestro<\/li>\n<\/ul>\n\n<p>Provozovatelem online platebn\u00edho syst\u00e9mu je spole\u010dnost DOTPAY S.A. &#8211; N\u00e1rodn\u00ed platebn\u00ed instituce, kter\u00e1 podl\u00e9h\u00e1 dohledu polsk\u00e9ho \u00da\u0159adu pro finan\u010dn\u00ed dohled.<\/p>\n\n<figure class=\"wp-block-image aligncenter size-full\"><img loading=\"lazy\" loading=\"lazy\" decoding=\"async\" width=\"600\" height=\"150\" src=\"https:\/\/ksiegowosc24.pl\/wp-content\/uploads\/2023\/06\/logotypy_kanalow.png\" alt=\"\" class=\"wp-image-70990\" title=\"ksiegowosc24 - platebn&#xED; metody pro program faktur DPH\" srcset=\"https:\/\/ksiegowosc24.pl\/wp-content\/uploads\/2023\/06\/logotypy_kanalow.png 600w, https:\/\/ksiegowosc24.pl\/wp-content\/uploads\/2023\/06\/logotypy_kanalow-400x100.png 400w, https:\/\/ksiegowosc24.pl\/wp-content\/uploads\/2023\/06\/logotypy_kanalow-300x75.png 300w\" sizes=\"auto, (max-width: 600px) 100vw, 600px\" \/><\/figure>\n\n<p>Na Dotpay lze prov\u00e1d\u011bt transakce n\u00e1sleduj\u00edc\u00edmi platebn\u00edmi kartami:<\/p>\n\n<ul class=\"wp-block-list\">\n<li>VISA<\/li>\n\n\n\n<li>MasterCard<\/li>\n\n\n\n<li>Diners Club International<\/li>\n\n\n\n<li>JCB<\/li>\n\n\n\n<li>American Express<\/li>\n\n\n\n<li>Maestro<\/li>\n\n\n\n<li>Visa Electron<\/li>\n<\/ul>\n\n<p>P\u0159evody a elektronick\u00e9 p\u0159evody<\/p>\n\n<p>Slu\u017eba spo\u010d\u00edv\u00e1 v pln\u00e9 integraci n\u00e1kupu v internetov\u00e9m obchod\u011b s bankovn\u00edm \u00fa\u010dtem. P\u0159i dokon\u010dov\u00e1n\u00ed n\u00e1kupu se automaticky vypln\u00ed v\u0161echny \u00fadaje o p\u0159evodu. D\u00edky tomu nemus\u00ed kupuj\u00edc\u00ed ru\u010dn\u011b zad\u00e1vat \u010d\u00e1stku ani \u010d\u00edslo objedn\u00e1vky, \u010d\u00edslo \u00fa\u010dtu, n\u00e1zev obchodu nebo jin\u00e9 \u00fadaje nezbytn\u00e9 pro spr\u00e1vn\u00e9 proveden\u00ed platby.  <\/p>\n\n<p>Na Dotpay lze prov\u00e1d\u011bt n\u00e1sleduj\u00edc\u00ed platby p\u0159evodem:<\/p>\n\n<ul class=\"wp-block-list\">\n<li>mTransfer<\/li>\n\n\n\n<li>Pla\u0165te pomoc\u00ed Inteligo<\/li>\n\n\n\n<li>P\u0159evod z BPH<\/li>\n\n\n\n<li>Przelew24<\/li>\n\n\n\n<li>MultiTransfer<\/li>\n\n\n\n<li>Pla\u0165te se spole\u010dnost\u00ed Nordea<\/li>\n\n\n\n<li>Pla\u0165te s ING Novinka!<\/li>\n\n\n\n<li>Millennium &#8211; Online platby Novinka!<\/li>\n<\/ul>\n\n<p>V\u00fdhody platby p\u0159evodem:<\/p>\n\n<ul class=\"wp-block-list\">\n<li>rychlost &#8211; p\u0159evod je proveden okam\u017eit\u011b, b\u011bhem \u00fa\u010dtovac\u00edch hodin banky,<\/li>\n\n\n\n<li>\u00faspory &#8211; platby p\u0159evodem jsou pro z\u00e1kazn\u00edka platebn\u00edm kan\u00e1lem bez poplatk\u016f,<\/li>\n\n\n\n<li>jistotu &#8211; transakce jsou pln\u011b zabezpe\u010deny.<\/li>\n<\/ul>\n\n<p>Tak\u00e9 majitel\u00e9 \u00fa\u010dt\u016f:<\/p>\n\n<ul class=\"wp-block-list\">\n<li>iPKO PKO BP S.A.<\/li>\n\n\n\n<li>Pekao24 Pekao S.A.<\/li>\n\n\n\n<li>Millenet Millenium Bank S.A.<\/li>\n\n\n\n<li>KB24 Kredyt Bank S.A.<\/li>\n\n\n\n<li>Sez@m Bank BPH S.A.<\/li>\n\n\n\n<li>Deutsche Bank Deutsche Bank S.A.<\/li>\n\n\n\n<li>ING Online ING Bank \u015al\u0105ski S.A.<\/li>\n\n\n\n<li>CitiBank Citi Bank Handlowy S.A.<\/li>\n\n\n\n<li>BO\u015aBank24 Bank Ochrony \u015arodowiska S.A.<\/li>\n\n\n\n<li>eBG\u017b Bank Gospodarki \u017bywno\u015bciowej S.A.<\/li>\n\n\n\n<li>InvestBank InvestBank S.A.<\/li>\n\n\n\n<li>BNP Paribas Fortis Bank S.A.<\/li>\n\n\n\n<li>VW Bank Direct VW Bank S.A.<\/li>\n\n\n\n<li>Lukas Bank Lukas Bank S.A.<\/li>\n\n\n\n<li>Alior Bank Alior Bank S.A. Novinka!<\/li>\n\n\n\n<li>BS Wschowa BS Wschowa S.A. Novinka!<\/li>\n<\/ul>\n\n<p>a ti, kte\u0159\u00ed plat\u00ed bankovn\u00edm p\u0159evodem z jak\u00e9koli banky, mohou prov\u00e1d\u011bt rychl\u00e9 a bezpe\u010dn\u00e9 online bankovn\u00ed p\u0159evody za online n\u00e1kupy z va\u0161eho obchodu nebo slu\u017eby.<\/p>\n\n<p>Software <strong>RAFSOFT.NET<\/strong> &#8211; faktura\u010dn\u00ed program, program pro fakturaci DPH<\/p>\n\n<p><a href=\"https:\/\/ksiegowosc24.pl\/sklep\/\">P\u0159ejd\u011bte do na\u0161eho obchodu<\/a><\/p>\n","protected":false},"excerpt":{"rendered":"<p>Zp\u016fsoby prodeje a platby a licen\u010dn\u00ed podm\u00ednky Zad\u00e1v\u00e1n\u00ed objedn\u00e1vek je mo\u017en\u00e9: \u00dadaje pot\u0159ebn\u00e9 pro zad\u00e1n\u00ed objedn\u00e1vky jsou: P\u0159ejd\u011bte do na\u0161eho obchodu Zp\u016fsoby prodeje licenc\u00ed Samotn\u00e1 licence &#8211; Nejlevn\u011bj\u0161\u00edm a z\u00e1rove\u0148 nejrychlej\u0161\u00edm \u0159e\u0161en\u00edm je sta\u017een\u00ed programu (demoverze) pro DPH faktury z na\u0161ich webov\u00fdch str\u00e1nek a n\u00e1sledn\u00e9 zakoupen\u00ed samotn\u00e9 licence (registra\u010dn\u00ed k\u00f3d + licence) v na\u0161em obchod\u011b. [&hellip;]<\/p>\n","protected":false},"author":1,"featured_media":0,"parent":258591,"menu_order":0,"comment_status":"closed","ping_status":"closed","template":"","meta":{"_acf_changed":false,"footnotes":""},"class_list":["post-258613","page","type-page","status-publish","hentry"],"blocksy_meta":[],"acf":[],"yoast_head":"<!-- This site is optimized with the Yoast SEO Premium plugin v27.3 (Yoast SEO v27.3) - https:\/\/yoast.com\/product\/yoast-seo-premium-wordpress\/ -->\n<title>Zp\u016fsoby prodeje a platby - Ksiegowosc24.pl<\/title>\n<meta name=\"description\" content=\"Zp\u016fsoby prodeje a platby a licen\u010dn\u00ed podm\u00ednky Zad\u00e1v\u00e1n\u00ed objedn\u00e1vek je mo\u017en\u00e9: objedn\u00e1vkov\u00fd formul\u00e1\u0159 v internetov\u00e9m obchod\u011b sklep.ksiegowosc24.pl \u00dadaje\" \/>\n<meta name=\"robots\" content=\"index, follow, max-snippet:-1, max-image-preview:large, max-video-preview:-1\" \/>\n<link rel=\"canonical\" href=\"https:\/\/ksiegowosc24.pl\/cs\/obchod\/zpusoby-prodeje-a-platby\/\" \/>\n<meta property=\"og:locale\" content=\"cs_CZ\" \/>\n<meta property=\"og:type\" content=\"article\" \/>\n<meta property=\"og:title\" content=\"Zp\u016fsoby prodeje a platby - Ksiegowosc24.pl\" \/>\n<meta property=\"og:description\" content=\"Zp\u016fsoby prodeje a platby a licen\u010dn\u00ed podm\u00ednky Zad\u00e1v\u00e1n\u00ed objedn\u00e1vek je mo\u017en\u00e9: objedn\u00e1vkov\u00fd formul\u00e1\u0159 v internetov\u00e9m obchod\u011b sklep.ksiegowosc24.pl \u00dadaje\" \/>\n<meta property=\"og:url\" content=\"https:\/\/ksiegowosc24.pl\/cs\/wp-json\/wp\/v2\/pages\/258613\/\" \/>\n<meta property=\"og:site_name\" content=\"Ksiegowosc24.pl\" \/>\n<meta property=\"article:publisher\" content=\"http:\/\/www.facebook.com\/pages\/rafsoftnet\/116798445016643\" \/>\n<meta property=\"article:modified_time\" content=\"2025-02-10T06:32:29+00:00\" \/>\n<meta property=\"og:image\" content=\"https:\/\/ksiegowosc24.pl\/wp-content\/uploads\/2026\/03\/Program-Faktura-VAT-e1690689179406.webp\" \/><meta property=\"og:image\" content=\"https:\/\/ksiegowosc24.pl\/wp-content\/uploads\/2023\/06\/gwarancja_znak2.gif\" \/>\n\t<meta property=\"og:image:width\" content=\"140\" \/>\n\t<meta property=\"og:image:height\" content=\"140\" \/>\n\t<meta property=\"og:image:type\" content=\"image\/gif\" \/>\n<meta name=\"twitter:card\" content=\"summary_large_image\" \/>\n<meta name=\"twitter:label1\" content=\"Odhadovan\u00e1 doba \u010dten\u00ed\" \/>\n\t<meta name=\"twitter:data1\" content=\"4 minuty\" \/>\n<script type=\"application\/ld+json\" class=\"yoast-schema-graph\">{\"@context\":\"https:\\\/\\\/schema.org\",\"@graph\":[{\"@type\":\"WebPage\",\"@id\":\"https:\\\/\\\/ksiegowosc24.pl\\\/cs\\\/obchod\\\/zpusoby-prodeje-a-platby\\\/\",\"url\":\"https:\\\/\\\/ksiegowosc24.pl\\\/cs\\\/obchod\\\/zpusoby-prodeje-a-platby\\\/\",\"name\":\"Zp\u016fsoby prodeje a platby - Ksiegowosc24.pl\",\"isPartOf\":{\"@id\":\"https:\\\/\\\/ksiegowosc24.pl\\\/cs\\\/#website\"},\"primaryImageOfPage\":{\"@id\":\"https:\\\/\\\/ksiegowosc24.pl\\\/cs\\\/obchod\\\/zpusoby-prodeje-a-platby\\\/#primaryimage\"},\"image\":{\"@id\":\"https:\\\/\\\/ksiegowosc24.pl\\\/cs\\\/obchod\\\/zpusoby-prodeje-a-platby\\\/#primaryimage\"},\"thumbnailUrl\":\"https:\\\/\\\/ksiegowosc24.pl\\\/wp-content\\\/uploads\\\/2023\\\/06\\\/gwarancja_znak2.gif\",\"datePublished\":\"2023-06-25T14:16:47+00:00\",\"dateModified\":\"2025-02-10T06:32:29+00:00\",\"description\":\"Zp\u016fsoby prodeje a platby a licen\u010dn\u00ed podm\u00ednky Zad\u00e1v\u00e1n\u00ed objedn\u00e1vek je mo\u017en\u00e9: objedn\u00e1vkov\u00fd formul\u00e1\u0159 v internetov\u00e9m obchod\u011b sklep.ksiegowosc24.pl \u00dadaje\",\"breadcrumb\":{\"@id\":\"https:\\\/\\\/ksiegowosc24.pl\\\/cs\\\/obchod\\\/zpusoby-prodeje-a-platby\\\/#breadcrumb\"},\"inLanguage\":\"cs\",\"potentialAction\":[{\"@type\":\"ReadAction\",\"target\":[\"https:\\\/\\\/ksiegowosc24.pl\\\/cs\\\/obchod\\\/zpusoby-prodeje-a-platby\\\/\"]}]},{\"@type\":\"ImageObject\",\"inLanguage\":\"cs\",\"@id\":\"https:\\\/\\\/ksiegowosc24.pl\\\/cs\\\/obchod\\\/zpusoby-prodeje-a-platby\\\/#primaryimage\",\"url\":\"https:\\\/\\\/ksiegowosc24.pl\\\/wp-content\\\/uploads\\\/2023\\\/06\\\/gwarancja_znak2.gif\",\"contentUrl\":\"https:\\\/\\\/ksiegowosc24.pl\\\/wp-content\\\/uploads\\\/2023\\\/06\\\/gwarancja_znak2.gif\"},{\"@type\":\"BreadcrumbList\",\"@id\":\"https:\\\/\\\/ksiegowosc24.pl\\\/cs\\\/obchod\\\/zpusoby-prodeje-a-platby\\\/#breadcrumb\",\"itemListElement\":[{\"@type\":\"ListItem\",\"position\":1,\"name\":\"DOMOVSK\u00c1 STR\u00c1NKA\",\"item\":\"https:\\\/\\\/ksiegowosc24.pl\\\/cs\\\/\"},{\"@type\":\"ListItem\",\"position\":2,\"name\":\"Obchod\",\"item\":\"https:\\\/\\\/ksiegowosc24.pl\\\/cs\\\/obchod\\\/\"},{\"@type\":\"ListItem\",\"position\":3,\"name\":\"Zp\u016fsoby prodeje a platby\"}]},{\"@type\":\"WebSite\",\"@id\":\"https:\\\/\\\/ksiegowosc24.pl\\\/cs\\\/#website\",\"url\":\"https:\\\/\\\/ksiegowosc24.pl\\\/cs\\\/\",\"name\":\"Ksiegowosc24.pl\",\"description\":\"Prosty program do faktur\",\"publisher\":{\"@id\":\"https:\\\/\\\/ksiegowosc24.pl\\\/cs\\\/#organization\"},\"potentialAction\":[{\"@type\":\"SearchAction\",\"target\":{\"@type\":\"EntryPoint\",\"urlTemplate\":\"https:\\\/\\\/ksiegowosc24.pl\\\/cs\\\/?s={search_term_string}\"},\"query-input\":{\"@type\":\"PropertyValueSpecification\",\"valueRequired\":true,\"valueName\":\"search_term_string\"}}],\"inLanguage\":\"cs\"},{\"@type\":\"Organization\",\"@id\":\"https:\\\/\\\/ksiegowosc24.pl\\\/cs\\\/#organization\",\"name\":\"Ksiegowosc24.pl\",\"url\":\"https:\\\/\\\/ksiegowosc24.pl\\\/cs\\\/\",\"logo\":{\"@type\":\"ImageObject\",\"inLanguage\":\"cs\",\"@id\":\"https:\\\/\\\/ksiegowosc24.pl\\\/cs\\\/#\\\/schema\\\/logo\\\/image\\\/\",\"url\":\"https:\\\/\\\/ksiegowosc24.pl\\\/wp-content\\\/uploads\\\/2023\\\/05\\\/1bold-black.png\",\"contentUrl\":\"https:\\\/\\\/ksiegowosc24.pl\\\/wp-content\\\/uploads\\\/2023\\\/05\\\/1bold-black.png\",\"width\":300,\"height\":60,\"caption\":\"Ksiegowosc24.pl\"},\"image\":{\"@id\":\"https:\\\/\\\/ksiegowosc24.pl\\\/cs\\\/#\\\/schema\\\/logo\\\/image\\\/\"},\"sameAs\":[\"http:\\\/\\\/www.facebook.com\\\/pages\\\/rafsoftnet\\\/116798445016643\",\"http:\\\/\\\/www.youtube.com\\\/user\\\/rafsoftNET?sub_confirmation=1\"],\"description\":\"Nowoczesny i prosty program do fakturowania\",\"email\":\"biuro@rafsoft.net\",\"legalName\":\"RAFSOFT.NET Sp. z.o.o.\",\"foundingDate\":\"2002-07-20\",\"numberOfEmployees\":{\"@type\":\"QuantitativeValue\",\"minValue\":\"1\",\"maxValue\":\"10\"}}]}<\/script>\n<!-- \/ Yoast SEO Premium plugin. -->","yoast_head_json":{"title":"Zp\u016fsoby prodeje a platby - Ksiegowosc24.pl","description":"Zp\u016fsoby prodeje a platby a licen\u010dn\u00ed podm\u00ednky Zad\u00e1v\u00e1n\u00ed objedn\u00e1vek je mo\u017en\u00e9: objedn\u00e1vkov\u00fd formul\u00e1\u0159 v internetov\u00e9m obchod\u011b sklep.ksiegowosc24.pl \u00dadaje","robots":{"index":"index","follow":"follow","max-snippet":"max-snippet:-1","max-image-preview":"max-image-preview:large","max-video-preview":"max-video-preview:-1"},"canonical":"https:\/\/ksiegowosc24.pl\/cs\/obchod\/zpusoby-prodeje-a-platby\/","og_locale":"cs_CZ","og_type":"article","og_title":"Zp\u016fsoby prodeje a platby - Ksiegowosc24.pl","og_description":"Zp\u016fsoby prodeje a platby a licen\u010dn\u00ed podm\u00ednky Zad\u00e1v\u00e1n\u00ed objedn\u00e1vek je mo\u017en\u00e9: objedn\u00e1vkov\u00fd formul\u00e1\u0159 v internetov\u00e9m obchod\u011b sklep.ksiegowosc24.pl \u00dadaje","og_url":"https:\/\/ksiegowosc24.pl\/cs\/wp-json\/wp\/v2\/pages\/258613\/","og_site_name":"Ksiegowosc24.pl","article_publisher":"http:\/\/www.facebook.com\/pages\/rafsoftnet\/116798445016643","article_modified_time":"2025-02-10T06:32:29+00:00","og_image":[{"url":"https:\/\/ksiegowosc24.pl\/wp-content\/uploads\/2026\/03\/Program-Faktura-VAT-e1690689179406.webp","type":"","width":"","height":""},{"width":140,"height":140,"url":"https:\/\/ksiegowosc24.pl\/wp-content\/uploads\/2023\/06\/gwarancja_znak2.gif","type":"image\/gif"}],"twitter_card":"summary_large_image","twitter_misc":{"Odhadovan\u00e1 doba \u010dten\u00ed":"4 minuty"},"schema":{"@context":"https:\/\/schema.org","@graph":[{"@type":"WebPage","@id":"https:\/\/ksiegowosc24.pl\/cs\/obchod\/zpusoby-prodeje-a-platby\/","url":"https:\/\/ksiegowosc24.pl\/cs\/obchod\/zpusoby-prodeje-a-platby\/","name":"Zp\u016fsoby prodeje a platby - Ksiegowosc24.pl","isPartOf":{"@id":"https:\/\/ksiegowosc24.pl\/cs\/#website"},"primaryImageOfPage":{"@id":"https:\/\/ksiegowosc24.pl\/cs\/obchod\/zpusoby-prodeje-a-platby\/#primaryimage"},"image":{"@id":"https:\/\/ksiegowosc24.pl\/cs\/obchod\/zpusoby-prodeje-a-platby\/#primaryimage"},"thumbnailUrl":"https:\/\/ksiegowosc24.pl\/wp-content\/uploads\/2023\/06\/gwarancja_znak2.gif","datePublished":"2023-06-25T14:16:47+00:00","dateModified":"2025-02-10T06:32:29+00:00","description":"Zp\u016fsoby prodeje a platby a licen\u010dn\u00ed podm\u00ednky Zad\u00e1v\u00e1n\u00ed objedn\u00e1vek je mo\u017en\u00e9: objedn\u00e1vkov\u00fd formul\u00e1\u0159 v internetov\u00e9m obchod\u011b sklep.ksiegowosc24.pl \u00dadaje","breadcrumb":{"@id":"https:\/\/ksiegowosc24.pl\/cs\/obchod\/zpusoby-prodeje-a-platby\/#breadcrumb"},"inLanguage":"cs","potentialAction":[{"@type":"ReadAction","target":["https:\/\/ksiegowosc24.pl\/cs\/obchod\/zpusoby-prodeje-a-platby\/"]}]},{"@type":"ImageObject","inLanguage":"cs","@id":"https:\/\/ksiegowosc24.pl\/cs\/obchod\/zpusoby-prodeje-a-platby\/#primaryimage","url":"https:\/\/ksiegowosc24.pl\/wp-content\/uploads\/2023\/06\/gwarancja_znak2.gif","contentUrl":"https:\/\/ksiegowosc24.pl\/wp-content\/uploads\/2023\/06\/gwarancja_znak2.gif"},{"@type":"BreadcrumbList","@id":"https:\/\/ksiegowosc24.pl\/cs\/obchod\/zpusoby-prodeje-a-platby\/#breadcrumb","itemListElement":[{"@type":"ListItem","position":1,"name":"DOMOVSK\u00c1 STR\u00c1NKA","item":"https:\/\/ksiegowosc24.pl\/cs\/"},{"@type":"ListItem","position":2,"name":"Obchod","item":"https:\/\/ksiegowosc24.pl\/cs\/obchod\/"},{"@type":"ListItem","position":3,"name":"Zp\u016fsoby prodeje a platby"}]},{"@type":"WebSite","@id":"https:\/\/ksiegowosc24.pl\/cs\/#website","url":"https:\/\/ksiegowosc24.pl\/cs\/","name":"Ksiegowosc24.pl","description":"Prosty program do faktur","publisher":{"@id":"https:\/\/ksiegowosc24.pl\/cs\/#organization"},"potentialAction":[{"@type":"SearchAction","target":{"@type":"EntryPoint","urlTemplate":"https:\/\/ksiegowosc24.pl\/cs\/?s={search_term_string}"},"query-input":{"@type":"PropertyValueSpecification","valueRequired":true,"valueName":"search_term_string"}}],"inLanguage":"cs"},{"@type":"Organization","@id":"https:\/\/ksiegowosc24.pl\/cs\/#organization","name":"Ksiegowosc24.pl","url":"https:\/\/ksiegowosc24.pl\/cs\/","logo":{"@type":"ImageObject","inLanguage":"cs","@id":"https:\/\/ksiegowosc24.pl\/cs\/#\/schema\/logo\/image\/","url":"https:\/\/ksiegowosc24.pl\/wp-content\/uploads\/2023\/05\/1bold-black.png","contentUrl":"https:\/\/ksiegowosc24.pl\/wp-content\/uploads\/2023\/05\/1bold-black.png","width":300,"height":60,"caption":"Ksiegowosc24.pl"},"image":{"@id":"https:\/\/ksiegowosc24.pl\/cs\/#\/schema\/logo\/image\/"},"sameAs":["http:\/\/www.facebook.com\/pages\/rafsoftnet\/116798445016643","http:\/\/www.youtube.com\/user\/rafsoftNET?sub_confirmation=1"],"description":"Nowoczesny i prosty program do fakturowania","email":"biuro@rafsoft.net","legalName":"RAFSOFT.NET Sp. z.o.o.","foundingDate":"2002-07-20","numberOfEmployees":{"@type":"QuantitativeValue","minValue":"1","maxValue":"10"}}]}},"_links":{"self":[{"href":"https:\/\/ksiegowosc24.pl\/cs\/wp-json\/wp\/v2\/pages\/258613","targetHints":{"allow":["GET"]}}],"collection":[{"href":"https:\/\/ksiegowosc24.pl\/cs\/wp-json\/wp\/v2\/pages"}],"about":[{"href":"https:\/\/ksiegowosc24.pl\/cs\/wp-json\/wp\/v2\/types\/page"}],"author":[{"embeddable":true,"href":"https:\/\/ksiegowosc24.pl\/cs\/wp-json\/wp\/v2\/users\/1"}],"replies":[{"embeddable":true,"href":"https:\/\/ksiegowosc24.pl\/cs\/wp-json\/wp\/v2\/comments?post=258613"}],"version-history":[{"count":1,"href":"https:\/\/ksiegowosc24.pl\/cs\/wp-json\/wp\/v2\/pages\/258613\/revisions"}],"predecessor-version":[{"id":258614,"href":"https:\/\/ksiegowosc24.pl\/cs\/wp-json\/wp\/v2\/pages\/258613\/revisions\/258614"}],"up":[{"embeddable":true,"href":"https:\/\/ksiegowosc24.pl\/cs\/wp-json\/wp\/v2\/pages\/258591"}],"wp:attachment":[{"href":"https:\/\/ksiegowosc24.pl\/cs\/wp-json\/wp\/v2\/media?parent=258613"}],"curies":[{"name":"wp","href":"https:\/\/api.w.org\/{rel}","templated":true}]}}