{"id":258625,"date":"2013-12-28T18:17:42","date_gmt":"2013-12-28T18:17:42","guid":{"rendered":"https:\/\/ksiegowosc24.pl\/stazeni-zdarma-na-31-dni\/"},"modified":"2026-01-21T06:30:15","modified_gmt":"2026-01-21T06:30:15","slug":"program-ke-stazeni","status":"publish","type":"page","link":"https:\/\/ksiegowosc24.pl\/cs\/program-ke-stazeni\/","title":{"rendered":"Sta\u017een\u00ed zdarma na 31 dn\u00ed"},"content":{"rendered":"\t\t<div data-elementor-type=\"wp-page\" data-elementor-id=\"258625\" class=\"elementor elementor-258625 elementor-474\">\n\t\t\t\t<div class=\"elementor-element elementor-element-00f1d94 e-flex e-con-boxed e-con e-parent\" data-id=\"00f1d94\" data-element_type=\"container\" data-e-type=\"container\">\n\t\t\t\t\t<div class=\"e-con-inner\">\n\t\t<div class=\"elementor-element elementor-element-fb1f8a8 e-con-full e-flex e-con e-child\" data-id=\"fb1f8a8\" data-element_type=\"container\" data-e-type=\"container\">\n\t\t\t\t<div class=\"elementor-element elementor-element-74b73b1 elementor-widget elementor-widget-text-editor\" data-id=\"74b73b1\" data-element_type=\"widget\" data-e-type=\"widget\" data-widget_type=\"text-editor.default\">\n\t\t\t\t<div class=\"elementor-widget-container\">\n\t\t\t\t\t\t\t\t\t<div class=\"download-section\" style=\"width: 100%; padding: 40px 20px; box-sizing: border-box;\">\n<h2 style=\"text-align: center; color: #333; margin-bottom: 15px; font-size: 28px;\">Kompletn\u00ed uk\u00e1zky na\u0161eho softwaru pro faktury na 31 dn\u00ed<\/h2>\n<p style=\"text-align: center; color: #666; margin: 0 auto 40px; line-height: 1.6;\">N\u00ed\u017ee jsou uvedeny pln\u00e9 verze v\u017edy aktu\u00e1ln\u00edho softwaru ke sta\u017een\u00ed a testov\u00e1n\u00ed zdarma.<br>Programy m\u016f\u017eete pou\u017e\u00edvat zdarma po dobu 31 dn\u00ed od okam\u017eiku, kdy je poprv\u00e9 spust\u00edte.<br>Pokud nev\u00edte, jak tento software st\u00e1hnout a nainstalovat, pou\u017eijte<br><a style=\"color: #2563eb;\" href=\"https:\/\/ksiegowosc24.pl\/instalacja-programu-faktura-vat-2023\/\" target=\"_blank\" rel=\"noopener\">N\u00e1vod k instalaci<\/a>.<br>Pokud m\u00e1te jak\u00e9koli dotazy, kontaktujte n\u00e1s pros\u00edm p\u0159es<br><a style=\"color: #2563eb;\" href=\"https:\/\/osticket.ksiegowosc24.pl\/open.php\" target=\"_blank\" rel=\"noopener\">Kontaktn\u00ed formul\u00e1\u0159<\/a>.<\/p>\n<div style=\"display: flex; flex-wrap: wrap; gap: 40px; justify-content: center; align-items: flex-start; width: 100%;\">\n<div style=\"flex: 1 1 400px; background: #f8fafc; border-radius: 12px; padding: 30px; box-shadow: 0 2px 10px rgba(0,0,0,0.05);\">\n<h3 style=\"color: #1e40af; margin: 0 0 10px 0; font-size: 20px;\">\ud83d\udce5 Stahovateln\u00e9 programy (Windows)<\/h3>\n<p style=\"margin: 0px 0px 20px;\"><span style=\"color: #64748b; font-size: 14px;\"><strong>Posledn\u00ed aktualizace:<\/strong> 2026-04-15 Verze  <\/span><span style=\"color: #abb2bf;\">26.5.107<\/span><\/p>\n<div style=\"display: flex; flex-direction: column; gap: 12px;\"><a style=\"display: block; background: #2563eb; color: white; text-decoration: none; padding: 14px 20px; border-radius: 8px; text-align: center; font-weight: 600;\" href=\"https:\/\/www.rafsoft.net\/download\/install\/2026start\/FVINSTALL.exe\"><br>\u2b07\ufe0f Faktura DPH 2026 START<br><\/a><br><a style=\"display: block; background: #2563eb; color: white; text-decoration: none; padding: 14px 20px; border-radius: 8px; text-align: center; font-weight: 600;\" href=\"https:\/\/www.rafsoft.net\/download\/install\/2026\/FVINSTALL.exe\"><br>\u2b07\ufe0f Faktura DPH 2026 STANDARD<br><\/a><br><a style=\"display: block; background: #1d4ed8; color: white; text-decoration: none; padding: 14px 20px; border-radius: 8px; text-align: center; font-weight: 600;\" href=\"https:\/\/rafsoft.net\/download\/install\/2026pro\/FVINSTALL.exe\"><br>\u2b07\ufe0f Faktura DPH 2026 PRO<br><\/a><\/div>\n<div style=\"margin-top: 25px; text-align: center;\"><img decoding=\"async\" style=\"max-width: 100%; height: auto;\" src=\"https:\/\/ksiegowosc24.pl\/wp-content\/uploads\/2026\/01\/faktura_vat_desktop.webp\" alt=\"DPH Desktop Invoice\"><\/div>\n<\/div>\n<div style=\"flex: 1 1 400px; background: linear-gradient(135deg, #1e40af 0%, #3b82f6 100%); border-radius: 12px; padding: 30px; box-shadow: 0 2px 10px rgba(0,0,0,0.1);\">\n<h3 style=\"color: white; margin: 0 0 10px 0; font-size: 20px;\">\u2601\ufe0f Online verze SaaS<\/h3>\n<h4 style=\"color: #bfdbfe; margin: 0 0 20px 0; font-size: 24px; font-weight: bold;\">Mobiln\u00ed faktura<\/h4>\n<p style=\"color: #e0e7ff; margin: 0 0 25px 0; line-height: 1.6;\">Modern\u00ed faktura\u010dn\u00ed aplikace v prohl\u00ed\u017ee\u010di. Funguje na jak\u00e9mkoli za\u0159\u00edzen\u00ed \u2013 po\u010d\u00edta\u010di, tabletu i telefonu. <\/p>\n<p><a style=\"display: inline-block; background: white; color: #1e40af; text-decoration: none; padding: 14px 30px; border-radius: 8px; font-weight: bold; font-size: 16px;\" href=\"https:\/\/mobilna-faktura.pl\" target=\"_blank\" rel=\"noopener\"><br>\ud83d\ude80 Zkus to zdarma<br><\/a><\/p>\n<div style=\"margin-top: 25px;\"><img decoding=\"async\" style=\"max-width: 100%; height: auto; border-radius: 8px; box-shadow: 0 4px 20px rgba(0,0,0,0.3);\" src=\"https:\/\/ksiegowosc24.pl\/wp-content\/uploads\/2026\/01\/mobilnafaktura.png\" alt=\"Mobiln\u00ed faktura - Dashboard\"><\/div>\n<\/div>\n<\/div>\n<\/div>\n<div style=\"width: 100%; padding: 20px; box-sizing: border-box;\">\n<div style=\"background: linear-gradient(135deg, #1e40af 0%, #3b82f6 100%); padding: 25px; border-radius: 10px; margin-bottom: 30px; color: white;\">\n<h3 style=\"margin: 0 0 12px 0; color: white; font-size: 18px;\">\ud83d\udd04 Synchronizace dat<\/h3>\n<p style=\"margin: 0; color: #e0e7ff; line-height: 1.6;\">Program <strong style=\"color: white;\">VAT Invoice 2026<\/strong> lze synchronizovat s<br><strong style=\"color: white;\">Mobiln\u00ed faktura<\/strong> \u2013 pracujte na po\u010d\u00edta\u010di i v cloudu na stejn\u00fdch datech!<br><a style=\"color: #fde047; text-decoration: underline; font-weight: 600; margin-left: 5px;\" href=\"https:\/\/www.rafsoft.net\/integracja-programu-do-faktur-z-ksef-2-0\/\" target=\"_blank\" rel=\"noopener\"><br>V\u00edce informac\u00ed \u2192<br><\/a><\/p>\n<\/div>\n<div style=\"background: #fef3c7; border-left: 4px solid #f59e0b; padding: 25px; border-radius: 0 8px 8px 0; margin-bottom: 30px;\">\n<h3 style=\"color: #92400e; margin: 0 0 15px 0; font-size: 18px;\">\ud83d\udce2 Aktualizace na verzi 2026<\/h3>\n<p style=\"color: #78350f; margin: 0 0 15px 0; line-height: 1.6;\">Aktualizujte pros\u00edm star\u0161\u00ed programy na verzi 2026. To v\u00e1m poskytne program, kter\u00fd bude v souladu s platn\u00fdmi p\u0159edpisy. <\/p>\n<h4 style=\"color: #92400e; margin: 20px 0 10px 0; font-size: 16px;\">U\u017eivatel\u00e9 s aktivn\u00edmi licencemi 2025:<\/h4>\n<p style=\"color: #78350f; margin: 0 0 15px 0; line-height: 1.6;\">St\u00e1hn\u011bte si demo verzi a nainstalujte ji. Data budou automaticky importov\u00e1na od verze 2002-2025.<br>Aktivace licence pomoc\u00ed da\u0148ov\u00e9ho identifika\u010dn\u00edho \u010d\u00edsla. <\/p>\n<h4 style=\"color: #92400e; margin: 20px 0 10px 0; font-size: 16px;\">Licence vypr\u0161ela nebo se chyst\u00e1 vypr\u0161et?<\/h4>\n<p style=\"color: #78350f; margin: 0;\"><a style=\"color: #1e40af; font-weight: 600;\" href=\"https:\/\/ksiegowosc24.pl\/cs\/kategoria-produktu\/obnoveni-aktualizace-licenci\/\" target=\"_blank\" rel=\"noopener\"><br>\ud83d\udc49 Klikn\u011bte zde pro obnoven\u00ed licence v na\u0161em obchod\u011b<br><\/a><\/p>\n<\/div>\n<div style=\"background: #dcfce7; border-left: 4px solid #22c55e; padding: 25px; border-radius: 0 8px 8px 0; margin-bottom: 30px;\">\n<h3 style=\"color: #166534; margin: 0 0 15px 0; font-size: 18px;\">\ud83d\udd17 Integrace KSeF 2.0<\/h3>\n<p style=\"color: #15803d; margin: 0; line-height: 1.6;\">Program faktur DPH je integrov\u00e1n s N\u00e1rodn\u00edm syst\u00e9mem elektronick\u00e9ho fakturov\u00e1n\u00ed.<br><a style=\"color: #1e40af; font-weight: 600;\" href=\"https:\/\/www.rafsoft.net\/integracja-programu-do-faktur-z-ksef-2-0\/\" target=\"_blank\" rel=\"noopener\"><br>V\u00edce informac\u00ed o integraci s KSeF \u2192<br><\/a><\/p>\n<\/div>\n<div style=\"background: #fef2f2; border-left: 4px solid #ef4444; padding: 25px; border-radius: 0 8px 8px 0; margin-bottom: 30px;\">\n<h3 style=\"color: #991b1b; margin: 0 0 15px 0; font-size: 18px;\">\u26a0\ufe0f Informace o antiviru<\/h3>\n<p style=\"color: #7f1d1d; margin: 0 0 10px 0; line-height: 1.6;\">N\u011bkter\u00e9 antivirov\u00e9 programy mohou omylem rozpoznat <strong>KSeF_Client.exe<\/strong> soubor jako hrozbu.<br><strong>Tohle je fale\u0161n\u011b pozitivn\u00ed v\u00fdsledek<\/strong>.<\/p>\n<p style=\"color: #166534; margin: 0; background: #dcfce7; padding: 12px 15px; border-radius: 6px; line-height: 1.6;\">\u2705 Program je bezpe\u010dn\u00fd \u2013 komunikuje pouze se servery Ministerstva financ\u00ed (ksef.mf.gov.pl).<br><strong>\u0158e\u0161en\u00ed:<\/strong> P\u0159idejte KSeF_Client.exe soubor do sv\u00fdch antivirov\u00fdch v\u00fdjimek.<\/p>\n<\/div>\n<div style=\"background: #f1f5f9; border-left: 4px solid #64748b; padding: 25px; border-radius: 0 8px 8px 0; margin-bottom: 30px;\">\n<h3 style=\"color: #334155; margin: 0 0 15px 0; font-size: 18px;\">\ud83d\udcbb Informace pro u\u017eivatele Windows 7<\/h3>\n<p style=\"color: #475569; margin: 0 0 10px 0; line-height: 1.6;\">Pro spr\u00e1vn\u00e9 fungov\u00e1n\u00ed programu je pot\u0159eba Windows 7 Service Pack 1.<br><a style=\"color: #2563eb;\" href=\"https:\/\/ksiegowosc24.pl\/cs\/question\/registrace-tin-v-nekterych-systemech-windows-7-nefunguje\/\" target=\"_blank\" rel=\"noopener\"><br>V\u00edce informac\u00ed \u2192<br><\/a><\/p>\n<p style=\"color: #475569; margin: 0;\"><strong>Chyb\u00ed v\u00e1m MSXML 4.0 SP2?<\/strong><br><a style=\"color: #2563eb; font-weight: 600;\" href=\"https:\/\/www.rafsoft.net\/pliki\/msxml.msi\"><br>St\u00e1hn\u011bte si zde<br><\/a><\/p>\n<\/div>\n<\/div>\t\t\t\t\t\t\t\t<\/div>\n\t\t\t\t<\/div>\n\t\t\t\t<\/div>\n\t\t\t\t\t<\/div>\n\t\t\t\t<\/div>\n\t\t\t\t<\/div>\n\t\t","protected":false},"excerpt":{"rendered":"<p>Kompletn\u00ed uk\u00e1zky na\u0161eho softwaru pro faktury na 31 dn\u00ed N\u00ed\u017ee jsou uvedeny pln\u00e9 verze v\u017edy aktu\u00e1ln\u00edho softwaru ke sta\u017een\u00ed a testov\u00e1n\u00ed zdarma.Programy m\u016f\u017eete pou\u017e\u00edvat zdarma po dobu 31 dn\u00ed od okam\u017eiku, kdy je poprv\u00e9 spust\u00edte.Pokud nev\u00edte, jak tento software st\u00e1hnout a nainstalovat, pou\u017eijteN\u00e1vod k instalaci.Pokud m\u00e1te jak\u00e9koli dotazy, kontaktujte n\u00e1s pros\u00edm p\u0159esKontaktn\u00ed formul\u00e1\u0159. \ud83d\udce5 Stahovateln\u00e9 [&hellip;]<\/p>\n","protected":false},"author":1,"featured_media":0,"parent":0,"menu_order":0,"comment_status":"closed","ping_status":"open","template":"","meta":{"_acf_changed":false,"footnotes":""},"class_list":["post-258625","page","type-page","status-publish","hentry"],"blocksy_meta":[],"acf":[],"yoast_head":"<!-- This site is optimized with the Yoast SEO Premium plugin v27.3 (Yoast SEO v27.3) - https:\/\/yoast.com\/product\/yoast-seo-premium-wordpress\/ -->\n<title>St\u00e1hn\u011bte si program DPH Invoice 2023 - Ksiegowosc24.pl<\/title>\n<meta name=\"description\" content=\"St\u00e1hn\u011bte si bezplatnou verzi programu DPH Invoice 2022. Demo verze funguje po dobu 31 dn\u016f. B\u011bhem t\u00e9to doby si ov\u011b\u0159\u00edte schopnosti a funk\u010dnost programu.\" \/>\n<meta name=\"robots\" content=\"index, follow, max-snippet:-1, max-image-preview:large, max-video-preview:-1\" \/>\n<link rel=\"canonical\" href=\"https:\/\/ksiegowosc24.pl\/cs\/program-ke-stazeni\/\" \/>\n<meta property=\"og:locale\" content=\"cs_CZ\" \/>\n<meta property=\"og:type\" content=\"article\" \/>\n<meta property=\"og:title\" content=\"St\u00e1hn\u011bte si program DPH Invoice 2023 - Ksiegowosc24.pl\" \/>\n<meta property=\"og:description\" content=\"St\u00e1hn\u011bte si bezplatnou verzi programu DPH Invoice 2022. Demo verze funguje po dobu 31 dn\u016f. B\u011bhem t\u00e9to doby si ov\u011b\u0159\u00edte schopnosti a funk\u010dnost programu.\" \/>\n<meta property=\"og:url\" content=\"https:\/\/ksiegowosc24.pl\/cs\/wp-json\/wp\/v2\/pages\/258625\/\" \/>\n<meta property=\"og:site_name\" content=\"Ksiegowosc24.pl\" \/>\n<meta property=\"article:publisher\" content=\"http:\/\/www.facebook.com\/pages\/rafsoftnet\/116798445016643\" \/>\n<meta property=\"article:modified_time\" content=\"2026-01-21T06:30:15+00:00\" \/>\n<meta property=\"og:image\" content=\"https:\/\/ksiegowosc24.pl\/wp-content\/uploads\/2026\/03\/Program-Faktura-VAT-e1690689179406.webp\" \/><meta property=\"og:image\" content=\"https:\/\/ksiegowosc24.pl\/wp-content\/uploads\/2026\/01\/faktura_vat_desktop.webp\" \/>\n<meta name=\"twitter:card\" content=\"summary_large_image\" \/>\n<meta name=\"twitter:label1\" content=\"Odhadovan\u00e1 doba \u010dten\u00ed\" \/>\n\t<meta name=\"twitter:data1\" content=\"1 minuta\" \/>\n<script type=\"application\/ld+json\" class=\"yoast-schema-graph\">{\"@context\":\"https:\\\/\\\/schema.org\",\"@graph\":[{\"@type\":\"WebPage\",\"@id\":\"https:\\\/\\\/ksiegowosc24.pl\\\/cs\\\/program-ke-stazeni\\\/\",\"url\":\"https:\\\/\\\/ksiegowosc24.pl\\\/cs\\\/program-ke-stazeni\\\/\",\"name\":\"St\u00e1hn\u011bte si program DPH Invoice 2023 - Ksiegowosc24.pl\",\"isPartOf\":{\"@id\":\"https:\\\/\\\/ksiegowosc24.pl\\\/cs\\\/#website\"},\"primaryImageOfPage\":{\"@id\":\"https:\\\/\\\/ksiegowosc24.pl\\\/cs\\\/program-ke-stazeni\\\/#primaryimage\"},\"image\":{\"@id\":\"https:\\\/\\\/ksiegowosc24.pl\\\/cs\\\/program-ke-stazeni\\\/#primaryimage\"},\"thumbnailUrl\":\"https:\\\/\\\/ksiegowosc24.pl\\\/wp-content\\\/uploads\\\/2026\\\/01\\\/faktura_vat_desktop.webp\",\"datePublished\":\"2013-12-28T18:17:42+00:00\",\"dateModified\":\"2026-01-21T06:30:15+00:00\",\"description\":\"St\u00e1hn\u011bte si bezplatnou verzi programu DPH Invoice 2022. Demo verze funguje po dobu 31 dn\u016f. B\u011bhem t\u00e9to doby si ov\u011b\u0159\u00edte schopnosti a funk\u010dnost programu.\",\"breadcrumb\":{\"@id\":\"https:\\\/\\\/ksiegowosc24.pl\\\/cs\\\/program-ke-stazeni\\\/#breadcrumb\"},\"inLanguage\":\"cs\",\"potentialAction\":[{\"@type\":\"ReadAction\",\"target\":[\"https:\\\/\\\/ksiegowosc24.pl\\\/cs\\\/program-ke-stazeni\\\/\"]}]},{\"@type\":\"ImageObject\",\"inLanguage\":\"cs\",\"@id\":\"https:\\\/\\\/ksiegowosc24.pl\\\/cs\\\/program-ke-stazeni\\\/#primaryimage\",\"url\":\"https:\\\/\\\/ksiegowosc24.pl\\\/wp-content\\\/uploads\\\/2026\\\/01\\\/faktura_vat_desktop.webp\",\"contentUrl\":\"https:\\\/\\\/ksiegowosc24.pl\\\/wp-content\\\/uploads\\\/2026\\\/01\\\/faktura_vat_desktop.webp\"},{\"@type\":\"BreadcrumbList\",\"@id\":\"https:\\\/\\\/ksiegowosc24.pl\\\/cs\\\/program-ke-stazeni\\\/#breadcrumb\",\"itemListElement\":[{\"@type\":\"ListItem\",\"position\":1,\"name\":\"DOMOVSK\u00c1 STR\u00c1NKA\",\"item\":\"https:\\\/\\\/ksiegowosc24.pl\\\/cs\\\/\"},{\"@type\":\"ListItem\",\"position\":2,\"name\":\"Sta\u017een\u00ed zdarma na 31 dn\u00ed\"}]},{\"@type\":\"WebSite\",\"@id\":\"https:\\\/\\\/ksiegowosc24.pl\\\/cs\\\/#website\",\"url\":\"https:\\\/\\\/ksiegowosc24.pl\\\/cs\\\/\",\"name\":\"Ksiegowosc24.pl\",\"description\":\"Prosty program do faktur\",\"publisher\":{\"@id\":\"https:\\\/\\\/ksiegowosc24.pl\\\/cs\\\/#organization\"},\"potentialAction\":[{\"@type\":\"SearchAction\",\"target\":{\"@type\":\"EntryPoint\",\"urlTemplate\":\"https:\\\/\\\/ksiegowosc24.pl\\\/cs\\\/?s={search_term_string}\"},\"query-input\":{\"@type\":\"PropertyValueSpecification\",\"valueRequired\":true,\"valueName\":\"search_term_string\"}}],\"inLanguage\":\"cs\"},{\"@type\":\"Organization\",\"@id\":\"https:\\\/\\\/ksiegowosc24.pl\\\/cs\\\/#organization\",\"name\":\"Ksiegowosc24.pl\",\"url\":\"https:\\\/\\\/ksiegowosc24.pl\\\/cs\\\/\",\"logo\":{\"@type\":\"ImageObject\",\"inLanguage\":\"cs\",\"@id\":\"https:\\\/\\\/ksiegowosc24.pl\\\/cs\\\/#\\\/schema\\\/logo\\\/image\\\/\",\"url\":\"https:\\\/\\\/ksiegowosc24.pl\\\/wp-content\\\/uploads\\\/2023\\\/05\\\/1bold-black.png\",\"contentUrl\":\"https:\\\/\\\/ksiegowosc24.pl\\\/wp-content\\\/uploads\\\/2023\\\/05\\\/1bold-black.png\",\"width\":300,\"height\":60,\"caption\":\"Ksiegowosc24.pl\"},\"image\":{\"@id\":\"https:\\\/\\\/ksiegowosc24.pl\\\/cs\\\/#\\\/schema\\\/logo\\\/image\\\/\"},\"sameAs\":[\"http:\\\/\\\/www.facebook.com\\\/pages\\\/rafsoftnet\\\/116798445016643\",\"http:\\\/\\\/www.youtube.com\\\/user\\\/rafsoftNET?sub_confirmation=1\"],\"description\":\"Nowoczesny i prosty program do fakturowania\",\"email\":\"biuro@rafsoft.net\",\"legalName\":\"RAFSOFT.NET Sp. z.o.o.\",\"foundingDate\":\"2002-07-20\",\"numberOfEmployees\":{\"@type\":\"QuantitativeValue\",\"minValue\":\"1\",\"maxValue\":\"10\"}}]}<\/script>\n<!-- \/ Yoast SEO Premium plugin. -->","yoast_head_json":{"title":"St\u00e1hn\u011bte si program DPH Invoice 2023 - Ksiegowosc24.pl","description":"St\u00e1hn\u011bte si bezplatnou verzi programu DPH Invoice 2022. Demo verze funguje po dobu 31 dn\u016f. B\u011bhem t\u00e9to doby si ov\u011b\u0159\u00edte schopnosti a funk\u010dnost programu.","robots":{"index":"index","follow":"follow","max-snippet":"max-snippet:-1","max-image-preview":"max-image-preview:large","max-video-preview":"max-video-preview:-1"},"canonical":"https:\/\/ksiegowosc24.pl\/cs\/program-ke-stazeni\/","og_locale":"cs_CZ","og_type":"article","og_title":"St\u00e1hn\u011bte si program DPH Invoice 2023 - Ksiegowosc24.pl","og_description":"St\u00e1hn\u011bte si bezplatnou verzi programu DPH Invoice 2022. Demo verze funguje po dobu 31 dn\u016f. B\u011bhem t\u00e9to doby si ov\u011b\u0159\u00edte schopnosti a funk\u010dnost programu.","og_url":"https:\/\/ksiegowosc24.pl\/cs\/wp-json\/wp\/v2\/pages\/258625\/","og_site_name":"Ksiegowosc24.pl","article_publisher":"http:\/\/www.facebook.com\/pages\/rafsoftnet\/116798445016643","article_modified_time":"2026-01-21T06:30:15+00:00","og_image":[{"url":"https:\/\/ksiegowosc24.pl\/wp-content\/uploads\/2026\/03\/Program-Faktura-VAT-e1690689179406.webp","type":"","width":"","height":""},{"url":"https:\/\/ksiegowosc24.pl\/wp-content\/uploads\/2026\/01\/faktura_vat_desktop.webp","type":"","width":"","height":""}],"twitter_card":"summary_large_image","twitter_misc":{"Odhadovan\u00e1 doba \u010dten\u00ed":"1 minuta"},"schema":{"@context":"https:\/\/schema.org","@graph":[{"@type":"WebPage","@id":"https:\/\/ksiegowosc24.pl\/cs\/program-ke-stazeni\/","url":"https:\/\/ksiegowosc24.pl\/cs\/program-ke-stazeni\/","name":"St\u00e1hn\u011bte si program DPH Invoice 2023 - Ksiegowosc24.pl","isPartOf":{"@id":"https:\/\/ksiegowosc24.pl\/cs\/#website"},"primaryImageOfPage":{"@id":"https:\/\/ksiegowosc24.pl\/cs\/program-ke-stazeni\/#primaryimage"},"image":{"@id":"https:\/\/ksiegowosc24.pl\/cs\/program-ke-stazeni\/#primaryimage"},"thumbnailUrl":"https:\/\/ksiegowosc24.pl\/wp-content\/uploads\/2026\/01\/faktura_vat_desktop.webp","datePublished":"2013-12-28T18:17:42+00:00","dateModified":"2026-01-21T06:30:15+00:00","description":"St\u00e1hn\u011bte si bezplatnou verzi programu DPH Invoice 2022. Demo verze funguje po dobu 31 dn\u016f. B\u011bhem t\u00e9to doby si ov\u011b\u0159\u00edte schopnosti a funk\u010dnost programu.","breadcrumb":{"@id":"https:\/\/ksiegowosc24.pl\/cs\/program-ke-stazeni\/#breadcrumb"},"inLanguage":"cs","potentialAction":[{"@type":"ReadAction","target":["https:\/\/ksiegowosc24.pl\/cs\/program-ke-stazeni\/"]}]},{"@type":"ImageObject","inLanguage":"cs","@id":"https:\/\/ksiegowosc24.pl\/cs\/program-ke-stazeni\/#primaryimage","url":"https:\/\/ksiegowosc24.pl\/wp-content\/uploads\/2026\/01\/faktura_vat_desktop.webp","contentUrl":"https:\/\/ksiegowosc24.pl\/wp-content\/uploads\/2026\/01\/faktura_vat_desktop.webp"},{"@type":"BreadcrumbList","@id":"https:\/\/ksiegowosc24.pl\/cs\/program-ke-stazeni\/#breadcrumb","itemListElement":[{"@type":"ListItem","position":1,"name":"DOMOVSK\u00c1 STR\u00c1NKA","item":"https:\/\/ksiegowosc24.pl\/cs\/"},{"@type":"ListItem","position":2,"name":"Sta\u017een\u00ed zdarma na 31 dn\u00ed"}]},{"@type":"WebSite","@id":"https:\/\/ksiegowosc24.pl\/cs\/#website","url":"https:\/\/ksiegowosc24.pl\/cs\/","name":"Ksiegowosc24.pl","description":"Prosty program do faktur","publisher":{"@id":"https:\/\/ksiegowosc24.pl\/cs\/#organization"},"potentialAction":[{"@type":"SearchAction","target":{"@type":"EntryPoint","urlTemplate":"https:\/\/ksiegowosc24.pl\/cs\/?s={search_term_string}"},"query-input":{"@type":"PropertyValueSpecification","valueRequired":true,"valueName":"search_term_string"}}],"inLanguage":"cs"},{"@type":"Organization","@id":"https:\/\/ksiegowosc24.pl\/cs\/#organization","name":"Ksiegowosc24.pl","url":"https:\/\/ksiegowosc24.pl\/cs\/","logo":{"@type":"ImageObject","inLanguage":"cs","@id":"https:\/\/ksiegowosc24.pl\/cs\/#\/schema\/logo\/image\/","url":"https:\/\/ksiegowosc24.pl\/wp-content\/uploads\/2023\/05\/1bold-black.png","contentUrl":"https:\/\/ksiegowosc24.pl\/wp-content\/uploads\/2023\/05\/1bold-black.png","width":300,"height":60,"caption":"Ksiegowosc24.pl"},"image":{"@id":"https:\/\/ksiegowosc24.pl\/cs\/#\/schema\/logo\/image\/"},"sameAs":["http:\/\/www.facebook.com\/pages\/rafsoftnet\/116798445016643","http:\/\/www.youtube.com\/user\/rafsoftNET?sub_confirmation=1"],"description":"Nowoczesny i prosty program do fakturowania","email":"biuro@rafsoft.net","legalName":"RAFSOFT.NET Sp. z.o.o.","foundingDate":"2002-07-20","numberOfEmployees":{"@type":"QuantitativeValue","minValue":"1","maxValue":"10"}}]}},"_links":{"self":[{"href":"https:\/\/ksiegowosc24.pl\/cs\/wp-json\/wp\/v2\/pages\/258625","targetHints":{"allow":["GET"]}}],"collection":[{"href":"https:\/\/ksiegowosc24.pl\/cs\/wp-json\/wp\/v2\/pages"}],"about":[{"href":"https:\/\/ksiegowosc24.pl\/cs\/wp-json\/wp\/v2\/types\/page"}],"author":[{"embeddable":true,"href":"https:\/\/ksiegowosc24.pl\/cs\/wp-json\/wp\/v2\/users\/1"}],"replies":[{"embeddable":true,"href":"https:\/\/ksiegowosc24.pl\/cs\/wp-json\/wp\/v2\/comments?post=258625"}],"version-history":[{"count":6,"href":"https:\/\/ksiegowosc24.pl\/cs\/wp-json\/wp\/v2\/pages\/258625\/revisions"}],"predecessor-version":[{"id":99214809,"href":"https:\/\/ksiegowosc24.pl\/cs\/wp-json\/wp\/v2\/pages\/258625\/revisions\/99214809"}],"wp:attachment":[{"href":"https:\/\/ksiegowosc24.pl\/cs\/wp-json\/wp\/v2\/media?parent=258625"}],"curies":[{"name":"wp","href":"https:\/\/api.w.org\/{rel}","templated":true}]}}