{"id":258645,"date":"2019-02-07T03:28:19","date_gmt":"2019-02-07T03:28:19","guid":{"rendered":"https:\/\/ksiegowosc24.pl\/archivni-verze-faktury-na-dph-2025\/"},"modified":"2025-02-10T06:56:50","modified_gmt":"2025-02-10T06:56:50","slug":"archivni-verze-faktury-na-dph-2025","status":"publish","type":"page","link":"https:\/\/ksiegowosc24.pl\/cs\/archivni-verze-faktury-na-dph-2025\/","title":{"rendered":"Archivn\u00ed verze Faktura VAT 2026"},"content":{"rendered":"\t\t<div data-elementor-type=\"wp-page\" data-elementor-id=\"258645\" class=\"elementor elementor-258645 elementor-26455\">\n\t\t\t\t<div class=\"elementor-element elementor-element-7f37baa8 e-flex e-con-boxed e-con e-parent\" data-id=\"7f37baa8\" data-element_type=\"container\" data-e-type=\"container\">\n\t\t\t\t\t<div class=\"e-con-inner\">\n\t\t\t\t<div class=\"elementor-element elementor-element-2fd877 elementor-widget elementor-widget-text-editor\" data-id=\"2fd877\" data-element_type=\"widget\" data-e-type=\"widget\" data-widget_type=\"text-editor.default\">\n\t\t\t\t<div class=\"elementor-widget-container\">\n\t\t\t\t\t\t\t\t\t\n<p>Pokud se objev\u00ed probl\u00e9m s fungov\u00e1n\u00edm modulu programu v nov\u00e9 verzi, m\u016f\u017eeme si v\u017edy st\u00e1hnout star\u0161\u00ed stabiln\u00ed verzi, ve kter\u00e9 dan\u00e1 funkce fungovala spr\u00e1vn\u011b.<\/p>\n\n\n\n<p><strong>Faktura VAT 2026<\/strong><\/p>\n\n\n\n<p>verze 25.1.7 START <a href=\"#\">Odkaz<\/a><\/p>\n\n\n\n<p>verze 25.1.7 STANDARD <a href=\"#\">Odkaz<\/a><\/p>\n\n\n\n<p>verze 25.1.7 PRO <a href=\"#\">Odkaz<\/a><\/p>\n\n\n\n<p>&nbsp;<\/p>\n\t\t\t\t\t\t\t\t<\/div>\n\t\t\t\t<\/div>\n\t\t\t\t\t<\/div>\n\t\t\t\t<\/div>\n\t\t\t\t<\/div>\n\t\t","protected":false},"excerpt":{"rendered":"<p>Pokud se objev\u00ed probl\u00e9m s fungov\u00e1n\u00edm modulu programu v nov\u00e9 verzi, m\u016f\u017eeme si v\u017edy st\u00e1hnout star\u0161\u00ed stabiln\u00ed verzi, ve kter\u00e9 dan\u00e1 funkce fungovala spr\u00e1vn\u011b. verze 25.1.7 START Odkaz verze 25.1.7 STANDARD Odkaz verze 25.1.7 PRO Odkaz &nbsp;<\/p>\n","protected":false},"author":1,"featured_media":0,"parent":0,"menu_order":0,"comment_status":"closed","ping_status":"closed","template":"","meta":{"_acf_changed":false,"footnotes":""},"class_list":["post-258645","page","type-page","status-publish","hentry"],"blocksy_meta":[],"acf":[],"yoast_head":"<!-- This site is optimized with the Yoast SEO Premium plugin v27.4 (Yoast SEO v27.4) - https:\/\/yoast.com\/product\/yoast-seo-premium-wordpress\/ -->\n<title>Archivn\u00ed verze Faktura VAT 2026 - Ksiegowosc24.pl<\/title>\n<meta name=\"description\" content=\"Pokud se objev\u00ed probl\u00e9m s fungov\u00e1n\u00edm modulu programu v nov\u00e9 verzi, m\u016f\u017eeme si v\u017edy st\u00e1hnout star\u0161\u00ed stabiln\u00ed verzi, ve kter\u00e9 dan\u00e1 funkce fungovala spr\u00e1vn\u011b.\" \/>\n<meta name=\"robots\" content=\"index, follow, max-snippet:-1, max-image-preview:large, max-video-preview:-1\" \/>\n<link rel=\"canonical\" href=\"https:\/\/ksiegowosc24.pl\/cs\/archivni-verze-faktury-na-dph-2025\/\" \/>\n<meta property=\"og:locale\" content=\"cs_CZ\" \/>\n<meta property=\"og:type\" content=\"article\" \/>\n<meta property=\"og:title\" content=\"Archivn\u00ed verze Faktura VAT 2026 - Ksiegowosc24.pl\" \/>\n<meta property=\"og:description\" content=\"Pokud se objev\u00ed probl\u00e9m s fungov\u00e1n\u00edm modulu programu v nov\u00e9 verzi, m\u016f\u017eeme si v\u017edy st\u00e1hnout star\u0161\u00ed stabiln\u00ed verzi, ve kter\u00e9 dan\u00e1 funkce fungovala spr\u00e1vn\u011b.\" \/>\n<meta property=\"og:url\" content=\"https:\/\/ksiegowosc24.pl\/cs\/wp-json\/wp\/v2\/pages\/258645\/\" \/>\n<meta property=\"og:site_name\" content=\"Ksiegowosc24.pl\" \/>\n<meta property=\"article:publisher\" content=\"http:\/\/www.facebook.com\/pages\/rafsoftnet\/116798445016643\" \/>\n<meta property=\"article:modified_time\" content=\"2025-02-10T06:56:50+00:00\" \/>\n<meta property=\"og:image\" content=\"https:\/\/ksiegowosc24.pl\/wp-content\/uploads\/2026\/03\/Program-Faktura-VAT-e1690689179406.webp\" \/>\n<meta name=\"twitter:card\" content=\"summary_large_image\" \/>\n<script type=\"application\/ld+json\" class=\"yoast-schema-graph\">{\"@context\":\"https:\\\/\\\/schema.org\",\"@graph\":[{\"@type\":\"WebPage\",\"@id\":\"https:\\\/\\\/ksiegowosc24.pl\\\/cs\\\/archivni-verze-faktury-na-dph-2025\\\/\",\"url\":\"https:\\\/\\\/ksiegowosc24.pl\\\/cs\\\/archivni-verze-faktury-na-dph-2025\\\/\",\"name\":\"Archivn\u00ed verze [product_name] - Ksiegowosc24.pl\",\"isPartOf\":{\"@id\":\"https:\\\/\\\/ksiegowosc24.pl\\\/cs\\\/#website\"},\"datePublished\":\"2019-02-07T03:28:19+00:00\",\"dateModified\":\"2025-02-10T06:56:50+00:00\",\"description\":\"Pokud se objev\u00ed probl\u00e9m s fungov\u00e1n\u00edm modulu programu v nov\u00e9 verzi, m\u016f\u017eeme si v\u017edy st\u00e1hnout star\u0161\u00ed stabiln\u00ed verzi, ve kter\u00e9 dan\u00e1 funkce fungovala spr\u00e1vn\u011b.\",\"breadcrumb\":{\"@id\":\"https:\\\/\\\/ksiegowosc24.pl\\\/cs\\\/archivni-verze-faktury-na-dph-2025\\\/#breadcrumb\"},\"inLanguage\":\"cs\",\"potentialAction\":[{\"@type\":\"ReadAction\",\"target\":[\"https:\\\/\\\/ksiegowosc24.pl\\\/cs\\\/archivni-verze-faktury-na-dph-2025\\\/\"]}]},{\"@type\":\"BreadcrumbList\",\"@id\":\"https:\\\/\\\/ksiegowosc24.pl\\\/cs\\\/archivni-verze-faktury-na-dph-2025\\\/#breadcrumb\",\"itemListElement\":[{\"@type\":\"ListItem\",\"position\":1,\"name\":\"DOMOVSK\u00c1 STR\u00c1NKA\",\"item\":\"https:\\\/\\\/ksiegowosc24.pl\\\/cs\\\/\"},{\"@type\":\"ListItem\",\"position\":2,\"name\":\"Archivn\u00ed verze faktury na DPH 2025\"}]},{\"@type\":\"WebSite\",\"@id\":\"https:\\\/\\\/ksiegowosc24.pl\\\/cs\\\/#website\",\"url\":\"https:\\\/\\\/ksiegowosc24.pl\\\/cs\\\/\",\"name\":\"Ksiegowosc24.pl\",\"description\":\"Prosty program do faktur\",\"publisher\":{\"@id\":\"https:\\\/\\\/ksiegowosc24.pl\\\/cs\\\/#organization\"},\"potentialAction\":[{\"@type\":\"SearchAction\",\"target\":{\"@type\":\"EntryPoint\",\"urlTemplate\":\"https:\\\/\\\/ksiegowosc24.pl\\\/cs\\\/?s={search_term_string}\"},\"query-input\":{\"@type\":\"PropertyValueSpecification\",\"valueRequired\":true,\"valueName\":\"search_term_string\"}}],\"inLanguage\":\"cs\"},{\"@type\":\"Organization\",\"@id\":\"https:\\\/\\\/ksiegowosc24.pl\\\/cs\\\/#organization\",\"name\":\"Ksiegowosc24.pl\",\"url\":\"https:\\\/\\\/ksiegowosc24.pl\\\/cs\\\/\",\"logo\":{\"@type\":\"ImageObject\",\"inLanguage\":\"cs\",\"@id\":\"https:\\\/\\\/ksiegowosc24.pl\\\/cs\\\/#\\\/schema\\\/logo\\\/image\\\/\",\"url\":\"https:\\\/\\\/ksiegowosc24.pl\\\/wp-content\\\/uploads\\\/2023\\\/05\\\/1bold-black.png\",\"contentUrl\":\"https:\\\/\\\/ksiegowosc24.pl\\\/wp-content\\\/uploads\\\/2023\\\/05\\\/1bold-black.png\",\"width\":300,\"height\":60,\"caption\":\"Ksiegowosc24.pl\"},\"image\":{\"@id\":\"https:\\\/\\\/ksiegowosc24.pl\\\/cs\\\/#\\\/schema\\\/logo\\\/image\\\/\"},\"sameAs\":[\"http:\\\/\\\/www.facebook.com\\\/pages\\\/rafsoftnet\\\/116798445016643\",\"http:\\\/\\\/www.youtube.com\\\/user\\\/rafsoftNET?sub_confirmation=1\"],\"description\":\"Nowoczesny i prosty program do fakturowania\",\"email\":\"biuro@rafsoft.net\",\"legalName\":\"RAFSOFT.NET Sp. z.o.o.\",\"foundingDate\":\"2002-07-20\",\"numberOfEmployees\":{\"@type\":\"QuantitativeValue\",\"minValue\":\"1\",\"maxValue\":\"10\"}}]}<\/script>\n<!-- \/ Yoast SEO Premium plugin. -->","yoast_head_json":{"title":"Archivn\u00ed verze Faktura VAT 2026 - Ksiegowosc24.pl","description":"Pokud se objev\u00ed probl\u00e9m s fungov\u00e1n\u00edm modulu programu v nov\u00e9 verzi, m\u016f\u017eeme si v\u017edy st\u00e1hnout star\u0161\u00ed stabiln\u00ed verzi, ve kter\u00e9 dan\u00e1 funkce fungovala spr\u00e1vn\u011b.","robots":{"index":"index","follow":"follow","max-snippet":"max-snippet:-1","max-image-preview":"max-image-preview:large","max-video-preview":"max-video-preview:-1"},"canonical":"https:\/\/ksiegowosc24.pl\/cs\/archivni-verze-faktury-na-dph-2025\/","og_locale":"cs_CZ","og_type":"article","og_title":"Archivn\u00ed verze Faktura VAT 2026 - Ksiegowosc24.pl","og_description":"Pokud se objev\u00ed probl\u00e9m s fungov\u00e1n\u00edm modulu programu v nov\u00e9 verzi, m\u016f\u017eeme si v\u017edy st\u00e1hnout star\u0161\u00ed stabiln\u00ed verzi, ve kter\u00e9 dan\u00e1 funkce fungovala spr\u00e1vn\u011b.","og_url":"https:\/\/ksiegowosc24.pl\/cs\/wp-json\/wp\/v2\/pages\/258645\/","og_site_name":"Ksiegowosc24.pl","article_publisher":"http:\/\/www.facebook.com\/pages\/rafsoftnet\/116798445016643","article_modified_time":"2025-02-10T06:56:50+00:00","og_image":[{"url":"https:\/\/ksiegowosc24.pl\/wp-content\/uploads\/2026\/03\/Program-Faktura-VAT-e1690689179406.webp","type":"","width":"","height":""}],"twitter_card":"summary_large_image","schema":{"@context":"https:\/\/schema.org","@graph":[{"@type":"WebPage","@id":"https:\/\/ksiegowosc24.pl\/cs\/archivni-verze-faktury-na-dph-2025\/","url":"https:\/\/ksiegowosc24.pl\/cs\/archivni-verze-faktury-na-dph-2025\/","name":"Archivn\u00ed verze [product_name] - Ksiegowosc24.pl","isPartOf":{"@id":"https:\/\/ksiegowosc24.pl\/cs\/#website"},"datePublished":"2019-02-07T03:28:19+00:00","dateModified":"2025-02-10T06:56:50+00:00","description":"Pokud se objev\u00ed probl\u00e9m s fungov\u00e1n\u00edm modulu programu v nov\u00e9 verzi, m\u016f\u017eeme si v\u017edy st\u00e1hnout star\u0161\u00ed stabiln\u00ed verzi, ve kter\u00e9 dan\u00e1 funkce fungovala spr\u00e1vn\u011b.","breadcrumb":{"@id":"https:\/\/ksiegowosc24.pl\/cs\/archivni-verze-faktury-na-dph-2025\/#breadcrumb"},"inLanguage":"cs","potentialAction":[{"@type":"ReadAction","target":["https:\/\/ksiegowosc24.pl\/cs\/archivni-verze-faktury-na-dph-2025\/"]}]},{"@type":"BreadcrumbList","@id":"https:\/\/ksiegowosc24.pl\/cs\/archivni-verze-faktury-na-dph-2025\/#breadcrumb","itemListElement":[{"@type":"ListItem","position":1,"name":"DOMOVSK\u00c1 STR\u00c1NKA","item":"https:\/\/ksiegowosc24.pl\/cs\/"},{"@type":"ListItem","position":2,"name":"Archivn\u00ed verze faktury na DPH 2025"}]},{"@type":"WebSite","@id":"https:\/\/ksiegowosc24.pl\/cs\/#website","url":"https:\/\/ksiegowosc24.pl\/cs\/","name":"Ksiegowosc24.pl","description":"Prosty program do faktur","publisher":{"@id":"https:\/\/ksiegowosc24.pl\/cs\/#organization"},"potentialAction":[{"@type":"SearchAction","target":{"@type":"EntryPoint","urlTemplate":"https:\/\/ksiegowosc24.pl\/cs\/?s={search_term_string}"},"query-input":{"@type":"PropertyValueSpecification","valueRequired":true,"valueName":"search_term_string"}}],"inLanguage":"cs"},{"@type":"Organization","@id":"https:\/\/ksiegowosc24.pl\/cs\/#organization","name":"Ksiegowosc24.pl","url":"https:\/\/ksiegowosc24.pl\/cs\/","logo":{"@type":"ImageObject","inLanguage":"cs","@id":"https:\/\/ksiegowosc24.pl\/cs\/#\/schema\/logo\/image\/","url":"https:\/\/ksiegowosc24.pl\/wp-content\/uploads\/2023\/05\/1bold-black.png","contentUrl":"https:\/\/ksiegowosc24.pl\/wp-content\/uploads\/2023\/05\/1bold-black.png","width":300,"height":60,"caption":"Ksiegowosc24.pl"},"image":{"@id":"https:\/\/ksiegowosc24.pl\/cs\/#\/schema\/logo\/image\/"},"sameAs":["http:\/\/www.facebook.com\/pages\/rafsoftnet\/116798445016643","http:\/\/www.youtube.com\/user\/rafsoftNET?sub_confirmation=1"],"description":"Nowoczesny i prosty program do fakturowania","email":"biuro@rafsoft.net","legalName":"RAFSOFT.NET Sp. z.o.o.","foundingDate":"2002-07-20","numberOfEmployees":{"@type":"QuantitativeValue","minValue":"1","maxValue":"10"}}]}},"_links":{"self":[{"href":"https:\/\/ksiegowosc24.pl\/cs\/wp-json\/wp\/v2\/pages\/258645","targetHints":{"allow":["GET"]}}],"collection":[{"href":"https:\/\/ksiegowosc24.pl\/cs\/wp-json\/wp\/v2\/pages"}],"about":[{"href":"https:\/\/ksiegowosc24.pl\/cs\/wp-json\/wp\/v2\/types\/page"}],"author":[{"embeddable":true,"href":"https:\/\/ksiegowosc24.pl\/cs\/wp-json\/wp\/v2\/users\/1"}],"replies":[{"embeddable":true,"href":"https:\/\/ksiegowosc24.pl\/cs\/wp-json\/wp\/v2\/comments?post=258645"}],"version-history":[{"count":3,"href":"https:\/\/ksiegowosc24.pl\/cs\/wp-json\/wp\/v2\/pages\/258645\/revisions"}],"predecessor-version":[{"id":258648,"href":"https:\/\/ksiegowosc24.pl\/cs\/wp-json\/wp\/v2\/pages\/258645\/revisions\/258648"}],"wp:attachment":[{"href":"https:\/\/ksiegowosc24.pl\/cs\/wp-json\/wp\/v2\/media?parent=258645"}],"curies":[{"name":"wp","href":"https:\/\/api.w.org\/{rel}","templated":true}]}}