{"id":258657,"date":"2023-06-20T05:36:23","date_gmt":"2023-06-20T05:36:23","guid":{"rendered":"https:\/\/ksiegowosc24.pl\/faktura-dph-jednoduchy-fakturacni-program\/"},"modified":"2025-02-10T07:00:06","modified_gmt":"2025-02-10T07:00:06","slug":"faktura-dph-jednoduchy-fakturacni-program","status":"publish","type":"page","link":"https:\/\/ksiegowosc24.pl\/cs\/faktura-dph-jednoduchy-fakturacni-program\/","title":{"rendered":"Faktura VAT &#8211; Jednoduch\u00fd faktura\u010dn\u00ed program"},"content":{"rendered":"\t\t<div data-elementor-type=\"wp-page\" data-elementor-id=\"258657\" class=\"elementor elementor-258657\">\n\t\t\t\t<div class=\"elementor-element elementor-element-8fcbb9b e-flex e-con-boxed e-con e-parent\" data-id=\"8fcbb9b\" data-element_type=\"container\" data-e-type=\"container\">\n\t\t\t\t\t<div class=\"e-con-inner\">\n\t\t\t\t<div class=\"elementor-element elementor-element-0b2d196 elementor-widget elementor-widget-text-editor\" data-id=\"0b2d196\" data-element_type=\"widget\" data-e-type=\"widget\" data-widget_type=\"text-editor.default\">\n\t\t\t\t<div class=\"elementor-widget-container\">\n\t\t\t\t\t\t\t\t\t<p>DPH faktura 2023 je modern\u00ed a jednoduch\u00fd <strong><a href=\"https:\/\/ksiegowosc24.pl\/cs\/faktura-dph-jednoduchy-fakturacni-program\/\">faktura\u010dn\u00ed software &#8211;<\/a> <a href=\"https:\/\/ksiegowosc24.pl\/cs\/\">DPH faktura<\/a><\/strong>, kter\u00fd je ur\u010den pro pou\u017eit\u00ed v mal\u00fdch a st\u0159edn\u00edch firm\u00e1ch min. slu\u017eeb, obchodu nebo v\u00fdroby. S jeho pomoc\u00ed vystav\u00edte a uprav\u00edte v\u0161echny pot\u0159ebn\u00e9 prodejn\u00ed nebo n\u00e1kupn\u00ed doklady.  <\/p>\n<p>Nab\u00eddka na\u0161eho levn\u00e9ho faktura\u010dn\u00edho softwaru je \u0161irok\u00e1 a p\u0159izp\u016fsoben\u00e1 po\u017eadavk\u016fm firem s r\u016fzn\u00fdm profilem podnik\u00e1n\u00ed.<\/p>\n<p>N\u00e1\u0161 z\u00e1kazn\u00edk si m\u016f\u017ee vybrat ze t\u0159\u00ed \u00farovn\u00ed stejn\u00e9ho <strong>jednoduch\u00e9ho <a href=\"https:\/\/ksiegowosc24.pl\/produkt\/program-do-faktur\/\">faktura\u010dn\u00edho programu<\/a><\/strong>: Faktura VAT START, Faktura VAT STANDARD a Faktura VAT PRO. Ka\u017ed\u00fd program m\u00e1 samostatnou nab\u00eddku dopl\u0148kov\u00fdch slu\u017eeb na podporu fakturace a \u00fa\u010detnictv\u00ed. Ka\u017ed\u00e1 vy\u0161\u0161\u00ed verze faktura\u010dn\u00edho programu m\u00e1 v\u0161echny funkce p\u0159edchoz\u00ed verze roz\u0161\u00ed\u0159en\u00e9 o dal\u0161\u00ed mo\u017enosti.  <\/p>\n<h2>Program pro jednoduchou <a href=\"https:\/\/ksiegowosc24.pl\/cs\/faktura-dph-jednoduchy-fakturacni-program\/\">fakturaci<\/a> &#8211; <a href=\"https:\/\/ksiegowosc24.pl\/produkt\/program-do-faktur\/\">Faktura VAT 2023 START<\/a><\/h2>\n<p><img loading=\"lazy\" loading=\"lazy\" decoding=\"async\" class=\"alignleft wp-image-22597 size-full\" title=\"Balen\u00ed - program faktur DPH verze START\" src=\"https:\/\/ksiegowosc24.pl\/wp-content\/uploads\/2014\/01\/faktura_vat_2017-minino-cd_start.jpg\" sizes=\"auto, (max-width: 92px) 100vw, 92px\" srcset=\"https:\/\/ksiegowosc24.pl\/wp-content\/uploads\/2014\/01\/faktura_vat_2017-minino-cd_start.jpg 92w, https:\/\/ksiegowosc24.pl\/wp-content\/uploads\/2014\/01\/faktura_vat_2017-minino-cd_start-55x75.jpg 55w\" alt=\"faktura za DPH 2016\" width=\"92\" height=\"126\">Tento <strong>n\u00edzkon\u00e1kladov\u00fd <a href=\"https:\/\/ksiegowosc24.pl\/cs\/faktura-dph-jednoduchy-fakturacni-program\/\">faktura\u010dn\u00ed program<\/a><\/strong> se doporu\u010duje mal\u00fdm a st\u0159edn\u00edm podnik\u016fm, kter\u00e9 nemaj\u00ed skladov\u00e9 hospod\u00e1\u0159stv\u00ed. Jednoduch\u00e9 a <a href=\"https:\/\/ksiegowosc24.pl\/produkt\/program-do-faktur-standard\/\">rychl\u00e9 vystavov\u00e1n\u00ed <strong>faktur s DPH<\/strong><\/a> a v\u0161ech dal\u0161\u00edch <strong>prodejn\u00edch doklad\u016f<\/strong>, jako jsou z\u00e1lohy, opravn\u00e9 polo\u017eky, \u00fa\u010dtenky, vy\u00fa\u010dtov\u00e1n\u00ed, opravy. Intuitivn\u00ed ovl\u00e1d\u00e1n\u00ed programu ve Windows nebude \u010dinit probl\u00e9my ani za\u010d\u00ednaj\u00edc\u00edmu u\u017eivateli po\u010d\u00edta\u010de. Program disponuje pot\u0159ebn\u00fdmi funkcemi usnad\u0148uj\u00edc\u00edmi ka\u017edodenn\u00ed pr\u00e1ci s fakturami, jako je vyhled\u00e1va\u010d firem v datab\u00e1zi GUS, zas\u00edl\u00e1n\u00ed faktur e-mailem ve form\u00e1tu pdf, automatick\u00e9 vytv\u00e1\u0159en\u00ed vlastn\u00edch seznam\u016f dodavatel\u016f a cen\u00edk\u016f. JPK soubor, d\u011blen\u00ed plateb. N\u00e1\u0161 faktura\u010dn\u00ed program \u010d\u00edslo 1!       <a href=\"https:\/\/ksiegowosc24.pl\/produkt\/program-do-faktur\/\">V\u00edce informac\u00ed&#8230;<\/a><\/p>\n<p><a title=\"Zakupte si nyn\u00ed program START Faktura VAT 2022\" href=\"https:\/\/ksiegowosc24.pl\/zamowienie_new\/?add_to=482\" rel=\"nofollow\">  <\/a><a href=\"https:\/\/ksiegowosc24.pl\/zamowienie_new\/?add_to=482\" rel=\"nofollow\"><img loading=\"lazy\" loading=\"lazy\" decoding=\"async\" class=\"img-btn-cart alignnone wp-image-6359 size-full\" title=\"Zakupte si nyn\u00ed program START Faktura VAT 2022\" src=\"https:\/\/ksiegowosc24.pl\/wp-content\/uploads\/2015\/04\/kupteraz.png\" sizes=\"auto, (max-width: 151px) 100vw, 151px\" srcset=\"https:\/\/ksiegowosc24.pl\/wp-content\/uploads\/2015\/04\/kupteraz.png 151w, https:\/\/ksiegowosc24.pl\/wp-content\/uploads\/2015\/04\/kupteraz-150x44.png 150w\" alt=\"Zakupte si nyn\u00ed program START Faktura VAT 2022\" width=\"151\" height=\"44\"><\/a>  <a title=\"st\u00e1hnout demo program Faktura VAT START\" href=\"https:\/\/ksiegowosc24.pl\/cs\/stazeni-zdarma-na-31-dni\/\"><img loading=\"lazy\" loading=\"lazy\" decoding=\"async\" class=\"img-btn-cart alignnone wp-image-6358 size-full\" title=\"st\u00e1hnout demo program Faktura VAT START\" src=\"https:\/\/ksiegowosc24.pl\/wp-content\/uploads\/2015\/04\/pobierzdemo.png\" sizes=\"auto, (max-width: 151px) 100vw, 151px\" srcset=\"https:\/\/ksiegowosc24.pl\/wp-content\/uploads\/2015\/04\/pobierzdemo.png 151w, https:\/\/ksiegowosc24.pl\/wp-content\/uploads\/2015\/04\/pobierzdemo-150x44.png 150w\" alt=\"st\u00e1hnout demo program Faktura VAT START\" width=\"151\" height=\"44\"><\/a><\/p>\n<h2>Faktura\u010dn\u00ed program &#8211; <a href=\"https:\/\/ksiegowosc24.pl\/produkt\/program-do-faktur-standard\/\">Faktura VAT 2023 STANDARD<\/a><\/h2>\n<p><img loading=\"lazy\" loading=\"lazy\" decoding=\"async\" class=\"wp-image-22598 size-full alignleft\" title=\"Balen\u00ed - program pro vystavov\u00e1n\u00ed faktur za DPH verze STANDARD\" src=\"https:\/\/ksiegowosc24.pl\/wp-content\/uploads\/2019\/11\/faktura_vat_2020-minino-cd_standard.jpg\" alt=\"Program Faktura VAT 2020\" width=\"92\" height=\"126\">Verze STANDARD je <strong>faktura\u010dn\u00ed program<\/strong> pro v\u00fdrobn\u00ed, obchodn\u00ed a servisn\u00ed spole\u010dnosti, kter\u00e9 obchoduj\u00ed s hromadn\u00fdmi i individu\u00e1ln\u00edmi z\u00e1kazn\u00edky. Krom\u011b stejn\u00fdch funkc\u00ed jako jeho p\u0159edch\u016fdce m\u00e1 i mnoho dal\u0161\u00edch funkc\u00ed, jako je nap\u0159\u00edklad pokladn\u00ed zpr\u00e1va, p\u0159evody a faktury v angli\u010dtin\u011b, n\u011bm\u010din\u011b, \u010de\u0161tin\u011b, francouz\u0161tin\u011b a \u0161v\u00e9d\u0161tin\u011b. To je d\u016fle\u017eit\u00e9 zejm\u00e9na pro firmy se <strong>zahrani\u010dn\u00edmi<\/strong> z\u00e1kazn\u00edky (nap\u0159. dopravn\u00ed spole\u010dnosti). Program p\u0159epo\u010d\u00edt\u00e1v\u00e1 \u010d\u00e1stky podle aktu\u00e1ln\u00edho kurzu dan\u00e9 m\u011bny p\u0159evzat\u00e9ho z banky NBP. Krom\u011b toho m\u00e1 program funkce pro tisk po\u0161tovn\u00edch formul\u00e1\u0159\u016f, doru\u010dovac\u00ed knihy nebo adresn\u00edch \u0161t\u00edtk\u016f. V t\u00e9to verzi je ji\u017e mo\u017en\u00e9, aby jeden program pou\u017e\u00edvalo v\u00edce firem, tj. aby se pod jedn\u00edm programem vytvo\u0159ily r\u016fzn\u00e9 profily pro r\u016fzn\u00e9 firmy, co\u017e je u\u017eite\u010dn\u00e1 mo\u017enost nap\u0159. pro \u00fa\u010detn\u00ed kancel\u00e1\u0159e. <a href=\"https:\/\/ksiegowosc24.pl\/produkt\/program-do-faktur-standard\/\">V\u00edce informac\u00ed&#8230;<\/a>      <\/p>\n<p><a title=\"Kupte si nyn\u00ed program DPH Faktura 2022 STANDARD\" href=\"https:\/\/ksiegowosc24.pl\/zamowienie_new\/?add_to=486\" rel=\"nofollow\"><img loading=\"lazy\" loading=\"lazy\" decoding=\"async\" class=\"img-btn-cart alignnone wp-image-6359 size-full\" title=\"koupit nyn\u00ed program DPH faktura STANDARD\" src=\"https:\/\/ksiegowosc24.pl\/wp-content\/uploads\/2015\/04\/kupteraz.png\" sizes=\"auto, (max-width: 151px) 100vw, 151px\" srcset=\"https:\/\/ksiegowosc24.pl\/wp-content\/uploads\/2015\/04\/kupteraz.png 151w, https:\/\/ksiegowosc24.pl\/wp-content\/uploads\/2015\/04\/kupteraz-150x44.png 150w\" alt=\"koupit nyn\u00ed program DPH faktura STANDARD\" width=\"151\" height=\"44\"><\/a>  <a title=\"st\u00e1hnout demo program Faktura VAT STANDARD\" href=\"https:\/\/ksiegowosc24.pl\/cs\/stazeni-zdarma-na-31-dni\/\"><img loading=\"lazy\" loading=\"lazy\" decoding=\"async\" class=\"img-btn-cart alignnone wp-image-6358 size-full\" title=\"st\u00e1hnout demo program Faktura VAT STANDARD\" src=\"https:\/\/ksiegowosc24.pl\/wp-content\/uploads\/2015\/04\/pobierzdemo.png\" sizes=\"auto, (max-width: 151px) 100vw, 151px\" srcset=\"https:\/\/ksiegowosc24.pl\/wp-content\/uploads\/2015\/04\/pobierzdemo.png 151w, https:\/\/ksiegowosc24.pl\/wp-content\/uploads\/2015\/04\/pobierzdemo-150x44.png 150w\" alt=\"st\u00e1hnout demo program Faktura VAT STANDARD\" width=\"151\" height=\"44\"><\/a><\/p>\n<h2>Fakturace se skladem &#8211; <a href=\"https:\/\/ksiegowosc24.pl\/produkt\/program-do-faktur-pro\/\">Faktura VAT 2023 PRO<\/a><\/h2>\n<p><img loading=\"lazy\" loading=\"lazy\" decoding=\"async\" class=\"wp-image-22599 size-full alignleft\" title=\"Balen\u00ed - program pro fakturaci DPH verze PRO\" src=\"https:\/\/ksiegowosc24.pl\/wp-content\/uploads\/2019\/11\/faktura_vat_2020-minino-cd_pro.jpg\" alt=\"Program DPH Faktura 2020 PRO\" width=\"92\" height=\"126\">Verze PRO m\u00e1 v\u0161echny funkce p\u0159edchoz\u00edch verz\u00ed. Ve verzi PRO je nav\u00edc k dispozici <strong>podpora skladu,<\/strong> kter\u00e1 umo\u017e\u0148uje aktu\u00e1ln\u00ed kontrolu stavu z\u00e1sob, mo\u017enost tisku skladov\u00fdch z\u00e1sob, fyzick\u00fd invent\u00e1rn\u00ed list, WZ, PZ a RW. D\u00edky tomu je mo\u017en\u00e9 efektivn\u011b <a href=\"https:\/\/ksiegowosc24.pl\/produkt\/program-do-faktur-standard\/\"><strong>fakturaci se skladem<\/strong><\/a>. Verze PRO nav\u00edc disponuje modulem Obchod (umo\u017e\u0148uje v\u00fdm\u011bnu dat mezi obl\u00edben\u00fdmi obchody, nap\u0159\u00edklad Allegro, tak\u017ee na\u0161e prodeje lze fakturovat rychle a efektivn\u011b), modulem CRM a u\u017eite\u010dnou mo\u017enost\u00ed Organiz\u00e1tor s kalend\u00e1\u0159em, kde si m\u016f\u017eeme rychle prohl\u00e9dnout nap\u0159\u00edklad pl\u00e1novan\u00e9 platby. <a href=\"https:\/\/ksiegowosc24.pl\/produkt\/program-do-faktur-pro\/\">V\u00edce informac\u00ed&#8230;<\/a>   <\/p>\n<p><a title=\"koupit nyn\u00ed DPH faktura 2022 PRO\" href=\"https:\/\/ksiegowosc24.pl\/zamowienie_new\/?add_to=489\" rel=\"nofollow\"><img loading=\"lazy\" loading=\"lazy\" decoding=\"async\" class=\"img-btn-cart alignnone wp-image-6359 size-full\" title=\"Kupte si nyn\u00ed fakturu DPH 2020 PRO\" src=\"https:\/\/ksiegowosc24.pl\/wp-content\/uploads\/2015\/04\/kupteraz.png\" sizes=\"auto, (max-width: 151px) 100vw, 151px\" srcset=\"https:\/\/ksiegowosc24.pl\/wp-content\/uploads\/2015\/04\/kupteraz.png 151w, https:\/\/ksiegowosc24.pl\/wp-content\/uploads\/2015\/04\/kupteraz-150x44.png 150w\" alt=\"Kupte si nyn\u00ed fakturu DPH 2020 PRO\" width=\"151\" height=\"44\"><\/a>  <a title=\"st\u00e1hnout demo verzi programu Faktura VAT Pro\" href=\"https:\/\/ksiegowosc24.pl\/cs\/stazeni-zdarma-na-31-dni\/\"><img loading=\"lazy\" loading=\"lazy\" decoding=\"async\" class=\"img-btn-cart alignnone wp-image-6358 size-full\" title=\"st\u00e1hnout demo verzi programu Faktura VAT Pro\" src=\"https:\/\/ksiegowosc24.pl\/wp-content\/uploads\/2015\/04\/pobierzdemo.png\" sizes=\"auto, (max-width: 151px) 100vw, 151px\" srcset=\"https:\/\/ksiegowosc24.pl\/wp-content\/uploads\/2015\/04\/pobierzdemo.png 151w, https:\/\/ksiegowosc24.pl\/wp-content\/uploads\/2015\/04\/pobierzdemo-150x44.png 150w\" alt=\"st\u00e1hnout demo verzi programu Faktura VAT Pro\" width=\"151\" height=\"44\"><\/a><\/p>\n\t\t\t\t\t\t\t\t<\/div>\n\t\t\t\t<\/div>\n\t\t\t\t\t<\/div>\n\t\t\t\t<\/div>\n\t\t\t\t<\/div>\n\t\t","protected":false},"excerpt":{"rendered":"<p>DPH faktura 2023 je modern\u00ed a jednoduch\u00fd faktura\u010dn\u00ed software &#8211; DPH faktura, kter\u00fd je ur\u010den pro pou\u017eit\u00ed v mal\u00fdch a st\u0159edn\u00edch firm\u00e1ch min. slu\u017eeb, obchodu nebo v\u00fdroby. S jeho pomoc\u00ed vystav\u00edte a uprav\u00edte v\u0161echny pot\u0159ebn\u00e9 prodejn\u00ed nebo n\u00e1kupn\u00ed doklady. Nab\u00eddka na\u0161eho levn\u00e9ho faktura\u010dn\u00edho softwaru je \u0161irok\u00e1 a p\u0159izp\u016fsoben\u00e1 po\u017eadavk\u016fm firem s r\u016fzn\u00fdm profilem podnik\u00e1n\u00ed. N\u00e1\u0161 [&hellip;]<\/p>\n","protected":false},"author":1,"featured_media":0,"parent":0,"menu_order":0,"comment_status":"closed","ping_status":"closed","template":"","meta":{"_acf_changed":false,"footnotes":""},"class_list":["post-258657","page","type-page","status-publish","hentry"],"blocksy_meta":{"background":{"desktop":{"background_type":"color","background_pattern":"type-1","background_image":{"attachment_id":null,"x":0,"y":0},"gradient":"linear-gradient(135deg,rgba(6,147,227,1) 0%,rgb(155,81,224) 100%)","background_repeat":"repeat","background_size":"auto","background_attachment":"scroll","patternColor":{"default":{"color":"#e5e7ea"}},"overlayColor":{"default":{"color":"CT_CSS_SKIP_RULE"}},"backgroundColor":{"default":{"color":"var(--theme-palette-color-8)"}}},"tablet":{"background_type":"color","background_pattern":"type-1","background_image":{"attachment_id":null,"x":0,"y":0},"gradient":"linear-gradient(135deg,rgba(6,147,227,1) 0%,rgb(155,81,224) 100%)","background_repeat":"repeat","background_size":"auto","background_attachment":"scroll","patternColor":{"default":{"color":"#e5e7ea"}},"overlayColor":{"default":{"color":"CT_CSS_SKIP_RULE"}},"backgroundColor":{"default":{"color":"var(--theme-palette-color-8)"}}},"mobile":{"background_type":"color","background_pattern":"type-1","background_image":{"attachment_id":null,"x":0,"y":0},"gradient":"linear-gradient(135deg,rgba(6,147,227,1) 0%,rgb(155,81,224) 100%)","background_repeat":"repeat","background_size":"auto","background_attachment":"scroll","patternColor":{"default":{"color":"#e5e7ea"}},"overlayColor":{"default":{"color":"CT_CSS_SKIP_RULE"}},"backgroundColor":{"default":{"color":"var(--theme-palette-color-8)"}}},"__changed":[]},"styles_descriptor":{"styles":{"desktop":"[data-prefix=\"single_page\"] {background-color:var(--theme-palette-color-8);background-image:none;}","tablet":"","mobile":""},"google_fonts":[],"version":6}},"acf":[],"yoast_head":"<!-- This site is optimized with the Yoast SEO Premium plugin v27.3 (Yoast SEO v27.3) - https:\/\/yoast.com\/product\/yoast-seo-premium-wordpress\/ -->\n<title>Faktura DPH - Jednoduch\u00fd faktura\u010dn\u00ed program<\/title>\n<meta name=\"description\" content=\"DPH faktura 2023 je modern\u00ed a jednoduch\u00fd faktura\u010dn\u00ed software - DPH faktura, kter\u00fd je ur\u010den pro pou\u017eit\u00ed v mal\u00fdch a st\u0159edn\u00edch firm\u00e1ch min. slu\u017eeb, obchodu\" \/>\n<meta name=\"robots\" content=\"index, follow, max-snippet:-1, max-image-preview:large, max-video-preview:-1\" \/>\n<link rel=\"canonical\" href=\"https:\/\/ksiegowosc24.pl\/cs\/faktura-dph-jednoduchy-fakturacni-program\/\" \/>\n<meta property=\"og:locale\" content=\"cs_CZ\" \/>\n<meta property=\"og:type\" content=\"article\" \/>\n<meta property=\"og:title\" content=\"Faktura DPH - Jednoduch\u00fd faktura\u010dn\u00ed program\" \/>\n<meta property=\"og:description\" content=\"DPH faktura 2023 je modern\u00ed a jednoduch\u00fd faktura\u010dn\u00ed software - DPH faktura, kter\u00fd je ur\u010den pro pou\u017eit\u00ed v mal\u00fdch a st\u0159edn\u00edch firm\u00e1ch min. slu\u017eeb, obchodu\" \/>\n<meta property=\"og:url\" content=\"https:\/\/ksiegowosc24.pl\/cs\/wp-json\/wp\/v2\/pages\/258657\/\" \/>\n<meta property=\"og:site_name\" content=\"Ksiegowosc24.pl\" \/>\n<meta property=\"article:publisher\" content=\"http:\/\/www.facebook.com\/pages\/rafsoftnet\/116798445016643\" \/>\n<meta property=\"article:modified_time\" content=\"2025-02-10T07:00:06+00:00\" \/>\n<meta property=\"og:image\" content=\"https:\/\/ksiegowosc24.pl\/wp-content\/uploads\/2026\/03\/Program-Faktura-VAT-e1690689179406.webp\" \/><meta property=\"og:image\" content=\"https:\/\/ksiegowosc24.pl\/wp-content\/uploads\/2014\/01\/faktura_vat_2017-minino-cd_start.jpg\" \/>\n\t<meta property=\"og:image:width\" content=\"92\" \/>\n\t<meta property=\"og:image:height\" content=\"126\" \/>\n\t<meta property=\"og:image:type\" content=\"image\/jpeg\" \/>\n<meta name=\"twitter:card\" content=\"summary_large_image\" \/>\n<meta name=\"twitter:label1\" content=\"Odhadovan\u00e1 doba \u010dten\u00ed\" \/>\n\t<meta name=\"twitter:data1\" content=\"3 minuty\" \/>\n<script type=\"application\/ld+json\" class=\"yoast-schema-graph\">{\"@context\":\"https:\\\/\\\/schema.org\",\"@graph\":[{\"@type\":\"WebPage\",\"@id\":\"https:\\\/\\\/ksiegowosc24.pl\\\/cs\\\/faktura-dph-jednoduchy-fakturacni-program\\\/\",\"url\":\"https:\\\/\\\/ksiegowosc24.pl\\\/cs\\\/faktura-dph-jednoduchy-fakturacni-program\\\/\",\"name\":\"Faktura DPH - Jednoduch\u00fd faktura\u010dn\u00ed program\",\"isPartOf\":{\"@id\":\"https:\\\/\\\/ksiegowosc24.pl\\\/cs\\\/#website\"},\"primaryImageOfPage\":{\"@id\":\"https:\\\/\\\/ksiegowosc24.pl\\\/cs\\\/faktura-dph-jednoduchy-fakturacni-program\\\/#primaryimage\"},\"image\":{\"@id\":\"https:\\\/\\\/ksiegowosc24.pl\\\/cs\\\/faktura-dph-jednoduchy-fakturacni-program\\\/#primaryimage\"},\"thumbnailUrl\":\"https:\\\/\\\/ksiegowosc24.pl\\\/wp-content\\\/uploads\\\/2014\\\/01\\\/faktura_vat_2017-minino-cd_start.jpg\",\"datePublished\":\"2023-06-20T05:36:23+00:00\",\"dateModified\":\"2025-02-10T07:00:06+00:00\",\"description\":\"DPH faktura 2023 je modern\u00ed a jednoduch\u00fd faktura\u010dn\u00ed software - DPH faktura, kter\u00fd je ur\u010den pro pou\u017eit\u00ed v mal\u00fdch a st\u0159edn\u00edch firm\u00e1ch min. slu\u017eeb, obchodu\",\"breadcrumb\":{\"@id\":\"https:\\\/\\\/ksiegowosc24.pl\\\/cs\\\/faktura-dph-jednoduchy-fakturacni-program\\\/#breadcrumb\"},\"inLanguage\":\"cs\",\"potentialAction\":[{\"@type\":\"ReadAction\",\"target\":[\"https:\\\/\\\/ksiegowosc24.pl\\\/cs\\\/faktura-dph-jednoduchy-fakturacni-program\\\/\"]}]},{\"@type\":\"ImageObject\",\"inLanguage\":\"cs\",\"@id\":\"https:\\\/\\\/ksiegowosc24.pl\\\/cs\\\/faktura-dph-jednoduchy-fakturacni-program\\\/#primaryimage\",\"url\":\"https:\\\/\\\/ksiegowosc24.pl\\\/wp-content\\\/uploads\\\/2014\\\/01\\\/faktura_vat_2017-minino-cd_start.jpg\",\"contentUrl\":\"https:\\\/\\\/ksiegowosc24.pl\\\/wp-content\\\/uploads\\\/2014\\\/01\\\/faktura_vat_2017-minino-cd_start.jpg\"},{\"@type\":\"BreadcrumbList\",\"@id\":\"https:\\\/\\\/ksiegowosc24.pl\\\/cs\\\/faktura-dph-jednoduchy-fakturacni-program\\\/#breadcrumb\",\"itemListElement\":[{\"@type\":\"ListItem\",\"position\":1,\"name\":\"DOMOVSK\u00c1 STR\u00c1NKA\",\"item\":\"https:\\\/\\\/ksiegowosc24.pl\\\/cs\\\/\"},{\"@type\":\"ListItem\",\"position\":2,\"name\":\"Faktura DPH &#8211; Jednoduch\u00fd faktura\u010dn\u00ed program\"}]},{\"@type\":\"WebSite\",\"@id\":\"https:\\\/\\\/ksiegowosc24.pl\\\/cs\\\/#website\",\"url\":\"https:\\\/\\\/ksiegowosc24.pl\\\/cs\\\/\",\"name\":\"Ksiegowosc24.pl\",\"description\":\"Prosty program do faktur\",\"publisher\":{\"@id\":\"https:\\\/\\\/ksiegowosc24.pl\\\/cs\\\/#organization\"},\"potentialAction\":[{\"@type\":\"SearchAction\",\"target\":{\"@type\":\"EntryPoint\",\"urlTemplate\":\"https:\\\/\\\/ksiegowosc24.pl\\\/cs\\\/?s={search_term_string}\"},\"query-input\":{\"@type\":\"PropertyValueSpecification\",\"valueRequired\":true,\"valueName\":\"search_term_string\"}}],\"inLanguage\":\"cs\"},{\"@type\":\"Organization\",\"@id\":\"https:\\\/\\\/ksiegowosc24.pl\\\/cs\\\/#organization\",\"name\":\"Ksiegowosc24.pl\",\"url\":\"https:\\\/\\\/ksiegowosc24.pl\\\/cs\\\/\",\"logo\":{\"@type\":\"ImageObject\",\"inLanguage\":\"cs\",\"@id\":\"https:\\\/\\\/ksiegowosc24.pl\\\/cs\\\/#\\\/schema\\\/logo\\\/image\\\/\",\"url\":\"https:\\\/\\\/ksiegowosc24.pl\\\/wp-content\\\/uploads\\\/2023\\\/05\\\/1bold-black.png\",\"contentUrl\":\"https:\\\/\\\/ksiegowosc24.pl\\\/wp-content\\\/uploads\\\/2023\\\/05\\\/1bold-black.png\",\"width\":300,\"height\":60,\"caption\":\"Ksiegowosc24.pl\"},\"image\":{\"@id\":\"https:\\\/\\\/ksiegowosc24.pl\\\/cs\\\/#\\\/schema\\\/logo\\\/image\\\/\"},\"sameAs\":[\"http:\\\/\\\/www.facebook.com\\\/pages\\\/rafsoftnet\\\/116798445016643\",\"http:\\\/\\\/www.youtube.com\\\/user\\\/rafsoftNET?sub_confirmation=1\"],\"description\":\"Nowoczesny i prosty program do fakturowania\",\"email\":\"biuro@rafsoft.net\",\"legalName\":\"RAFSOFT.NET Sp. z.o.o.\",\"foundingDate\":\"2002-07-20\",\"numberOfEmployees\":{\"@type\":\"QuantitativeValue\",\"minValue\":\"1\",\"maxValue\":\"10\"}}]}<\/script>\n<!-- \/ Yoast SEO Premium plugin. -->","yoast_head_json":{"title":"Faktura DPH - Jednoduch\u00fd faktura\u010dn\u00ed program","description":"DPH faktura 2023 je modern\u00ed a jednoduch\u00fd faktura\u010dn\u00ed software - DPH faktura, kter\u00fd je ur\u010den pro pou\u017eit\u00ed v mal\u00fdch a st\u0159edn\u00edch firm\u00e1ch min. slu\u017eeb, obchodu","robots":{"index":"index","follow":"follow","max-snippet":"max-snippet:-1","max-image-preview":"max-image-preview:large","max-video-preview":"max-video-preview:-1"},"canonical":"https:\/\/ksiegowosc24.pl\/cs\/faktura-dph-jednoduchy-fakturacni-program\/","og_locale":"cs_CZ","og_type":"article","og_title":"Faktura DPH - Jednoduch\u00fd faktura\u010dn\u00ed program","og_description":"DPH faktura 2023 je modern\u00ed a jednoduch\u00fd faktura\u010dn\u00ed software - DPH faktura, kter\u00fd je ur\u010den pro pou\u017eit\u00ed v mal\u00fdch a st\u0159edn\u00edch firm\u00e1ch min. slu\u017eeb, obchodu","og_url":"https:\/\/ksiegowosc24.pl\/cs\/wp-json\/wp\/v2\/pages\/258657\/","og_site_name":"Ksiegowosc24.pl","article_publisher":"http:\/\/www.facebook.com\/pages\/rafsoftnet\/116798445016643","article_modified_time":"2025-02-10T07:00:06+00:00","og_image":[{"url":"https:\/\/ksiegowosc24.pl\/wp-content\/uploads\/2026\/03\/Program-Faktura-VAT-e1690689179406.webp","type":"","width":"","height":""},{"width":92,"height":126,"url":"https:\/\/ksiegowosc24.pl\/wp-content\/uploads\/2014\/01\/faktura_vat_2017-minino-cd_start.jpg","type":"image\/jpeg"}],"twitter_card":"summary_large_image","twitter_misc":{"Odhadovan\u00e1 doba \u010dten\u00ed":"3 minuty"},"schema":{"@context":"https:\/\/schema.org","@graph":[{"@type":"WebPage","@id":"https:\/\/ksiegowosc24.pl\/cs\/faktura-dph-jednoduchy-fakturacni-program\/","url":"https:\/\/ksiegowosc24.pl\/cs\/faktura-dph-jednoduchy-fakturacni-program\/","name":"Faktura DPH - Jednoduch\u00fd faktura\u010dn\u00ed program","isPartOf":{"@id":"https:\/\/ksiegowosc24.pl\/cs\/#website"},"primaryImageOfPage":{"@id":"https:\/\/ksiegowosc24.pl\/cs\/faktura-dph-jednoduchy-fakturacni-program\/#primaryimage"},"image":{"@id":"https:\/\/ksiegowosc24.pl\/cs\/faktura-dph-jednoduchy-fakturacni-program\/#primaryimage"},"thumbnailUrl":"https:\/\/ksiegowosc24.pl\/wp-content\/uploads\/2014\/01\/faktura_vat_2017-minino-cd_start.jpg","datePublished":"2023-06-20T05:36:23+00:00","dateModified":"2025-02-10T07:00:06+00:00","description":"DPH faktura 2023 je modern\u00ed a jednoduch\u00fd faktura\u010dn\u00ed software - DPH faktura, kter\u00fd je ur\u010den pro pou\u017eit\u00ed v mal\u00fdch a st\u0159edn\u00edch firm\u00e1ch min. slu\u017eeb, obchodu","breadcrumb":{"@id":"https:\/\/ksiegowosc24.pl\/cs\/faktura-dph-jednoduchy-fakturacni-program\/#breadcrumb"},"inLanguage":"cs","potentialAction":[{"@type":"ReadAction","target":["https:\/\/ksiegowosc24.pl\/cs\/faktura-dph-jednoduchy-fakturacni-program\/"]}]},{"@type":"ImageObject","inLanguage":"cs","@id":"https:\/\/ksiegowosc24.pl\/cs\/faktura-dph-jednoduchy-fakturacni-program\/#primaryimage","url":"https:\/\/ksiegowosc24.pl\/wp-content\/uploads\/2014\/01\/faktura_vat_2017-minino-cd_start.jpg","contentUrl":"https:\/\/ksiegowosc24.pl\/wp-content\/uploads\/2014\/01\/faktura_vat_2017-minino-cd_start.jpg"},{"@type":"BreadcrumbList","@id":"https:\/\/ksiegowosc24.pl\/cs\/faktura-dph-jednoduchy-fakturacni-program\/#breadcrumb","itemListElement":[{"@type":"ListItem","position":1,"name":"DOMOVSK\u00c1 STR\u00c1NKA","item":"https:\/\/ksiegowosc24.pl\/cs\/"},{"@type":"ListItem","position":2,"name":"Faktura DPH &#8211; Jednoduch\u00fd faktura\u010dn\u00ed program"}]},{"@type":"WebSite","@id":"https:\/\/ksiegowosc24.pl\/cs\/#website","url":"https:\/\/ksiegowosc24.pl\/cs\/","name":"Ksiegowosc24.pl","description":"Prosty program do faktur","publisher":{"@id":"https:\/\/ksiegowosc24.pl\/cs\/#organization"},"potentialAction":[{"@type":"SearchAction","target":{"@type":"EntryPoint","urlTemplate":"https:\/\/ksiegowosc24.pl\/cs\/?s={search_term_string}"},"query-input":{"@type":"PropertyValueSpecification","valueRequired":true,"valueName":"search_term_string"}}],"inLanguage":"cs"},{"@type":"Organization","@id":"https:\/\/ksiegowosc24.pl\/cs\/#organization","name":"Ksiegowosc24.pl","url":"https:\/\/ksiegowosc24.pl\/cs\/","logo":{"@type":"ImageObject","inLanguage":"cs","@id":"https:\/\/ksiegowosc24.pl\/cs\/#\/schema\/logo\/image\/","url":"https:\/\/ksiegowosc24.pl\/wp-content\/uploads\/2023\/05\/1bold-black.png","contentUrl":"https:\/\/ksiegowosc24.pl\/wp-content\/uploads\/2023\/05\/1bold-black.png","width":300,"height":60,"caption":"Ksiegowosc24.pl"},"image":{"@id":"https:\/\/ksiegowosc24.pl\/cs\/#\/schema\/logo\/image\/"},"sameAs":["http:\/\/www.facebook.com\/pages\/rafsoftnet\/116798445016643","http:\/\/www.youtube.com\/user\/rafsoftNET?sub_confirmation=1"],"description":"Nowoczesny i prosty program do fakturowania","email":"biuro@rafsoft.net","legalName":"RAFSOFT.NET Sp. z.o.o.","foundingDate":"2002-07-20","numberOfEmployees":{"@type":"QuantitativeValue","minValue":"1","maxValue":"10"}}]}},"_links":{"self":[{"href":"https:\/\/ksiegowosc24.pl\/cs\/wp-json\/wp\/v2\/pages\/258657","targetHints":{"allow":["GET"]}}],"collection":[{"href":"https:\/\/ksiegowosc24.pl\/cs\/wp-json\/wp\/v2\/pages"}],"about":[{"href":"https:\/\/ksiegowosc24.pl\/cs\/wp-json\/wp\/v2\/types\/page"}],"author":[{"embeddable":true,"href":"https:\/\/ksiegowosc24.pl\/cs\/wp-json\/wp\/v2\/users\/1"}],"replies":[{"embeddable":true,"href":"https:\/\/ksiegowosc24.pl\/cs\/wp-json\/wp\/v2\/comments?post=258657"}],"version-history":[{"count":1,"href":"https:\/\/ksiegowosc24.pl\/cs\/wp-json\/wp\/v2\/pages\/258657\/revisions"}],"predecessor-version":[{"id":258658,"href":"https:\/\/ksiegowosc24.pl\/cs\/wp-json\/wp\/v2\/pages\/258657\/revisions\/258658"}],"wp:attachment":[{"href":"https:\/\/ksiegowosc24.pl\/cs\/wp-json\/wp\/v2\/media?parent=258657"}],"curies":[{"name":"wp","href":"https:\/\/api.w.org\/{rel}","templated":true}]}}