{"id":258904,"date":"2025-02-17T02:36:33","date_gmt":"2025-02-17T02:36:33","guid":{"rendered":"https:\/\/ksiegowosc24.pl\/faktura-dph-jednoduchy-fakturacni-program-2\/"},"modified":"2025-04-27T05:01:58","modified_gmt":"2025-04-27T05:01:58","slug":"faktura-dph-jednoduchy-fakturacni-program-2","status":"publish","type":"page","link":"https:\/\/ksiegowosc24.pl\/cs\/faktura-dph-jednoduchy-fakturacni-program-2\/","title":{"rendered":"Faktura VAT &#8211; Jednoduch\u00fd faktura\u010dn\u00ed program"},"content":{"rendered":"\n<p>Faktura VAT 2023 to nowoczesny i prosty\u00a0<strong><a href=\"https:\/\/ksiegowosc24.pl\/faktura-vat-program\/\">program do faktur<\/a>\u00a0&#8211;\u00a0<a href=\"https:\/\/ksiegowosc24.pl\/\">Faktura VAT<\/a><\/strong>, kt\u00f3ry przeznaczony\u00a0jest do u\u017cytku w ma\u0142ych i \u015brednich firmach min. us\u0142ugowych, handlowych lub produkcyjnych. Dzi\u0119ki niemu wystawisz i edytujesz wszystkie niezb\u0119dne dokument sprzeda\u017cy lub zakupu.<\/p>\n\n<p>Nab\u00eddka na\u0161eho levn\u00e9ho faktura\u010dn\u00edho softwaru je \u0161irok\u00e1 a p\u0159izp\u016fsoben\u00e1 po\u017eadavk\u016fm firem s r\u016fzn\u00fdm profilem podnik\u00e1n\u00ed.<\/p>\n\n<p>Nasz klient mo\u017ce wybiera\u0107 spo\u015br\u00f3d trzech poziom\u00f3w tego samego\u00a0<strong>prostego\u00a0<a href=\"https:\/\/ksiegowosc24.pl\/produkt\/program-do-faktur\/\">programu do wystawiania faktur<\/a><\/strong>: Faktura VAT START, Faktura VAT STANDARD oraz Faktura VAT PRO. Ka\u017cdy program posiada odr\u0119bny szereg us\u0142ug dodatkowych wspieraj\u0105cych fakturowanie i ksi\u0119gowanie. Ka\u017cda wy\u017csza wersja programu do faktur posiada wszystkie funkcje wersji poprzedniej, kt\u00f3re zosta\u0142y wzbogacone o dodatkowe opcje.<\/p>\n\n<h2 class=\"wp-block-heading\" id=\"h-prosty-program-do-nbsp-wystawiania-faktur-nbsp-nbsp-faktura-vat-2023-start\">Prosty program do\u00a0<a href=\"https:\/\/ksiegowosc24.pl\/faktura-vat-program\/\">wystawiania faktur<\/a>\u00a0&#8211;\u00a0<a href=\"https:\/\/ksiegowosc24.pl\/produkt\/program-do-faktur\/\">Faktura VAT 2023 START<\/a><\/h2>\n\n<figure class=\"wp-block-image alignleft\"><img loading=\"lazy\" loading=\"lazy\" decoding=\"async\" width=\"92\" height=\"126\" src=\"https:\/\/ksiegowosc24.pl\/wp-content\/uploads\/2014\/01\/faktura_vat_2017-minino-cd_start.jpg\" alt=\"faktura za DPH 2016\" class=\"wp-image-22597\" title=\"Balen&#xED; - program faktur DPH verze START\"\/><\/figure>\n\n<p>Ten\u00a0<strong>tani\u00a0<a href=\"https:\/\/ksiegowosc24.pl\/faktura-vat-program\/\">program do fakturowania<\/a><\/strong>\u00a0polecany jest ma\u0142ym i \u015brednim przedsi\u0119biorstwom, kt\u00f3re nie prowadz\u0105 gospodarki magazynowej. Proste i\u00a0<a href=\"https:\/\/ksiegowosc24.pl\/produkt\/program-do-faktur-standard\/\">szybkie\u00a0wystawienie\u00a0<strong>faktury VAT<\/strong><\/a>\u00a0oraz wszystkich pozosta\u0142ych\u00a0<strong>dokument\u00f3w sprzeda\u017cy<\/strong>, jak zaliczki, korekty, paragony, rachunki, korekty. Intuicyjna obs\u0142uga programu w systemie Windows nie b\u0119dzie sprawia\u0142a k\u0142opot\u00f3w nawet pocz\u0105tkuj\u0105cemu u\u017cytkownikowi komputera Program posiada niezb\u0119dne funkcje u\u0142atwiaj\u0105ce codzinn\u0105 prac\u0119 z fakturami min. wyszukiwarka firm w bazie GUS,\u00a0\u00a0wysy\u0142ka faktury e-mailem w formacie pdf, automatyczne tworzenie w\u0142asnych list kontrahent\u00f3w oraz cennika. Plik JPK, split payment. Nasz program do faktur numer 1!\u00a0<a href=\"https:\/\/ksiegowosc24.pl\/produkt\/program-do-faktur\/\">Czytaj wi\u0119cej&#8230;<\/a><\/p>\n\n<div class=\"wp-block-group is-nowrap is-layout-flex wp-container-core-group-is-layout-6c531013 wp-block-group-is-layout-flex\">\n<figure class=\"wp-block-image\"><a href=\"https:\/\/ksiegowosc24.pl\/zamowienie_new\/?add_to=482\"><img loading=\"lazy\" loading=\"lazy\" decoding=\"async\" width=\"151\" height=\"44\" src=\"https:\/\/ksiegowosc24.pl\/wp-content\/uploads\/2015\/04\/kupteraz.png\" alt=\"Zakupte si nyn&#xED; program START Faktura VAT 2022\" class=\"wp-image-6359\" title=\"Zakupte si nyn&#xED; program START Faktura VAT 2022\"\/><\/a><\/figure>\n\n\n\n<figure class=\"wp-block-image\"><a href=\"https:\/\/ksiegowosc24.pl\/pobierz-program\/\"><img loading=\"lazy\" loading=\"lazy\" decoding=\"async\" width=\"151\" height=\"44\" src=\"https:\/\/ksiegowosc24.pl\/wp-content\/uploads\/2015\/04\/pobierzdemo.png\" alt=\"st&#xE1;hnout demo program Faktura VAT START\" class=\"wp-image-6358\" title=\"st&#xE1;hnout demo program Faktura VAT START\"\/><\/a><\/figure>\n<\/div>\n\n<h2 class=\"wp-block-heading\" id=\"h-program-do-faktur-nbsp-faktura-vat-2023-standard\">Program do Faktur &#8211;\u00a0<a href=\"https:\/\/ksiegowosc24.pl\/produkt\/program-do-faktur-standard\/\">Faktura VAT 2023 STANDARD<\/a><\/h2>\n\n<figure class=\"wp-block-image alignleft\"><img decoding=\"async\" src=\"https:\/\/ksiegowosc24.pl\/wp-content\/uploads\/2019\/11\/faktura_vat_2020-minino-cd_standard.jpg\" alt=\"Program Faktura VAT 2020\" class=\"wp-image-22598\" title=\"Balen&#xED; - program pro vystavov&#xE1;n&#xED; faktur za DPH verze STANDARD\"\/><\/figure>\n\n<p>Wersja STANDARD to\u00a0<strong>program do fakturowania<\/strong>\u00a0dla firm prowadz\u0105cych dzia\u0142alno\u015b\u0107 produkcyjn\u0105, handlow\u0105 i us\u0142ugow\u0105, kt\u00f3re obs\u0142uguj\u0105 klient\u00f3w masowych, jak i pojedynczych. Opr\u00f3cz tych samych funkcji co sw\u00f3j poprzednik, posiada r\u00f3wnie\u017c wiele funkcji dodatkowych, jak raport kasowy, przelewy oraz faktury w \u00a0j\u0119zyku angielskim, niemieckim, czeskim, francuskim oraz szwedzkim. Jest to szczeg\u00f3lnie wa\u017cne dla firm maj\u0105cych kontrahent\u00f3w\u00a0<strong>mi\u0119dzynarodowych<\/strong>, (np. firmy transportowe). Program przelicza kwoty wed\u0142ug aktualnego kursu danej waluty pobranego z banku NBP. Dodatkowo program posiada funkcje drukowania druk\u00f3w pocztowych, ksi\u0105\u017cki nadawczej czy etykiet adresowych. W tej wersji mo\u017cliwe jest ju\u017c korzystanie przez wiele firm z jednego programu tj. tworzenie r\u00f3\u017cnych profili dla r\u00f3\u017cnych firm pod jednym programem, przydatna opcja np. dla Biur Rachunkowych.\u00a0<a href=\"https:\/\/ksiegowosc24.pl\/produkt\/program-do-faktur-standard\/\">Czytaj wi\u0119cej&#8230;<\/a><\/p>\n\n<div class=\"wp-block-group is-nowrap is-layout-flex wp-container-core-group-is-layout-6c531013 wp-block-group-is-layout-flex\">\n<figure class=\"wp-block-image\"><a href=\"https:\/\/ksiegowosc24.pl\/zamowienie_new\/?add_to=486\"><img loading=\"lazy\" loading=\"lazy\" decoding=\"async\" width=\"151\" height=\"44\" src=\"https:\/\/ksiegowosc24.pl\/wp-content\/uploads\/2015\/04\/kupteraz.png\" alt=\"koupit nyn&#xED; program DPH faktura STANDARD\" class=\"wp-image-6359\" title=\"koupit nyn&#xED; program DPH faktura STANDARD\"\/><\/a><\/figure>\n\n\n\n<figure class=\"wp-block-image\"><a href=\"https:\/\/ksiegowosc24.pl\/pobierz-program\/\"><img loading=\"lazy\" loading=\"lazy\" decoding=\"async\" width=\"151\" height=\"44\" src=\"https:\/\/ksiegowosc24.pl\/wp-content\/uploads\/2015\/04\/pobierzdemo.png\" alt=\"st&#xE1;hnout demo program Faktura VAT STANDARD\" class=\"wp-image-6358\" title=\"st&#xE1;hnout demo program Faktura VAT STANDARD\"\/><\/a><\/figure>\n<\/div>\n\n<h2 class=\"wp-block-heading\" id=\"h-fakturowanie-z-magazynem-nbsp-faktura-vat-2023-pro\">Fakturowanie z magazynem \u2013\u00a0<a href=\"https:\/\/ksiegowosc24.pl\/produkt\/program-do-faktur-pro\/\">Faktura VAT 2023 PRO<\/a><\/h2>\n\n<figure class=\"wp-block-image alignleft\"><img decoding=\"async\" src=\"https:\/\/ksiegowosc24.pl\/wp-content\/uploads\/2019\/11\/faktura_vat_2020-minino-cd_pro.jpg\" alt=\"Program DPH Faktura 2020 PRO\" class=\"wp-image-22599\" title=\"Balen&#xED; - program pro fakturaci DPH verze PRO\"\/><\/figure>\n\n<p>Wersja PRO posiada wszystkie funkcje poprzednich wersji. W wersji PRO znajdziemy dodatkowo\u00a0<strong>obs\u0142ug\u0119 magazynu<\/strong>, kt\u00f3ry umo\u017cliwia bie\u017c\u0105ce kontrolowanie stan\u00f3w magazynowych,\u00a0opcj\u0119 wydruku stan\u00f3w ilo\u015bciowych, arkusza spisu z natury, WZ, PZ i RW. Dzi\u0119ki temu mo\u017cliwe jest skuteczne\u00a0<a href=\"https:\/\/ksiegowosc24.pl\/produkt\/program-do-faktur-standard\/\"><strong>fakturowanie z magazynem<\/strong><\/a>. Opr\u00f3cz tego wersja PRO posiada modu\u0142 Sklep (umo\u017cliwia wymian\u0119 danych mi\u0119dzy popularnymi sklepami min np. Allegro tak aby sprawnie i szyko fakturowa\u0107 nasz\u0105 sprzeda\u017c), modu\u0142 CRM oraz przydatn\u0105 opcje Organizatora z kalendarzem, gdzie szybko podgl\u0105dniemy np. zaplanowane p\u0142atno\u015bci.\u00a0<a href=\"https:\/\/ksiegowosc24.pl\/produkt\/program-do-faktur-pro\/\">Czytaj wi\u0119cej&#8230;<\/a><\/p>\n\n<div class=\"wp-block-group is-nowrap is-layout-flex wp-container-core-group-is-layout-6c531013 wp-block-group-is-layout-flex\">\n<figure class=\"wp-block-image\"><a href=\"https:\/\/ksiegowosc24.pl\/zamowienie_new\/?add_to=489\"><img loading=\"lazy\" loading=\"lazy\" decoding=\"async\" width=\"151\" height=\"44\" src=\"https:\/\/ksiegowosc24.pl\/wp-content\/uploads\/2015\/04\/kupteraz.png\" alt=\"Kupte si nyn&#xED; fakturu DPH 2020 PRO\" class=\"wp-image-6359\" title=\"Kupte si nyn&#xED; fakturu DPH 2020 PRO\"\/><\/a><\/figure>\n\n\n\n<figure class=\"wp-block-image\"><a href=\"https:\/\/ksiegowosc24.pl\/pobierz-program\/\"><img loading=\"lazy\" loading=\"lazy\" decoding=\"async\" width=\"151\" height=\"44\" src=\"https:\/\/ksiegowosc24.pl\/wp-content\/uploads\/2015\/04\/pobierzdemo.png\" alt=\"st&#xE1;hnout demo verzi programu Faktura VAT Pro\" class=\"wp-image-6358\" title=\"st&#xE1;hnout demo verzi programu Faktura VAT Pro\"\/><\/a><\/figure>\n<\/div>\n\n<p><\/p>\n","protected":false},"excerpt":{"rendered":"<p>Faktura VAT 2023 to nowoczesny i prosty\u00a0program do faktur\u00a0&#8211;\u00a0Faktura VAT, kt\u00f3ry przeznaczony\u00a0jest do u\u017cytku w ma\u0142ych i \u015brednich firmach min. us\u0142ugowych, handlowych lub produkcyjnych. Dzi\u0119ki niemu wystawisz i edytujesz wszystkie niezb\u0119dne dokument sprzeda\u017cy lub zakupu. Nab\u00eddka na\u0161eho levn\u00e9ho faktura\u010dn\u00edho softwaru je \u0161irok\u00e1 a p\u0159izp\u016fsoben\u00e1 po\u017eadavk\u016fm firem s r\u016fzn\u00fdm profilem podnik\u00e1n\u00ed. Nasz klient mo\u017ce wybiera\u0107 spo\u015br\u00f3d [&hellip;]<\/p>\n","protected":false},"author":1,"featured_media":0,"parent":0,"menu_order":0,"comment_status":"closed","ping_status":"closed","template":"","meta":{"_acf_changed":false,"footnotes":""},"class_list":["post-258904","page","type-page","status-publish","hentry"],"blocksy_meta":[],"acf":[],"yoast_head":"<!-- This site is optimized with the Yoast SEO Premium plugin v27.4 (Yoast SEO v27.4) - https:\/\/yoast.com\/product\/yoast-seo-premium-wordpress\/ -->\n<title>Faktura VAT - Jednoduch\u00fd faktura\u010dn\u00ed program - Ksiegowosc24.pl<\/title>\n<meta name=\"description\" content=\"Faktura VAT 2023 to nowoczesny i prosty\u00a0program do faktur\u00a0-\u00a0Faktura VAT, kt\u00f3ry przeznaczony\u00a0jest do u\u017cytku w ma\u0142ych i \u015brednich firmach min. us\u0142ugowych,\" \/>\n<meta name=\"robots\" content=\"index, follow, max-snippet:-1, max-image-preview:large, max-video-preview:-1\" \/>\n<link rel=\"canonical\" href=\"https:\/\/ksiegowosc24.pl\/cs\/faktura-dph-jednoduchy-fakturacni-program-2\/\" \/>\n<meta property=\"og:locale\" content=\"cs_CZ\" \/>\n<meta property=\"og:type\" content=\"article\" \/>\n<meta property=\"og:title\" content=\"Faktura VAT - Jednoduch\u00fd faktura\u010dn\u00ed program - Ksiegowosc24.pl\" \/>\n<meta property=\"og:description\" content=\"Faktura VAT 2023 to nowoczesny i prosty\u00a0program do faktur\u00a0-\u00a0Faktura VAT, kt\u00f3ry przeznaczony\u00a0jest do u\u017cytku w ma\u0142ych i \u015brednich firmach min. us\u0142ugowych,\" \/>\n<meta property=\"og:url\" content=\"https:\/\/ksiegowosc24.pl\/cs\/wp-json\/wp\/v2\/pages\/258904\/\" \/>\n<meta property=\"og:site_name\" content=\"Ksiegowosc24.pl\" \/>\n<meta property=\"article:publisher\" content=\"http:\/\/www.facebook.com\/pages\/rafsoftnet\/116798445016643\" \/>\n<meta property=\"article:modified_time\" content=\"2025-04-27T05:01:58+00:00\" \/>\n<meta property=\"og:image\" content=\"https:\/\/ksiegowosc24.pl\/wp-content\/uploads\/2026\/03\/Program-Faktura-VAT-e1690689179406.webp\" \/><meta property=\"og:image\" content=\"https:\/\/ksiegowosc24.pl\/wp-content\/uploads\/2014\/01\/faktura_vat_2017-minino-cd_start.jpg\" \/>\n\t<meta property=\"og:image:width\" content=\"92\" \/>\n\t<meta property=\"og:image:height\" content=\"126\" \/>\n\t<meta property=\"og:image:type\" content=\"image\/jpeg\" \/>\n<meta name=\"twitter:card\" content=\"summary_large_image\" \/>\n<meta name=\"twitter:label1\" content=\"Odhadovan\u00e1 doba \u010dten\u00ed\" \/>\n\t<meta name=\"twitter:data1\" content=\"2 minuty\" \/>\n<script type=\"application\/ld+json\" class=\"yoast-schema-graph\">{\"@context\":\"https:\\\/\\\/schema.org\",\"@graph\":[{\"@type\":\"WebPage\",\"@id\":\"https:\\\/\\\/ksiegowosc24.pl\\\/cs\\\/faktura-dph-jednoduchy-fakturacni-program-2\\\/\",\"url\":\"https:\\\/\\\/ksiegowosc24.pl\\\/cs\\\/faktura-dph-jednoduchy-fakturacni-program-2\\\/\",\"name\":\"Faktura VAT - Jednoduch\u00fd faktura\u010dn\u00ed program - Ksiegowosc24.pl\",\"isPartOf\":{\"@id\":\"https:\\\/\\\/ksiegowosc24.pl\\\/cs\\\/#website\"},\"primaryImageOfPage\":{\"@id\":\"https:\\\/\\\/ksiegowosc24.pl\\\/cs\\\/faktura-dph-jednoduchy-fakturacni-program-2\\\/#primaryimage\"},\"image\":{\"@id\":\"https:\\\/\\\/ksiegowosc24.pl\\\/cs\\\/faktura-dph-jednoduchy-fakturacni-program-2\\\/#primaryimage\"},\"thumbnailUrl\":\"https:\\\/\\\/ksiegowosc24.pl\\\/wp-content\\\/uploads\\\/2014\\\/01\\\/faktura_vat_2017-minino-cd_start.jpg\",\"datePublished\":\"2025-02-17T02:36:33+00:00\",\"dateModified\":\"2025-04-27T05:01:58+00:00\",\"description\":\"Faktura VAT 2023 to nowoczesny i prosty\u00a0program do faktur\u00a0-\u00a0Faktura VAT, kt\u00f3ry przeznaczony\u00a0jest do u\u017cytku w ma\u0142ych i \u015brednich firmach min. us\u0142ugowych,\",\"breadcrumb\":{\"@id\":\"https:\\\/\\\/ksiegowosc24.pl\\\/cs\\\/faktura-dph-jednoduchy-fakturacni-program-2\\\/#breadcrumb\"},\"inLanguage\":\"cs\",\"potentialAction\":[{\"@type\":\"ReadAction\",\"target\":[\"https:\\\/\\\/ksiegowosc24.pl\\\/cs\\\/faktura-dph-jednoduchy-fakturacni-program-2\\\/\"]}]},{\"@type\":\"ImageObject\",\"inLanguage\":\"cs\",\"@id\":\"https:\\\/\\\/ksiegowosc24.pl\\\/cs\\\/faktura-dph-jednoduchy-fakturacni-program-2\\\/#primaryimage\",\"url\":\"https:\\\/\\\/ksiegowosc24.pl\\\/wp-content\\\/uploads\\\/2014\\\/01\\\/faktura_vat_2017-minino-cd_start.jpg\",\"contentUrl\":\"https:\\\/\\\/ksiegowosc24.pl\\\/wp-content\\\/uploads\\\/2014\\\/01\\\/faktura_vat_2017-minino-cd_start.jpg\"},{\"@type\":\"BreadcrumbList\",\"@id\":\"https:\\\/\\\/ksiegowosc24.pl\\\/cs\\\/faktura-dph-jednoduchy-fakturacni-program-2\\\/#breadcrumb\",\"itemListElement\":[{\"@type\":\"ListItem\",\"position\":1,\"name\":\"DOMOVSK\u00c1 STR\u00c1NKA\",\"item\":\"https:\\\/\\\/ksiegowosc24.pl\\\/cs\\\/\"},{\"@type\":\"ListItem\",\"position\":2,\"name\":\"Faktura VAT &#8211; Jednoduch\u00fd faktura\u010dn\u00ed program\"}]},{\"@type\":\"WebSite\",\"@id\":\"https:\\\/\\\/ksiegowosc24.pl\\\/cs\\\/#website\",\"url\":\"https:\\\/\\\/ksiegowosc24.pl\\\/cs\\\/\",\"name\":\"Ksiegowosc24.pl\",\"description\":\"Prosty program do faktur\",\"publisher\":{\"@id\":\"https:\\\/\\\/ksiegowosc24.pl\\\/cs\\\/#organization\"},\"potentialAction\":[{\"@type\":\"SearchAction\",\"target\":{\"@type\":\"EntryPoint\",\"urlTemplate\":\"https:\\\/\\\/ksiegowosc24.pl\\\/cs\\\/?s={search_term_string}\"},\"query-input\":{\"@type\":\"PropertyValueSpecification\",\"valueRequired\":true,\"valueName\":\"search_term_string\"}}],\"inLanguage\":\"cs\"},{\"@type\":\"Organization\",\"@id\":\"https:\\\/\\\/ksiegowosc24.pl\\\/cs\\\/#organization\",\"name\":\"Ksiegowosc24.pl\",\"url\":\"https:\\\/\\\/ksiegowosc24.pl\\\/cs\\\/\",\"logo\":{\"@type\":\"ImageObject\",\"inLanguage\":\"cs\",\"@id\":\"https:\\\/\\\/ksiegowosc24.pl\\\/cs\\\/#\\\/schema\\\/logo\\\/image\\\/\",\"url\":\"https:\\\/\\\/ksiegowosc24.pl\\\/wp-content\\\/uploads\\\/2023\\\/05\\\/1bold-black.png\",\"contentUrl\":\"https:\\\/\\\/ksiegowosc24.pl\\\/wp-content\\\/uploads\\\/2023\\\/05\\\/1bold-black.png\",\"width\":300,\"height\":60,\"caption\":\"Ksiegowosc24.pl\"},\"image\":{\"@id\":\"https:\\\/\\\/ksiegowosc24.pl\\\/cs\\\/#\\\/schema\\\/logo\\\/image\\\/\"},\"sameAs\":[\"http:\\\/\\\/www.facebook.com\\\/pages\\\/rafsoftnet\\\/116798445016643\",\"http:\\\/\\\/www.youtube.com\\\/user\\\/rafsoftNET?sub_confirmation=1\"],\"description\":\"Nowoczesny i prosty program do fakturowania\",\"email\":\"biuro@rafsoft.net\",\"legalName\":\"RAFSOFT.NET Sp. z.o.o.\",\"foundingDate\":\"2002-07-20\",\"numberOfEmployees\":{\"@type\":\"QuantitativeValue\",\"minValue\":\"1\",\"maxValue\":\"10\"}}]}<\/script>\n<!-- \/ Yoast SEO Premium plugin. -->","yoast_head_json":{"title":"Faktura VAT - Jednoduch\u00fd faktura\u010dn\u00ed program - Ksiegowosc24.pl","description":"Faktura VAT 2023 to nowoczesny i prosty\u00a0program do faktur\u00a0-\u00a0Faktura VAT, kt\u00f3ry przeznaczony\u00a0jest do u\u017cytku w ma\u0142ych i \u015brednich firmach min. us\u0142ugowych,","robots":{"index":"index","follow":"follow","max-snippet":"max-snippet:-1","max-image-preview":"max-image-preview:large","max-video-preview":"max-video-preview:-1"},"canonical":"https:\/\/ksiegowosc24.pl\/cs\/faktura-dph-jednoduchy-fakturacni-program-2\/","og_locale":"cs_CZ","og_type":"article","og_title":"Faktura VAT - Jednoduch\u00fd faktura\u010dn\u00ed program - Ksiegowosc24.pl","og_description":"Faktura VAT 2023 to nowoczesny i prosty\u00a0program do faktur\u00a0-\u00a0Faktura VAT, kt\u00f3ry przeznaczony\u00a0jest do u\u017cytku w ma\u0142ych i \u015brednich firmach min. us\u0142ugowych,","og_url":"https:\/\/ksiegowosc24.pl\/cs\/wp-json\/wp\/v2\/pages\/258904\/","og_site_name":"Ksiegowosc24.pl","article_publisher":"http:\/\/www.facebook.com\/pages\/rafsoftnet\/116798445016643","article_modified_time":"2025-04-27T05:01:58+00:00","og_image":[{"url":"https:\/\/ksiegowosc24.pl\/wp-content\/uploads\/2026\/03\/Program-Faktura-VAT-e1690689179406.webp","type":"","width":"","height":""},{"width":92,"height":126,"url":"https:\/\/ksiegowosc24.pl\/wp-content\/uploads\/2014\/01\/faktura_vat_2017-minino-cd_start.jpg","type":"image\/jpeg"}],"twitter_card":"summary_large_image","twitter_misc":{"Odhadovan\u00e1 doba \u010dten\u00ed":"2 minuty"},"schema":{"@context":"https:\/\/schema.org","@graph":[{"@type":"WebPage","@id":"https:\/\/ksiegowosc24.pl\/cs\/faktura-dph-jednoduchy-fakturacni-program-2\/","url":"https:\/\/ksiegowosc24.pl\/cs\/faktura-dph-jednoduchy-fakturacni-program-2\/","name":"Faktura VAT - Jednoduch\u00fd faktura\u010dn\u00ed program - Ksiegowosc24.pl","isPartOf":{"@id":"https:\/\/ksiegowosc24.pl\/cs\/#website"},"primaryImageOfPage":{"@id":"https:\/\/ksiegowosc24.pl\/cs\/faktura-dph-jednoduchy-fakturacni-program-2\/#primaryimage"},"image":{"@id":"https:\/\/ksiegowosc24.pl\/cs\/faktura-dph-jednoduchy-fakturacni-program-2\/#primaryimage"},"thumbnailUrl":"https:\/\/ksiegowosc24.pl\/wp-content\/uploads\/2014\/01\/faktura_vat_2017-minino-cd_start.jpg","datePublished":"2025-02-17T02:36:33+00:00","dateModified":"2025-04-27T05:01:58+00:00","description":"Faktura VAT 2023 to nowoczesny i prosty\u00a0program do faktur\u00a0-\u00a0Faktura VAT, kt\u00f3ry przeznaczony\u00a0jest do u\u017cytku w ma\u0142ych i \u015brednich firmach min. us\u0142ugowych,","breadcrumb":{"@id":"https:\/\/ksiegowosc24.pl\/cs\/faktura-dph-jednoduchy-fakturacni-program-2\/#breadcrumb"},"inLanguage":"cs","potentialAction":[{"@type":"ReadAction","target":["https:\/\/ksiegowosc24.pl\/cs\/faktura-dph-jednoduchy-fakturacni-program-2\/"]}]},{"@type":"ImageObject","inLanguage":"cs","@id":"https:\/\/ksiegowosc24.pl\/cs\/faktura-dph-jednoduchy-fakturacni-program-2\/#primaryimage","url":"https:\/\/ksiegowosc24.pl\/wp-content\/uploads\/2014\/01\/faktura_vat_2017-minino-cd_start.jpg","contentUrl":"https:\/\/ksiegowosc24.pl\/wp-content\/uploads\/2014\/01\/faktura_vat_2017-minino-cd_start.jpg"},{"@type":"BreadcrumbList","@id":"https:\/\/ksiegowosc24.pl\/cs\/faktura-dph-jednoduchy-fakturacni-program-2\/#breadcrumb","itemListElement":[{"@type":"ListItem","position":1,"name":"DOMOVSK\u00c1 STR\u00c1NKA","item":"https:\/\/ksiegowosc24.pl\/cs\/"},{"@type":"ListItem","position":2,"name":"Faktura VAT &#8211; Jednoduch\u00fd faktura\u010dn\u00ed program"}]},{"@type":"WebSite","@id":"https:\/\/ksiegowosc24.pl\/cs\/#website","url":"https:\/\/ksiegowosc24.pl\/cs\/","name":"Ksiegowosc24.pl","description":"Prosty program do faktur","publisher":{"@id":"https:\/\/ksiegowosc24.pl\/cs\/#organization"},"potentialAction":[{"@type":"SearchAction","target":{"@type":"EntryPoint","urlTemplate":"https:\/\/ksiegowosc24.pl\/cs\/?s={search_term_string}"},"query-input":{"@type":"PropertyValueSpecification","valueRequired":true,"valueName":"search_term_string"}}],"inLanguage":"cs"},{"@type":"Organization","@id":"https:\/\/ksiegowosc24.pl\/cs\/#organization","name":"Ksiegowosc24.pl","url":"https:\/\/ksiegowosc24.pl\/cs\/","logo":{"@type":"ImageObject","inLanguage":"cs","@id":"https:\/\/ksiegowosc24.pl\/cs\/#\/schema\/logo\/image\/","url":"https:\/\/ksiegowosc24.pl\/wp-content\/uploads\/2023\/05\/1bold-black.png","contentUrl":"https:\/\/ksiegowosc24.pl\/wp-content\/uploads\/2023\/05\/1bold-black.png","width":300,"height":60,"caption":"Ksiegowosc24.pl"},"image":{"@id":"https:\/\/ksiegowosc24.pl\/cs\/#\/schema\/logo\/image\/"},"sameAs":["http:\/\/www.facebook.com\/pages\/rafsoftnet\/116798445016643","http:\/\/www.youtube.com\/user\/rafsoftNET?sub_confirmation=1"],"description":"Nowoczesny i prosty program do fakturowania","email":"biuro@rafsoft.net","legalName":"RAFSOFT.NET Sp. z.o.o.","foundingDate":"2002-07-20","numberOfEmployees":{"@type":"QuantitativeValue","minValue":"1","maxValue":"10"}}]}},"_links":{"self":[{"href":"https:\/\/ksiegowosc24.pl\/cs\/wp-json\/wp\/v2\/pages\/258904","targetHints":{"allow":["GET"]}}],"collection":[{"href":"https:\/\/ksiegowosc24.pl\/cs\/wp-json\/wp\/v2\/pages"}],"about":[{"href":"https:\/\/ksiegowosc24.pl\/cs\/wp-json\/wp\/v2\/types\/page"}],"author":[{"embeddable":true,"href":"https:\/\/ksiegowosc24.pl\/cs\/wp-json\/wp\/v2\/users\/1"}],"replies":[{"embeddable":true,"href":"https:\/\/ksiegowosc24.pl\/cs\/wp-json\/wp\/v2\/comments?post=258904"}],"version-history":[{"count":7,"href":"https:\/\/ksiegowosc24.pl\/cs\/wp-json\/wp\/v2\/pages\/258904\/revisions"}],"predecessor-version":[{"id":99207415,"href":"https:\/\/ksiegowosc24.pl\/cs\/wp-json\/wp\/v2\/pages\/258904\/revisions\/99207415"}],"wp:attachment":[{"href":"https:\/\/ksiegowosc24.pl\/cs\/wp-json\/wp\/v2\/media?parent=258904"}],"curies":[{"name":"wp","href":"https:\/\/api.w.org\/{rel}","templated":true}]}}