{"id":259000,"date":"2014-01-06T12:28:04","date_gmt":"2014-01-06T11:28:04","guid":{"rendered":"https:\/\/ksiegowosc24.pl\/produkt\/odnowienie-licencji-dla-faktura-vat-2002-2024-standard\/"},"modified":"2025-03-22T17:04:03","modified_gmt":"2025-03-22T17:04:03","slug":"program-faktura-vat-standard-aktualizacja","status":"publish","type":"product","link":"https:\/\/ksiegowosc24.pl\/cs\/produkt\/program-faktura-vat-standard-aktualizacja\/","title":{"rendered":"Obnoven\u00ed licence pro Faktura VAT 2002-2024 STANDARD"},"content":{"rendered":"<p><span style=\"color: #343434;\">Aktualizace <\/span><b style=\"color: #343434;\">faktury s DPH 2002-2024 STANDARD <\/b> <span style=\"color: #343434;\"> na nejnov\u011bj\u0161\u00ed verzi <strong>Faktura VAT 2026 STANDARD<\/strong> Aktualizace je k dispozici pro u\u017eivatele star\u0161\u00edch verz\u00ed programu &#8211; 2002-2024. <\/span><\/p>\n<p>Jedn\u00e1 se rovn\u011b\u017e o prodlou\u017een\u00ed st\u00e1vaj\u00edc\u00ed licence na dal\u0161\u00ed rok.<\/p>\n<p><br style=\"color: #343434;\" \/><span style=\"color: #343434;\"><strong>V SOULADU S NOV\u00ddMI P\u0158EDPISY PRO ROK 2024\/2025<\/strong> Program podporuje v\u0161echny sazby DPH: 5, 8, 23%. Mo\u017enost definovat vlastn\u00ed sazby. Nejnov\u011bj\u0161\u00ed soubor JPK V7.<\/span><br style=\"color: #343434;\" \/><span style=\"color: #343434;\">Program funguje v syst\u00e9mu Windows: XP, Vista, Windows 7, 8, 10, 11.<\/span><\/p>\n<p><strong style=\"font-style: inherit; color: #444444;\">Co z\u00edsk\u00e1te d\u00edky upgradu?<\/strong><\/p>\n<ul style=\"color: #444444;\">\n<li style=\"font-weight: inherit; font-style: inherit;\">vylep\u0161en\u00fd v\u00fdkon a nov\u00e9 u\u017eite\u010dn\u00e9 funkce<\/li>\n<li style=\"font-weight: inherit; font-style: inherit;\">zrychlen\u00ed a lep\u0161\u00ed pracovn\u00ed komfort<\/li>\n<li style=\"font-weight: inherit; font-style: inherit;\">bezplatn\u00e1 <a href=\"https:\/\/ksiegowosc24.pl\/cs\/napoveda\/kontakt\/\">technick\u00e1 podpora<\/a>, e-mail, \u017eiv\u00fd chat, vzd\u00e1len\u00e1 pomoc<\/li>\n<li style=\"font-weight: inherit; font-style: inherit;\">Program v souladu s nov\u00fdmi pravidly pro rok 2024\/25<\/li>\n<li>SAF-T<\/li>\n<li>KSeF<\/li>\n<\/ul>\n<p><strong>Import dat<\/strong><\/p>\n<p>V\u0161echna data z p\u0159edchoz\u00edch verz\u00ed se automaticky importuj\u00ed do nov\u00e9 verze p\u0159i prvn\u00edm spu\u0161t\u011bn\u00ed programu.<\/p>\n<p><strong>POPIS INSTALACE A AKTIVACE LICENCE<\/strong><\/p>\n<p>Nov\u00fd zp\u016fsob aktivace licence pomoc\u00ed DI\u010c. Po zakoupen\u00ed si jednodu\u0161e st\u00e1hn\u011bte demoverzi z na\u0161ich webov\u00fdch str\u00e1nek ksiegowosc24.co.uk\/download a zadejte sv\u00e9 DI\u010c. Licence se aktivuje automaticky.<\/p>\n<p>Star\u00fd zp\u016fsob: Po zakoupen\u00ed akutalizace obdr\u017e\u00edte e-mail s odkazem na sta\u017een\u00ed programu. Postupujte podle informac\u00ed v e-mailu.<\/p>\n<div class=\"description clearfix style-1\" style=\"color: #444444;\"><\/div>\n","protected":false},"excerpt":{"rendered":"<p>Aktualizace star\u0161\u00edch verz\u00ed na <span style=\"color: #ff0000;\"><strong>verzi 2025<\/strong><\/span><\/p>\n","protected":false},"featured_media":216648,"comment_status":"open","ping_status":"closed","template":"","meta":{"_acf_changed":false},"product_brand":[],"product_cat":[1337,1341],"product_tag":[],"class_list":{"0":"post-259000","1":"product","2":"type-product","3":"status-publish","4":"has-post-thumbnail","6":"product_cat-faktura-vat-2025-standard-cs","7":"product_cat-obnoveni-aktualizace-licenci","9":"first","10":"instock","11":"virtual","12":"taxable","13":"purchasable","14":"product-type-simple"},"acf":[],"yoast_head":"<!-- This site is optimized with the Yoast SEO Premium plugin v27.4 (Yoast SEO v27.4) - https:\/\/yoast.com\/product\/yoast-seo-premium-wordpress\/ -->\n<title>Upgrade na Faktura VAT 2002-2024 STANDARD - Ksiegowosc24.pl<\/title>\n<meta name=\"description\" content=\"Aktualizace faktury s DPH 2002-2024 STANDARD na Faktura VAT 2025 STANDARD K dispozici pro u\u017eivatele star\u0161\u00edch verz\u00ed programu od roku 2002 do roku 2024.\" \/>\n<meta name=\"robots\" content=\"index, follow, max-snippet:-1, max-image-preview:large, max-video-preview:-1\" \/>\n<link rel=\"canonical\" href=\"https:\/\/ksiegowosc24.pl\/cs\/produkt\/program-faktura-vat-standard-aktualizacja\/\" \/>\n<meta property=\"og:locale\" content=\"cs_CZ\" \/>\n<meta property=\"og:type\" content=\"article\" \/>\n<meta property=\"og:title\" content=\"Upgrade na Faktura VAT 2002-2024 STANDARD - Ksiegowosc24.pl\" \/>\n<meta property=\"og:description\" content=\"Aktualizace faktury s DPH 2002-2024 STANDARD na Faktura VAT 2025 STANDARD K dispozici pro u\u017eivatele star\u0161\u00edch verz\u00ed programu od roku 2002 do roku 2024.\" \/>\n<meta property=\"og:url\" content=\"https:\/\/ksiegowosc24.pl\/cs\/wp-json\/wp\/v2\/product\/259000\/\" \/>\n<meta property=\"og:site_name\" content=\"Ksiegowosc24.pl\" \/>\n<meta property=\"article:publisher\" content=\"http:\/\/www.facebook.com\/pages\/rafsoftnet\/116798445016643\" \/>\n<meta property=\"article:modified_time\" content=\"2025-03-22T17:04:03+00:00\" \/>\n<meta property=\"og:image\" content=\"https:\/\/ksiegowosc24.pl\/wp-content\/uploads\/2026\/03\/Program-Faktura-VAT-e1690689179406.webp\" \/><meta property=\"og:image\" content=\"https:\/\/ksiegowosc24.pl\/wp-content\/uploads\/2014\/01\/update.jpg\" \/>\n\t<meta property=\"og:image:width\" content=\"220\" \/>\n\t<meta property=\"og:image:height\" content=\"220\" \/>\n\t<meta property=\"og:image:type\" content=\"image\/jpeg\" \/>\n<meta name=\"twitter:card\" content=\"summary_large_image\" \/>\n<meta name=\"twitter:label1\" content=\"Odhadovan\u00e1 doba \u010dten\u00ed\" \/>\n\t<meta name=\"twitter:data1\" content=\"1 minuta\" \/>\n<script type=\"application\/ld+json\" class=\"yoast-schema-graph\">{\"@context\":\"https:\\\/\\\/schema.org\",\"@graph\":[{\"@type\":\"WebPage\",\"@id\":\"https:\\\/\\\/ksiegowosc24.pl\\\/cs\\\/produkt\\\/program-faktura-vat-standard-aktualizacja\\\/\",\"url\":\"https:\\\/\\\/ksiegowosc24.pl\\\/cs\\\/produkt\\\/program-faktura-vat-standard-aktualizacja\\\/\",\"name\":\"Upgrade na Faktura VAT 2002-2024 STANDARD - Ksiegowosc24.pl\",\"isPartOf\":{\"@id\":\"https:\\\/\\\/ksiegowosc24.pl\\\/cs\\\/#website\"},\"primaryImageOfPage\":{\"@id\":\"https:\\\/\\\/ksiegowosc24.pl\\\/cs\\\/produkt\\\/program-faktura-vat-standard-aktualizacja\\\/#primaryimage\"},\"image\":{\"@id\":\"https:\\\/\\\/ksiegowosc24.pl\\\/cs\\\/produkt\\\/program-faktura-vat-standard-aktualizacja\\\/#primaryimage\"},\"thumbnailUrl\":\"https:\\\/\\\/ksiegowosc24.pl\\\/wp-content\\\/uploads\\\/2014\\\/01\\\/update.jpg\",\"datePublished\":\"2014-01-06T11:28:04+00:00\",\"dateModified\":\"2025-03-22T17:04:03+00:00\",\"description\":\"Aktualizace faktury s DPH 2002-2024 STANDARD na Faktura VAT 2025 STANDARD K dispozici pro u\u017eivatele star\u0161\u00edch verz\u00ed programu od roku 2002 do roku 2024.\",\"breadcrumb\":{\"@id\":\"https:\\\/\\\/ksiegowosc24.pl\\\/cs\\\/produkt\\\/program-faktura-vat-standard-aktualizacja\\\/#breadcrumb\"},\"inLanguage\":\"cs\",\"potentialAction\":[{\"@type\":\"ReadAction\",\"target\":[\"https:\\\/\\\/ksiegowosc24.pl\\\/cs\\\/produkt\\\/program-faktura-vat-standard-aktualizacja\\\/\"]}]},{\"@type\":\"ImageObject\",\"inLanguage\":\"cs\",\"@id\":\"https:\\\/\\\/ksiegowosc24.pl\\\/cs\\\/produkt\\\/program-faktura-vat-standard-aktualizacja\\\/#primaryimage\",\"url\":\"https:\\\/\\\/ksiegowosc24.pl\\\/wp-content\\\/uploads\\\/2014\\\/01\\\/update.jpg\",\"contentUrl\":\"https:\\\/\\\/ksiegowosc24.pl\\\/wp-content\\\/uploads\\\/2014\\\/01\\\/update.jpg\",\"width\":220,\"height\":220,\"caption\":\"aktualizace - upgrade\"},{\"@type\":\"BreadcrumbList\",\"@id\":\"https:\\\/\\\/ksiegowosc24.pl\\\/cs\\\/produkt\\\/program-faktura-vat-standard-aktualizacja\\\/#breadcrumb\",\"itemListElement\":[{\"@type\":\"ListItem\",\"position\":1,\"name\":\"DOMOVSK\u00c1 STR\u00c1NKA\",\"item\":\"https:\\\/\\\/ksiegowosc24.pl\\\/cs\\\/\"},{\"@type\":\"ListItem\",\"position\":2,\"name\":\"Obchod\",\"item\":\"https:\\\/\\\/ksiegowosc24.pl\\\/cs\\\/obchod\\\/\"},{\"@type\":\"ListItem\",\"position\":3,\"name\":\"Faktura VAT 2025 STANDARD\",\"item\":\"https:\\\/\\\/ksiegowosc24.pl\\\/cs\\\/kategoria-produktu\\\/faktura-vat-2025-standard-cs\\\/\"},{\"@type\":\"ListItem\",\"position\":4,\"name\":\"Obnoven\u00ed licence pro Faktura VAT 2002-2024 STANDARD\"}]},{\"@type\":\"WebSite\",\"@id\":\"https:\\\/\\\/ksiegowosc24.pl\\\/cs\\\/#website\",\"url\":\"https:\\\/\\\/ksiegowosc24.pl\\\/cs\\\/\",\"name\":\"Ksiegowosc24.pl\",\"description\":\"Prosty program do faktur\",\"publisher\":{\"@id\":\"https:\\\/\\\/ksiegowosc24.pl\\\/cs\\\/#organization\"},\"potentialAction\":[{\"@type\":\"SearchAction\",\"target\":{\"@type\":\"EntryPoint\",\"urlTemplate\":\"https:\\\/\\\/ksiegowosc24.pl\\\/cs\\\/?s={search_term_string}\"},\"query-input\":{\"@type\":\"PropertyValueSpecification\",\"valueRequired\":true,\"valueName\":\"search_term_string\"}}],\"inLanguage\":\"cs\"},{\"@type\":\"Organization\",\"@id\":\"https:\\\/\\\/ksiegowosc24.pl\\\/cs\\\/#organization\",\"name\":\"Ksiegowosc24.pl\",\"url\":\"https:\\\/\\\/ksiegowosc24.pl\\\/cs\\\/\",\"logo\":{\"@type\":\"ImageObject\",\"inLanguage\":\"cs\",\"@id\":\"https:\\\/\\\/ksiegowosc24.pl\\\/cs\\\/#\\\/schema\\\/logo\\\/image\\\/\",\"url\":\"https:\\\/\\\/ksiegowosc24.pl\\\/wp-content\\\/uploads\\\/2023\\\/05\\\/1bold-black.png\",\"contentUrl\":\"https:\\\/\\\/ksiegowosc24.pl\\\/wp-content\\\/uploads\\\/2023\\\/05\\\/1bold-black.png\",\"width\":300,\"height\":60,\"caption\":\"Ksiegowosc24.pl\"},\"image\":{\"@id\":\"https:\\\/\\\/ksiegowosc24.pl\\\/cs\\\/#\\\/schema\\\/logo\\\/image\\\/\"},\"sameAs\":[\"http:\\\/\\\/www.facebook.com\\\/pages\\\/rafsoftnet\\\/116798445016643\",\"http:\\\/\\\/www.youtube.com\\\/user\\\/rafsoftNET?sub_confirmation=1\"],\"description\":\"Nowoczesny i prosty program do fakturowania\",\"email\":\"biuro@rafsoft.net\",\"legalName\":\"RAFSOFT.NET Sp. z.o.o.\",\"foundingDate\":\"2002-07-20\",\"numberOfEmployees\":{\"@type\":\"QuantitativeValue\",\"minValue\":\"1\",\"maxValue\":\"10\"}}]}<\/script>\n<!-- \/ Yoast SEO Premium plugin. -->","yoast_head_json":{"title":"Upgrade na Faktura VAT 2002-2024 STANDARD - Ksiegowosc24.pl","description":"Aktualizace faktury s DPH 2002-2024 STANDARD na Faktura VAT 2025 STANDARD K dispozici pro u\u017eivatele star\u0161\u00edch verz\u00ed programu od roku 2002 do roku 2024.","robots":{"index":"index","follow":"follow","max-snippet":"max-snippet:-1","max-image-preview":"max-image-preview:large","max-video-preview":"max-video-preview:-1"},"canonical":"https:\/\/ksiegowosc24.pl\/cs\/produkt\/program-faktura-vat-standard-aktualizacja\/","og_locale":"cs_CZ","og_type":"article","og_title":"Upgrade na Faktura VAT 2002-2024 STANDARD - Ksiegowosc24.pl","og_description":"Aktualizace faktury s DPH 2002-2024 STANDARD na Faktura VAT 2025 STANDARD K dispozici pro u\u017eivatele star\u0161\u00edch verz\u00ed programu od roku 2002 do roku 2024.","og_url":"https:\/\/ksiegowosc24.pl\/cs\/wp-json\/wp\/v2\/product\/259000\/","og_site_name":"Ksiegowosc24.pl","article_publisher":"http:\/\/www.facebook.com\/pages\/rafsoftnet\/116798445016643","article_modified_time":"2025-03-22T17:04:03+00:00","og_image":[{"url":"https:\/\/ksiegowosc24.pl\/wp-content\/uploads\/2026\/03\/Program-Faktura-VAT-e1690689179406.webp","type":"","width":"","height":""},{"width":220,"height":220,"url":"https:\/\/ksiegowosc24.pl\/wp-content\/uploads\/2014\/01\/update.jpg","type":"image\/jpeg"}],"twitter_card":"summary_large_image","twitter_misc":{"Odhadovan\u00e1 doba \u010dten\u00ed":"1 minuta"},"schema":{"@context":"https:\/\/schema.org","@graph":[{"@type":"WebPage","@id":"https:\/\/ksiegowosc24.pl\/cs\/produkt\/program-faktura-vat-standard-aktualizacja\/","url":"https:\/\/ksiegowosc24.pl\/cs\/produkt\/program-faktura-vat-standard-aktualizacja\/","name":"Upgrade na Faktura VAT 2002-2024 STANDARD - Ksiegowosc24.pl","isPartOf":{"@id":"https:\/\/ksiegowosc24.pl\/cs\/#website"},"primaryImageOfPage":{"@id":"https:\/\/ksiegowosc24.pl\/cs\/produkt\/program-faktura-vat-standard-aktualizacja\/#primaryimage"},"image":{"@id":"https:\/\/ksiegowosc24.pl\/cs\/produkt\/program-faktura-vat-standard-aktualizacja\/#primaryimage"},"thumbnailUrl":"https:\/\/ksiegowosc24.pl\/wp-content\/uploads\/2014\/01\/update.jpg","datePublished":"2014-01-06T11:28:04+00:00","dateModified":"2025-03-22T17:04:03+00:00","description":"Aktualizace faktury s DPH 2002-2024 STANDARD na Faktura VAT 2025 STANDARD K dispozici pro u\u017eivatele star\u0161\u00edch verz\u00ed programu od roku 2002 do roku 2024.","breadcrumb":{"@id":"https:\/\/ksiegowosc24.pl\/cs\/produkt\/program-faktura-vat-standard-aktualizacja\/#breadcrumb"},"inLanguage":"cs","potentialAction":[{"@type":"ReadAction","target":["https:\/\/ksiegowosc24.pl\/cs\/produkt\/program-faktura-vat-standard-aktualizacja\/"]}]},{"@type":"ImageObject","inLanguage":"cs","@id":"https:\/\/ksiegowosc24.pl\/cs\/produkt\/program-faktura-vat-standard-aktualizacja\/#primaryimage","url":"https:\/\/ksiegowosc24.pl\/wp-content\/uploads\/2014\/01\/update.jpg","contentUrl":"https:\/\/ksiegowosc24.pl\/wp-content\/uploads\/2014\/01\/update.jpg","width":220,"height":220,"caption":"aktualizace - upgrade"},{"@type":"BreadcrumbList","@id":"https:\/\/ksiegowosc24.pl\/cs\/produkt\/program-faktura-vat-standard-aktualizacja\/#breadcrumb","itemListElement":[{"@type":"ListItem","position":1,"name":"DOMOVSK\u00c1 STR\u00c1NKA","item":"https:\/\/ksiegowosc24.pl\/cs\/"},{"@type":"ListItem","position":2,"name":"Obchod","item":"https:\/\/ksiegowosc24.pl\/cs\/obchod\/"},{"@type":"ListItem","position":3,"name":"Faktura VAT 2025 STANDARD","item":"https:\/\/ksiegowosc24.pl\/cs\/kategoria-produktu\/faktura-vat-2025-standard-cs\/"},{"@type":"ListItem","position":4,"name":"Obnoven\u00ed licence pro Faktura VAT 2002-2024 STANDARD"}]},{"@type":"WebSite","@id":"https:\/\/ksiegowosc24.pl\/cs\/#website","url":"https:\/\/ksiegowosc24.pl\/cs\/","name":"Ksiegowosc24.pl","description":"Prosty program do faktur","publisher":{"@id":"https:\/\/ksiegowosc24.pl\/cs\/#organization"},"potentialAction":[{"@type":"SearchAction","target":{"@type":"EntryPoint","urlTemplate":"https:\/\/ksiegowosc24.pl\/cs\/?s={search_term_string}"},"query-input":{"@type":"PropertyValueSpecification","valueRequired":true,"valueName":"search_term_string"}}],"inLanguage":"cs"},{"@type":"Organization","@id":"https:\/\/ksiegowosc24.pl\/cs\/#organization","name":"Ksiegowosc24.pl","url":"https:\/\/ksiegowosc24.pl\/cs\/","logo":{"@type":"ImageObject","inLanguage":"cs","@id":"https:\/\/ksiegowosc24.pl\/cs\/#\/schema\/logo\/image\/","url":"https:\/\/ksiegowosc24.pl\/wp-content\/uploads\/2023\/05\/1bold-black.png","contentUrl":"https:\/\/ksiegowosc24.pl\/wp-content\/uploads\/2023\/05\/1bold-black.png","width":300,"height":60,"caption":"Ksiegowosc24.pl"},"image":{"@id":"https:\/\/ksiegowosc24.pl\/cs\/#\/schema\/logo\/image\/"},"sameAs":["http:\/\/www.facebook.com\/pages\/rafsoftnet\/116798445016643","http:\/\/www.youtube.com\/user\/rafsoftNET?sub_confirmation=1"],"description":"Nowoczesny i prosty program do fakturowania","email":"biuro@rafsoft.net","legalName":"RAFSOFT.NET Sp. z.o.o.","foundingDate":"2002-07-20","numberOfEmployees":{"@type":"QuantitativeValue","minValue":"1","maxValue":"10"}}]}},"_links":{"self":[{"href":"https:\/\/ksiegowosc24.pl\/cs\/wp-json\/wp\/v2\/product\/259000","targetHints":{"allow":["GET"]}}],"collection":[{"href":"https:\/\/ksiegowosc24.pl\/cs\/wp-json\/wp\/v2\/product"}],"about":[{"href":"https:\/\/ksiegowosc24.pl\/cs\/wp-json\/wp\/v2\/types\/product"}],"replies":[{"embeddable":true,"href":"https:\/\/ksiegowosc24.pl\/cs\/wp-json\/wp\/v2\/comments?post=259000"}],"wp:featuredmedia":[{"embeddable":true,"href":"https:\/\/ksiegowosc24.pl\/cs\/wp-json\/wp\/v2\/media\/216648"}],"wp:attachment":[{"href":"https:\/\/ksiegowosc24.pl\/cs\/wp-json\/wp\/v2\/media?parent=259000"}],"wp:term":[{"taxonomy":"product_brand","embeddable":true,"href":"https:\/\/ksiegowosc24.pl\/cs\/wp-json\/wp\/v2\/product_brand?post=259000"},{"taxonomy":"product_cat","embeddable":true,"href":"https:\/\/ksiegowosc24.pl\/cs\/wp-json\/wp\/v2\/product_cat?post=259000"},{"taxonomy":"product_tag","embeddable":true,"href":"https:\/\/ksiegowosc24.pl\/cs\/wp-json\/wp\/v2\/product_tag?post=259000"}],"curies":[{"name":"wp","href":"https:\/\/api.w.org\/{rel}","templated":true}]}}