{"id":258589,"date":"2013-12-28T18:00:28","date_gmt":"2013-12-28T18:00:28","guid":{"rendered":"https:\/\/ksiegowosc24.pl\/hilfe\/kontakt\/"},"modified":"2025-02-10T04:01:48","modified_gmt":"2025-02-10T04:01:48","slug":"kontakt","status":"publish","type":"page","link":"https:\/\/ksiegowosc24.pl\/de\/hilfe\/kontakt\/","title":{"rendered":"Kontakt"},"content":{"rendered":"\t\t<div data-elementor-type=\"wp-page\" data-elementor-id=\"258589\" class=\"elementor elementor-258589 elementor-442\">\n\t\t\t\t<div class=\"elementor-element elementor-element-6d356f2c e-flex e-con-boxed e-con e-parent\" data-id=\"6d356f2c\" data-element_type=\"container\" data-e-type=\"container\">\n\t\t\t\t\t<div class=\"e-con-inner\">\n\t\t\t\t<div class=\"elementor-element elementor-element-5feeb3b elementor-widget elementor-widget-text-editor\" data-id=\"5feeb3b\" data-element_type=\"widget\" data-e-type=\"widget\" data-widget_type=\"text-editor.default\">\n\t\t\t\t<div class=\"elementor-widget-container\">\n\t\t\t\t\t\t\t\t\t<p style=\"font-style: normal; font-variant-ligatures: normal; font-variant-caps: normal; font-weight: 400; font-size: 16px; font-family: Poppins, sans-serif; margin-block-end: var(--theme-content-spacing);\"><span style=\"font-weight: bold;\">Bitte \u00fcberpr\u00fcfen Sie Folgendes, bevor Sie die Unterst\u00fctzung nutzen<\/span><\/p>\n<p style=\"font-style: normal; font-variant-ligatures: normal; font-variant-caps: normal; font-weight: 400; font-size: 16px; font-family: Poppins, sans-serif; margin-block-end: var(--theme-content-spacing);\"><span style=\"font-weight: bold;\">1. ob Sie im Besitz der neuesten Version des Programms sind.<\/span>&gt;&gt; W\u00e4hlen Sie dazu im Programm Hilfe &#8211; Updates &#8211; Pr\u00fcfen. Wenn Sie unsicher sind, pr\u00fcfen Sie die verf\u00fcgbaren Updates. Pr\u00fcfen Sie, ob Updates verf\u00fcgbar sind, indem <a style=\"transition: var(--theme-transition); --theme-text-decoration: underline;\" href=\"https:\/\/ksiegowosc24.pl\/pobierz-program\/aktualizacje\/\">Sie hier klicken<\/a>.<\/p>\n<p style=\"font-style: normal; font-variant-ligatures: normal; font-variant-caps: normal; font-weight: 400; font-size: 16px; font-family: Poppins, sans-serif; margin-block-end: var(--theme-content-spacing);\">2 Die folgenden Links k\u00f6nnen bei der L\u00f6sung vieler Probleme helfen:<\/p>\n<ul style=\"font-style: normal; font-variant-ligatures: normal; font-variant-caps: normal; font-weight: 400; font-size: 16px; font-family: Poppins, sans-serif; padding-inline-start: var(--theme-list-indent); margin-block-end: var(--theme-content-spacing);\">\n<li style=\"list-style-type: none;\">\n<ul style=\"padding-inline-start: var(--theme-list-indent); margin-block-end: var(--theme-content-spacing);\">\n<li><a style=\"transition: var(--theme-transition);\" href=\"http:\/\/www.youtube.com\/user\/rafsoftNET\" target=\"_blank\" rel=\"noreferrer noopener\">Videos mit Anleitungen<\/a><a href=\"https:\/\/www.rafsoft.net\/dokumentacja\/faktura-vat-2020-wprowadzenie\/\" target=\"_blank\" rel=\"noopener\"> <\/a><\/li>\n<li><a href=\"https:\/\/www.rafsoft.net\/dokumentacja\/faktura-vat-2020-wprowadzenie\/\" target=\"_blank\" rel=\"noopener\">Dokumentation<\/a><\/li>\n<\/ul>\n<\/li>\n<\/ul>\n<ul style=\"font-style: normal; font-variant-ligatures: normal; font-variant-caps: normal; font-weight: 400; font-size: 16px; font-family: Poppins, sans-serif; padding-inline-start: var(--theme-list-indent); margin-block-end: var(--theme-content-spacing);\">\n<li style=\"list-style-type: none;\">\n<ul style=\"padding-inline-start: var(--theme-list-indent); margin-block-end: var(--theme-content-spacing);\">\n<li><a style=\"transition: var(--theme-transition);\" href=\"https:\/\/ksiegowosc24.pl\/de\/hilfe\/faq\/\">FAQ &#8211; H\u00e4ufig gestellte Fragen und Antworten<\/a> <\/li>\n<\/ul>\n<\/li>\n<\/ul>\n<div> <\/div>\n\t\t\t\t\t\t\t\t<\/div>\n\t\t\t\t<\/div>\n\t\t\t\t\t<\/div>\n\t\t\t\t<\/div>\n\t\t<div class=\"elementor-element elementor-element-30d3ada e-flex e-con-boxed e-con e-parent\" data-id=\"30d3ada\" data-element_type=\"container\" data-e-type=\"container\">\n\t\t\t\t\t<div class=\"e-con-inner\">\n\t\t<div class=\"elementor-element elementor-element-65347e8 e-con-full e-flex e-con e-child\" data-id=\"65347e8\" data-element_type=\"container\" data-e-type=\"container\">\n\t\t\t\t<div class=\"elementor-element elementor-element-0da8d17 elementor-position-left elementor-vertical-align-top elementor-widget elementor-widget-image-box\" data-id=\"0da8d17\" data-element_type=\"widget\" data-e-type=\"widget\" data-widget_type=\"image-box.default\">\n\t\t\t\t<div class=\"elementor-widget-container\">\n\t\t\t\t\t<div class=\"elementor-image-box-wrapper\"><figure class=\"elementor-image-box-img\"><img decoding=\"async\" width=\"100\" height=\"100\" src=\"https:\/\/ksiegowosc24.pl\/wp-content\/uploads\/2023\/05\/supportmale-svgrepo-com.svg\" class=\"attachment-full size-full wp-image-197504\" alt=\"supportmale-svgrepo-com\" loading=\"eager\" \/><\/figure><div class=\"elementor-image-box-content\"><h3 class=\"elementor-image-box-title\">&nbsp;&nbsp;Kontaktformular und Helpdesk<a href=\"https:\/\/osticket.ksiegowosc24.pl\/index.php?&amp;lang=pl\" target=\"_blank\" rel=\"noreferrer noopener\" style=\"color: #115cfa\">hierklicken<\/a><\/h3><p class=\"elementor-image-box-description\">Sie k\u00f6nnen auch mit uns im LiveChat chatten, indem Sie unten rechts auf der Seite klicken  <\/p><\/div><\/div>\t\t\t\t<\/div>\n\t\t\t\t<\/div>\n\t\t\t\t<\/div>\n\t\t<div class=\"elementor-element elementor-element-1fffae9 e-con-full e-flex e-con e-child\" data-id=\"1fffae9\" data-element_type=\"container\" data-e-type=\"container\">\n\t\t\t\t<div class=\"elementor-element elementor-element-1984a14 elementor-position-left elementor-vertical-align-top elementor-widget elementor-widget-image-box\" data-id=\"1984a14\" data-element_type=\"widget\" data-e-type=\"widget\" data-widget_type=\"image-box.default\">\n\t\t\t\t<div class=\"elementor-widget-container\">\n\t\t\t\t\t<div class=\"elementor-image-box-wrapper\"><figure class=\"elementor-image-box-img\"><img fetchpriority=\"high\" decoding=\"async\" width=\"800\" height=\"800\" src=\"https:\/\/ksiegowosc24.pl\/wp-content\/uploads\/2023\/05\/mail-svgrepo-com.svg\" class=\"attachment-full size-full wp-image-197507\" alt=\"mail-svgrepo-com\" loading=\"eager\" \/><\/figure><div class=\"elementor-image-box-content\"><h3 class=\"elementor-image-box-title\">RAFSOFT.NET Sp z o.o.<\/h3><p class=\"elementor-image-box-description\">ul. <br> <br>Pi\u0142sudskiego 74\/320 50-020 Wroc\u0142aw NIP 8971872103 REGON 384677021<\/p><\/div><\/div>\t\t\t\t<\/div>\n\t\t\t\t<\/div>\n\t\t\t\t<\/div>\n\t\t\t\t\t<\/div>\n\t\t\t\t<\/div>\n\t\t<div class=\"elementor-element elementor-element-ac781c6 e-flex e-con-boxed e-con e-parent\" data-id=\"ac781c6\" data-element_type=\"container\" data-e-type=\"container\">\n\t\t\t\t\t<div class=\"e-con-inner\">\n\t\t<div class=\"elementor-element elementor-element-094b614 e-con-full e-flex e-con e-child\" data-id=\"094b614\" data-element_type=\"container\" data-e-type=\"container\">\n\t\t\t\t<\/div>\n\t\t\t\t\t<\/div>\n\t\t\t\t<\/div>\n\t\t\t\t<\/div>\n\t\t","protected":false},"excerpt":{"rendered":"<p>Bitte \u00fcberpr\u00fcfen Sie Folgendes, bevor Sie die Unterst\u00fctzung nutzen 1. ob Sie im Besitz der neuesten Version des Programms sind.&gt;&gt; W\u00e4hlen Sie dazu im Programm Hilfe &#8211; Updates &#8211; Pr\u00fcfen. Wenn Sie unsicher sind, pr\u00fcfen Sie die verf\u00fcgbaren Updates. Pr\u00fcfen Sie, ob Updates verf\u00fcgbar sind, indem Sie hier klicken. 2 Die folgenden Links k\u00f6nnen bei [&hellip;]<\/p>\n","protected":false},"author":1,"featured_media":0,"parent":258573,"menu_order":0,"comment_status":"closed","ping_status":"open","template":"","meta":{"_acf_changed":false,"footnotes":""},"class_list":["post-258589","page","type-page","status-publish","hentry"],"blocksy_meta":[],"acf":[],"yoast_head":"<!-- This site is optimized with the Yoast SEO Premium plugin v27.4 (Yoast SEO v27.4) - https:\/\/yoast.com\/product\/yoast-seo-premium-wordpress\/ -->\n<title>- Rafsoftnet Kontakt, Kontaktinformationen Rafsoft Ksiegowosc24.pl<\/title>\n<meta name=\"description\" content=\"Wenden Sie sich an Rafsoft.net f\u00fcr Fakturierungssoftware. Professionelle Software f\u00fcr kleine und mittlere Unternehmen. Sie sind herzlich eingeladen, sich uns anzuschlie\u00dfen.\" \/>\n<meta name=\"robots\" content=\"index, follow, max-snippet:-1, max-image-preview:large, max-video-preview:-1\" \/>\n<link rel=\"canonical\" href=\"https:\/\/ksiegowosc24.pl\/de\/hilfe\/kontakt\/\" \/>\n<meta property=\"og:locale\" content=\"de_DE\" \/>\n<meta property=\"og:type\" content=\"article\" \/>\n<meta property=\"og:title\" content=\"- Rafsoftnet Kontakt, Kontaktinformationen Rafsoft Ksiegowosc24.pl\" \/>\n<meta property=\"og:description\" content=\"Wenden Sie sich an Rafsoft.net f\u00fcr Fakturierungssoftware. Professionelle Software f\u00fcr kleine und mittlere Unternehmen. Sie sind herzlich eingeladen, sich uns anzuschlie\u00dfen.\" \/>\n<meta property=\"og:url\" content=\"https:\/\/ksiegowosc24.pl\/de\/wp-json\/wp\/v2\/pages\/258589\/\" \/>\n<meta property=\"og:site_name\" content=\"Ksiegowosc24.pl\" \/>\n<meta property=\"article:publisher\" content=\"http:\/\/www.facebook.com\/pages\/rafsoftnet\/116798445016643\" \/>\n<meta property=\"article:modified_time\" content=\"2025-02-10T04:01:48+00:00\" \/>\n<meta property=\"og:image\" content=\"https:\/\/ksiegowosc24.pl\/wp-content\/uploads\/2026\/03\/Program-Faktura-VAT-e1690689179406.webp\" \/>\n<meta name=\"twitter:card\" content=\"summary_large_image\" \/>\n<meta name=\"twitter:label1\" content=\"Gesch\u00e4tzte Lesezeit\" \/>\n\t<meta name=\"twitter:data1\" content=\"1\u00a0Minute\" \/>\n<script type=\"application\/ld+json\" class=\"yoast-schema-graph\">{\"@context\":\"https:\\\/\\\/schema.org\",\"@graph\":[{\"@type\":\"WebPage\",\"@id\":\"https:\\\/\\\/ksiegowosc24.pl\\\/de\\\/hilfe\\\/kontakt\\\/\",\"url\":\"https:\\\/\\\/ksiegowosc24.pl\\\/de\\\/hilfe\\\/kontakt\\\/\",\"name\":\"- Rafsoftnet Kontakt, Kontaktinformationen Rafsoft Ksiegowosc24.pl\",\"isPartOf\":{\"@id\":\"https:\\\/\\\/ksiegowosc24.pl\\\/de\\\/#website\"},\"primaryImageOfPage\":{\"@id\":\"https:\\\/\\\/ksiegowosc24.pl\\\/de\\\/hilfe\\\/kontakt\\\/#primaryimage\"},\"image\":{\"@id\":\"https:\\\/\\\/ksiegowosc24.pl\\\/de\\\/hilfe\\\/kontakt\\\/#primaryimage\"},\"thumbnailUrl\":\"https:\\\/\\\/ksiegowosc24.pl\\\/wp-content\\\/uploads\\\/2023\\\/05\\\/supportmale-svgrepo-com.svg\",\"datePublished\":\"2013-12-28T18:00:28+00:00\",\"dateModified\":\"2025-02-10T04:01:48+00:00\",\"description\":\"Wenden Sie sich an Rafsoft.net f\u00fcr Fakturierungssoftware. Professionelle Software f\u00fcr kleine und mittlere Unternehmen. Sie sind herzlich eingeladen, sich uns anzuschlie\u00dfen.\",\"breadcrumb\":{\"@id\":\"https:\\\/\\\/ksiegowosc24.pl\\\/de\\\/hilfe\\\/kontakt\\\/#breadcrumb\"},\"inLanguage\":\"de\",\"potentialAction\":[{\"@type\":\"ReadAction\",\"target\":[\"https:\\\/\\\/ksiegowosc24.pl\\\/de\\\/hilfe\\\/kontakt\\\/\"]}]},{\"@type\":\"ImageObject\",\"inLanguage\":\"de\",\"@id\":\"https:\\\/\\\/ksiegowosc24.pl\\\/de\\\/hilfe\\\/kontakt\\\/#primaryimage\",\"url\":\"https:\\\/\\\/ksiegowosc24.pl\\\/wp-content\\\/uploads\\\/2023\\\/05\\\/supportmale-svgrepo-com.svg\",\"contentUrl\":\"https:\\\/\\\/ksiegowosc24.pl\\\/wp-content\\\/uploads\\\/2023\\\/05\\\/supportmale-svgrepo-com.svg\"},{\"@type\":\"BreadcrumbList\",\"@id\":\"https:\\\/\\\/ksiegowosc24.pl\\\/de\\\/hilfe\\\/kontakt\\\/#breadcrumb\",\"itemListElement\":[{\"@type\":\"ListItem\",\"position\":1,\"name\":\"Startseite\",\"item\":\"https:\\\/\\\/ksiegowosc24.pl\\\/de\\\/\"},{\"@type\":\"ListItem\",\"position\":2,\"name\":\"Hilfe\",\"item\":\"https:\\\/\\\/ksiegowosc24.pl\\\/de\\\/hilfe\\\/\"},{\"@type\":\"ListItem\",\"position\":3,\"name\":\"Kontakt\"}]},{\"@type\":\"WebSite\",\"@id\":\"https:\\\/\\\/ksiegowosc24.pl\\\/de\\\/#website\",\"url\":\"https:\\\/\\\/ksiegowosc24.pl\\\/de\\\/\",\"name\":\"Ksiegowosc24.pl\",\"description\":\"Prosty program do faktur\",\"publisher\":{\"@id\":\"https:\\\/\\\/ksiegowosc24.pl\\\/de\\\/#organization\"},\"potentialAction\":[{\"@type\":\"SearchAction\",\"target\":{\"@type\":\"EntryPoint\",\"urlTemplate\":\"https:\\\/\\\/ksiegowosc24.pl\\\/de\\\/?s={search_term_string}\"},\"query-input\":{\"@type\":\"PropertyValueSpecification\",\"valueRequired\":true,\"valueName\":\"search_term_string\"}}],\"inLanguage\":\"de\"},{\"@type\":\"Organization\",\"@id\":\"https:\\\/\\\/ksiegowosc24.pl\\\/de\\\/#organization\",\"name\":\"Ksiegowosc24.pl\",\"url\":\"https:\\\/\\\/ksiegowosc24.pl\\\/de\\\/\",\"logo\":{\"@type\":\"ImageObject\",\"inLanguage\":\"de\",\"@id\":\"https:\\\/\\\/ksiegowosc24.pl\\\/de\\\/#\\\/schema\\\/logo\\\/image\\\/\",\"url\":\"https:\\\/\\\/ksiegowosc24.pl\\\/wp-content\\\/uploads\\\/2023\\\/05\\\/1bold-black.png\",\"contentUrl\":\"https:\\\/\\\/ksiegowosc24.pl\\\/wp-content\\\/uploads\\\/2023\\\/05\\\/1bold-black.png\",\"width\":300,\"height\":60,\"caption\":\"Ksiegowosc24.pl\"},\"image\":{\"@id\":\"https:\\\/\\\/ksiegowosc24.pl\\\/de\\\/#\\\/schema\\\/logo\\\/image\\\/\"},\"sameAs\":[\"http:\\\/\\\/www.facebook.com\\\/pages\\\/rafsoftnet\\\/116798445016643\",\"http:\\\/\\\/www.youtube.com\\\/user\\\/rafsoftNET?sub_confirmation=1\"],\"description\":\"Nowoczesny i prosty program do fakturowania\",\"email\":\"biuro@rafsoft.net\",\"legalName\":\"RAFSOFT.NET Sp. z.o.o.\",\"foundingDate\":\"2002-07-20\",\"numberOfEmployees\":{\"@type\":\"QuantitativeValue\",\"minValue\":\"1\",\"maxValue\":\"10\"}}]}<\/script>\n<!-- \/ Yoast SEO Premium plugin. -->","yoast_head_json":{"title":"- Rafsoftnet Kontakt, Kontaktinformationen Rafsoft Ksiegowosc24.pl","description":"Wenden Sie sich an Rafsoft.net f\u00fcr Fakturierungssoftware. Professionelle Software f\u00fcr kleine und mittlere Unternehmen. Sie sind herzlich eingeladen, sich uns anzuschlie\u00dfen.","robots":{"index":"index","follow":"follow","max-snippet":"max-snippet:-1","max-image-preview":"max-image-preview:large","max-video-preview":"max-video-preview:-1"},"canonical":"https:\/\/ksiegowosc24.pl\/de\/hilfe\/kontakt\/","og_locale":"de_DE","og_type":"article","og_title":"- Rafsoftnet Kontakt, Kontaktinformationen Rafsoft Ksiegowosc24.pl","og_description":"Wenden Sie sich an Rafsoft.net f\u00fcr Fakturierungssoftware. Professionelle Software f\u00fcr kleine und mittlere Unternehmen. Sie sind herzlich eingeladen, sich uns anzuschlie\u00dfen.","og_url":"https:\/\/ksiegowosc24.pl\/de\/wp-json\/wp\/v2\/pages\/258589\/","og_site_name":"Ksiegowosc24.pl","article_publisher":"http:\/\/www.facebook.com\/pages\/rafsoftnet\/116798445016643","article_modified_time":"2025-02-10T04:01:48+00:00","og_image":[{"url":"https:\/\/ksiegowosc24.pl\/wp-content\/uploads\/2026\/03\/Program-Faktura-VAT-e1690689179406.webp","type":"","width":"","height":""}],"twitter_card":"summary_large_image","twitter_misc":{"Gesch\u00e4tzte Lesezeit":"1\u00a0Minute"},"schema":{"@context":"https:\/\/schema.org","@graph":[{"@type":"WebPage","@id":"https:\/\/ksiegowosc24.pl\/de\/hilfe\/kontakt\/","url":"https:\/\/ksiegowosc24.pl\/de\/hilfe\/kontakt\/","name":"- Rafsoftnet Kontakt, Kontaktinformationen Rafsoft Ksiegowosc24.pl","isPartOf":{"@id":"https:\/\/ksiegowosc24.pl\/de\/#website"},"primaryImageOfPage":{"@id":"https:\/\/ksiegowosc24.pl\/de\/hilfe\/kontakt\/#primaryimage"},"image":{"@id":"https:\/\/ksiegowosc24.pl\/de\/hilfe\/kontakt\/#primaryimage"},"thumbnailUrl":"https:\/\/ksiegowosc24.pl\/wp-content\/uploads\/2023\/05\/supportmale-svgrepo-com.svg","datePublished":"2013-12-28T18:00:28+00:00","dateModified":"2025-02-10T04:01:48+00:00","description":"Wenden Sie sich an Rafsoft.net f\u00fcr Fakturierungssoftware. Professionelle Software f\u00fcr kleine und mittlere Unternehmen. Sie sind herzlich eingeladen, sich uns anzuschlie\u00dfen.","breadcrumb":{"@id":"https:\/\/ksiegowosc24.pl\/de\/hilfe\/kontakt\/#breadcrumb"},"inLanguage":"de","potentialAction":[{"@type":"ReadAction","target":["https:\/\/ksiegowosc24.pl\/de\/hilfe\/kontakt\/"]}]},{"@type":"ImageObject","inLanguage":"de","@id":"https:\/\/ksiegowosc24.pl\/de\/hilfe\/kontakt\/#primaryimage","url":"https:\/\/ksiegowosc24.pl\/wp-content\/uploads\/2023\/05\/supportmale-svgrepo-com.svg","contentUrl":"https:\/\/ksiegowosc24.pl\/wp-content\/uploads\/2023\/05\/supportmale-svgrepo-com.svg"},{"@type":"BreadcrumbList","@id":"https:\/\/ksiegowosc24.pl\/de\/hilfe\/kontakt\/#breadcrumb","itemListElement":[{"@type":"ListItem","position":1,"name":"Startseite","item":"https:\/\/ksiegowosc24.pl\/de\/"},{"@type":"ListItem","position":2,"name":"Hilfe","item":"https:\/\/ksiegowosc24.pl\/de\/hilfe\/"},{"@type":"ListItem","position":3,"name":"Kontakt"}]},{"@type":"WebSite","@id":"https:\/\/ksiegowosc24.pl\/de\/#website","url":"https:\/\/ksiegowosc24.pl\/de\/","name":"Ksiegowosc24.pl","description":"Prosty program do faktur","publisher":{"@id":"https:\/\/ksiegowosc24.pl\/de\/#organization"},"potentialAction":[{"@type":"SearchAction","target":{"@type":"EntryPoint","urlTemplate":"https:\/\/ksiegowosc24.pl\/de\/?s={search_term_string}"},"query-input":{"@type":"PropertyValueSpecification","valueRequired":true,"valueName":"search_term_string"}}],"inLanguage":"de"},{"@type":"Organization","@id":"https:\/\/ksiegowosc24.pl\/de\/#organization","name":"Ksiegowosc24.pl","url":"https:\/\/ksiegowosc24.pl\/de\/","logo":{"@type":"ImageObject","inLanguage":"de","@id":"https:\/\/ksiegowosc24.pl\/de\/#\/schema\/logo\/image\/","url":"https:\/\/ksiegowosc24.pl\/wp-content\/uploads\/2023\/05\/1bold-black.png","contentUrl":"https:\/\/ksiegowosc24.pl\/wp-content\/uploads\/2023\/05\/1bold-black.png","width":300,"height":60,"caption":"Ksiegowosc24.pl"},"image":{"@id":"https:\/\/ksiegowosc24.pl\/de\/#\/schema\/logo\/image\/"},"sameAs":["http:\/\/www.facebook.com\/pages\/rafsoftnet\/116798445016643","http:\/\/www.youtube.com\/user\/rafsoftNET?sub_confirmation=1"],"description":"Nowoczesny i prosty program do fakturowania","email":"biuro@rafsoft.net","legalName":"RAFSOFT.NET Sp. z.o.o.","foundingDate":"2002-07-20","numberOfEmployees":{"@type":"QuantitativeValue","minValue":"1","maxValue":"10"}}]}},"_links":{"self":[{"href":"https:\/\/ksiegowosc24.pl\/de\/wp-json\/wp\/v2\/pages\/258589","targetHints":{"allow":["GET"]}}],"collection":[{"href":"https:\/\/ksiegowosc24.pl\/de\/wp-json\/wp\/v2\/pages"}],"about":[{"href":"https:\/\/ksiegowosc24.pl\/de\/wp-json\/wp\/v2\/types\/page"}],"author":[{"embeddable":true,"href":"https:\/\/ksiegowosc24.pl\/de\/wp-json\/wp\/v2\/users\/1"}],"replies":[{"embeddable":true,"href":"https:\/\/ksiegowosc24.pl\/de\/wp-json\/wp\/v2\/comments?post=258589"}],"version-history":[{"count":1,"href":"https:\/\/ksiegowosc24.pl\/de\/wp-json\/wp\/v2\/pages\/258589\/revisions"}],"predecessor-version":[{"id":258590,"href":"https:\/\/ksiegowosc24.pl\/de\/wp-json\/wp\/v2\/pages\/258589\/revisions\/258590"}],"up":[{"embeddable":true,"href":"https:\/\/ksiegowosc24.pl\/de\/wp-json\/wp\/v2\/pages\/258573"}],"wp:attachment":[{"href":"https:\/\/ksiegowosc24.pl\/de\/wp-json\/wp\/v2\/media?parent=258589"}],"curies":[{"name":"wp","href":"https:\/\/api.w.org\/{rel}","templated":true}]}}