{"id":258617,"date":"2023-06-25T14:16:47","date_gmt":"2023-06-25T14:16:47","guid":{"rendered":"https:\/\/ksiegowosc24.pl\/shop\/verkaeufe-und-zahlungsarten\/"},"modified":"2025-02-10T06:34:41","modified_gmt":"2025-02-10T06:34:41","slug":"verkaeufe-und-zahlungsarten","status":"publish","type":"page","link":"https:\/\/ksiegowosc24.pl\/de\/geschaeft\/verkaeufe-und-zahlungsarten\/","title":{"rendered":"Verk\u00e4ufe und Zahlungsarten"},"content":{"rendered":"\n<h2 class=\"wp-block-heading has-text-align-center\" id=\"h-sposoby-sprzedazy-i-platnosci-oraz-warunki-licencji\">Verkaufs- und Zahlungsmodalit\u00e4ten und Lizenzbedingungen<\/h2>\n\n<p>Das Aufgeben von Bestellungen ist m\u00f6glich:<\/p>\n\n<ul class=\"wp-block-list\">\n<li>Bestellformular im Online Shop <a href=\"https:\/\/ksiegowosc24.pl\/sklep\/\">sklep.ksiegowosc24.pl<\/a><\/li>\n<\/ul>\n\n<p>Die f\u00fcr eine Bestellung erforderlichen Daten sind:<\/p>\n\n<ul class=\"wp-block-list\">\n<li>Firmenname\/Name<\/li>\n\n\n\n<li>Adresse<\/li>\n\n\n\n<li>TIN (im Falle von Unternehmen)<\/li>\n\n\n\n<li>Kontakttelefon<\/li>\n\n\n\n<li>E-Mail Adresse<\/li>\n<\/ul>\n\n<p><a href=\"https:\/\/ksiegowosc24.pl\/sklep\/\">Besuchen Sie unser Gesch\u00e4ft<\/a><\/p>\n\n<h3 class=\"wp-block-heading\" id=\"h-sposoby-sprzedazy-licencji\"><a href=\"https:\/\/ksiegowosc24.pl\/de\/shop\/verkaeufe-und-zahlungsarten\/\"><strong>M\u00f6glichkeiten zum Verkauf von Lizenzen<\/strong><\/a><\/h3>\n\n<p>Die <strong>Lizenz selbst &#8211; <\/strong>Die billigste und auch schnellste L\u00f6sung ist, das Programm (Demoversion) f\u00fcr Faktura VATen von unserer Website herunterzuladen und dann die Lizenz selbst (Registrierungscode + Lizenz) in unserem <a href=\"https:\/\/ksiegowosc24.pl\/sklep\/\">Shop<\/a> zu erwerben.<\/p>\n\n<p>Nach dem Kauf erhalten Sie einen direkten Link zum Download der Vollversion der Anwendung und einen Registrierungscode. <strong>Versand 24 Stunden f\u00fcr 7 Tage<\/strong>. Die Bezahlung erfolgt \u00fcber ein automatisches System, das Ihnen den Code an Ihre E-Mail-Adresse sendet. <\/p>\n\n<p><strong>Die BOX-Version mit CD<\/strong> ist die Version f\u00fcr diejenigen, die das Programm auf CD haben m\u00f6chten, auf der auch die Lizenzen enthalten sind. Die CD-Version wird <strong>innerhalb von 1-3 Werktagen<\/strong> versandt. <\/p>\n\n<h3 class=\"wp-block-heading\" id=\"h-ktora-wersja-jest-dla-mnie\"><strong>Welche Version ist f\u00fcr mich geeignet?<\/strong><\/h3>\n\n<p>Das Programm wird in 3 Versionen angeboten: START, STANDARD und PRO. <a href=\"https:\/\/ksiegowosc24.pl\/porownanie-wersji\/\">Siehe Vergleich der Programmversionen<\/a>.<\/p>\n\n<h3 class=\"wp-block-heading\" id=\"h-na-ilu-komputerach-moge-zainstalowac-program\"><strong>Auf wie vielen Computern kann ich das Programm installieren?<\/strong><\/h3>\n\n<h3 class=\"wp-block-heading\" id=\"h-liczba-stanowisk-okresla-liczbe-stanowisk-pracy-na-ktorych-bedzie-uruchomiona-aplikacja-licencje-mozna-przenosic-na-dowolny-komputer-stanowisko-pracy-nie-jest-ona-bowiem-przypisana-do-danego-komputera-a-do-naszego-numeru-nip-liczbe-stanowisk-komputerowych-na-ktorych-mozna-zainstalowac-program-okreslamy-w-kroku-drugim-krok-2-z-3-w-naszym-formularzu-zamowienia-na-jaki-okres-wystawiana-jest-licencja-na-program-licencja-wystawiana-jest-na-okres-1-go-roku-w-tym-czasie-bezplatne-aktualizacje-i-pomoc-techniczna-po-tym-okresie-aby-nadal-korzystac-z-programu-nalezy-odnowic-licencje-poprzez-wykupienie-aktualizacji-uaktualnienia-na-kolejny-rok\">Die Anzahl der Workstations bestimmt die Anzahl der Arbeitspl\u00e4tze, auf denen die Anwendung ausgef\u00fchrt wird. Die Lizenzen k\u00f6nnen auf jeden beliebigen Computer (Arbeitsplatz) \u00fcbertragen werden, da sie nicht einem bestimmten Computer, sondern unserer Umsatzsteuernummer zugeordnet sind. Die Anzahl der Arbeitspl\u00e4tze, auf denen die Anwendung installiert werden kann, wird in Schritt zwei (Schritt 2 von 3) unseres <a href=\"https:\/\/ksiegowosc24.pl\/sklep\/\">Bestellformulars<\/a> angegeben.  <br\/><br\/><strong>F\u00fcr welchen Zeitraum wird die Programmlizenz ausgestellt?<\/strong><br\/>Die Lizenz wird f\u00fcr einen Zeitraum von 1 Jahr ausgestellt. W\u00e4hrend dieses Zeitraums werden kostenlose Updates und <a href=\"https:\/\/ksiegowosc24.pl\/de\/hilfe\/kontakt\/\">technischer Support<\/a> bereitgestellt. Um das Programm nach diesem Zeitraum weiter nutzen zu k\u00f6nnen, m\u00fcssen die Lizenzen durch den Kauf eines Updates\/Updates f\u00fcr ein weiteres Jahr erneuert werden.  <\/h3>\n\n<h3 class=\"wp-block-heading\" id=\"h-gwarancja\"><strong>Garantie<\/strong><\/h3>\n\n<figure class=\"wp-block-image aligncenter size-full\"><img loading=\"lazy\" loading=\"lazy\" decoding=\"async\" width=\"140\" height=\"140\" src=\"https:\/\/ksiegowosc24.pl\/wp-content\/uploads\/2023\/06\/gwarancja_znak2.gif\" alt=\"\" class=\"wp-image-70988\" title=\"Faktura VAT - Rechnungsstellungsprogramm - 100% Zufriedenheitsgarantie\" srcset=\"https:\/\/ksiegowosc24.pl\/wp-content\/uploads\/2023\/06\/gwarancja_znak2.gif 140w, https:\/\/ksiegowosc24.pl\/wp-content\/uploads\/2023\/06\/gwarancja_znak2-100x100.gif 100w\" sizes=\"auto, (max-width: 140px) 100vw, 140px\" \/><\/figure>\n\n<p>Die von dem Unternehmen angebotene Reklamationsfrist betr\u00e4gt 30 Tage und gilt f\u00fcr jede Art von Bestellung. Wenn der Kunde nicht zufrieden ist, ist eine vollst\u00e4ndige R\u00fcckerstattung des ausgegebenen Geldes m\u00f6glich. <\/p>\n\n<h3 class=\"wp-block-heading\" id=\"h-formy-platnosci-akceptowane-przez-firme\"><strong>Von der Gesellschaft akzeptierte Zahlungsmittel:<\/strong><\/h3>\n\n<ul class=\"wp-block-list\">\n<li><strong>Nachnahme<\/strong> &#8211; Zahlung bei Zustellung an den Postboten oder im Postamt (Poczta Polska) oder an den Kurier (DPD)<\/li>\n\n\n\n<li><strong>durch einfache \u00dcbertragung<\/strong><\/li>\n\n\n\n<li><strong>Online-\u00dcberweisung in dotpay.pl<\/strong> &#8211; Bank BPH, Nordea, PKO, citi handlowy, Multi Transfer, MTransfer, Inteligo, Bank Zachodni WBK, Pekao24, Raiffeisen BANK, Kredyt Bank, Millenium Bank, Lukas Bank, Invest Bank, ING, Deutsche Bank, IdeaBank<\/li>\n\n\n\n<li><strong>per Zahlungskarte<\/strong> bei dotpay.de Visa\/Visa Electron und MasterCard\/MasterCard Electronic, Maestro<\/li>\n<\/ul>\n\n<p>Der Betreiber des Online-Zahlungssystems ist DOTPAY S.A. &#8211; Nationales Zahlungsinstitut, das der Aufsicht der polnischen Finanzaufsichtsbeh\u00f6rde unterliegt.<\/p>\n\n<figure class=\"wp-block-image aligncenter size-full\"><img loading=\"lazy\" loading=\"lazy\" decoding=\"async\" width=\"600\" height=\"150\" src=\"https:\/\/ksiegowosc24.pl\/wp-content\/uploads\/2023\/06\/logotypy_kanalow.png\" alt=\"\" class=\"wp-image-70990\" title=\"ksiegowosc24 - Zahlungsarten f&#xFC;r das Mehrwertsteuer-Rechnungsprogramm\" srcset=\"https:\/\/ksiegowosc24.pl\/wp-content\/uploads\/2023\/06\/logotypy_kanalow.png 600w, https:\/\/ksiegowosc24.pl\/wp-content\/uploads\/2023\/06\/logotypy_kanalow-400x100.png 400w, https:\/\/ksiegowosc24.pl\/wp-content\/uploads\/2023\/06\/logotypy_kanalow-300x75.png 300w\" sizes=\"auto, (max-width: 600px) 100vw, 600px\" \/><\/figure>\n\n<p>Die folgenden Zahlungskarten k\u00f6nnen bei Dotpay abgewickelt werden:<\/p>\n\n<ul class=\"wp-block-list\">\n<li>VISA<\/li>\n\n\n\n<li>MasterCard<\/li>\n\n\n\n<li>Diners Club International<\/li>\n\n\n\n<li>JCB<\/li>\n\n\n\n<li>American Express<\/li>\n\n\n\n<li>Maestro<\/li>\n\n\n\n<li>Visa Electron<\/li>\n<\/ul>\n\n<p>\u00dcberweisungen und elektronische \u00dcberweisungen<\/p>\n\n<p>Der Service besteht darin, einen im Online-Shop get\u00e4tigten Kauf vollst\u00e4ndig mit dem Bankkonto zu verkn\u00fcpfen. Beim Abschlie\u00dfen des Kaufs werden alle \u00dcberweisungsdaten automatisch ausgef\u00fcllt. Der K\u00e4ufer muss also weder den Betrag noch die Bestellnummer, die Kontonummer, den Namen des Shops oder andere f\u00fcr die korrekte Ausf\u00fchrung der Zahlung erforderliche Daten manuell eingeben.  <\/p>\n\n<p>Die folgenden \u00dcberweisungen k\u00f6nnen mit Dotpay get\u00e4tigt werden:<\/p>\n\n<ul class=\"wp-block-list\">\n<li>mTransfer<\/li>\n\n\n\n<li>Bezahlen mit Inteligo<\/li>\n\n\n\n<li>\u00dcbertragung von BPH<\/li>\n\n\n\n<li>Przelew24<\/li>\n\n\n\n<li>MultiTransfer<\/li>\n\n\n\n<li>Bezahlen mit Nordea<\/li>\n\n\n\n<li>Bezahlen mit ING Neu!<\/li>\n\n\n\n<li>Millennium &#8211; Online-Zahlungen Neu!<\/li>\n<\/ul>\n\n<p>Vorteile der Transferzahlung:<\/p>\n\n<ul class=\"wp-block-list\">\n<li>Schnelligkeit &#8211; die \u00dcberweisung wird sofort, w\u00e4hrend der Buchungszeiten der Bank, ausgef\u00fchrt,<\/li>\n\n\n\n<li>Einsparungen &#8211; \u00dcberweisungen sind ein geb\u00fchrenfreier Zahlungsweg f\u00fcr den Kunden,<\/li>\n\n\n\n<li>Sicherheit &#8211; Transaktionen sind vollst\u00e4ndig abgesichert.<\/li>\n<\/ul>\n\n<p>Auch Kontoinhaber:<\/p>\n\n<ul class=\"wp-block-list\">\n<li>iPKO PKO BP S.A.<\/li>\n\n\n\n<li>Pekao24 Pekao S.A.<\/li>\n\n\n\n<li>Millenet Millenium Bank S.A.<\/li>\n\n\n\n<li>KB24 Kredyt Bank S.A.<\/li>\n\n\n\n<li>Sez@m Bank BPH S.A.<\/li>\n\n\n\n<li>Deutsche Bank Deutsche Bank S.A.<\/li>\n\n\n\n<li>ING Online ING Bank \u015al\u0105ski S.A.<\/li>\n\n\n\n<li>CitiBank Citi Bank Handlowy S.A.<\/li>\n\n\n\n<li>BO\u015aBank24 Bank Ochrony \u015arodowiska S.A.<\/li>\n\n\n\n<li>eBG\u017b Bank Gospodarki \u017bywno\u015bciowej S.A.<\/li>\n\n\n\n<li>InvestBank InvestBank S.A.<\/li>\n\n\n\n<li>BNP Paribas Fortis Bank S.A.<\/li>\n\n\n\n<li>VW Bank Direkt VW Bank S.A.<\/li>\n\n\n\n<li>Lukas Bank Lukas Bank S.A.<\/li>\n\n\n\n<li>Alior Bank Alior Bank S.A. Neu!<\/li>\n\n\n\n<li>BS Wschowa BS Wschowa S.A. Neu!<\/li>\n<\/ul>\n\n<p>und diejenigen, die per Bank\u00fcberweisung\/\u00dcberweisung von einer beliebigen Bank bezahlen, k\u00f6nnen schnelle und sichere Online-\u00dcberweisungen f\u00fcr Online-Eink\u00e4ufe in Ihrem Gesch\u00e4ft oder bei Ihrem Service vornehmen.<\/p>\n\n<p><strong>RAFSOFT.NET<\/strong> Software &#8211; Rechnungsstellungsprogramm, Mehrwertsteuer-Rechnungsstellungsprogramm<\/p>\n\n<p><a href=\"https:\/\/ksiegowosc24.pl\/sklep\/\">Besuchen Sie unser Gesch\u00e4ft<\/a><\/p>\n","protected":false},"excerpt":{"rendered":"<p>Verkaufs- und Zahlungsmodalit\u00e4ten und Lizenzbedingungen Das Aufgeben von Bestellungen ist m\u00f6glich: Die f\u00fcr eine Bestellung erforderlichen Daten sind: Besuchen Sie unser Gesch\u00e4ft M\u00f6glichkeiten zum Verkauf von Lizenzen Die Lizenz selbst &#8211; Die billigste und auch schnellste L\u00f6sung ist, das Programm (Demoversion) f\u00fcr Faktura VATen von unserer Website herunterzuladen und dann die Lizenz selbst (Registrierungscode + [&hellip;]<\/p>\n","protected":false},"author":1,"featured_media":0,"parent":258595,"menu_order":0,"comment_status":"closed","ping_status":"closed","template":"","meta":{"_acf_changed":false,"footnotes":""},"class_list":["post-258617","page","type-page","status-publish","hentry"],"blocksy_meta":[],"acf":[],"yoast_head":"<!-- This site is optimized with the Yoast SEO Premium plugin v27.3 (Yoast SEO v27.3) - https:\/\/yoast.com\/product\/yoast-seo-premium-wordpress\/ -->\n<title>Verk\u00e4ufe und Zahlungsarten - Ksiegowosc24.pl<\/title>\n<meta name=\"description\" content=\"Verkaufs- und Zahlungsmodalit\u00e4ten und Lizenzbedingungen Das Aufgeben von Bestellungen ist m\u00f6glich: Bestellformular im Online Shop sklep.ksiegowosc24.pl\" \/>\n<meta name=\"robots\" content=\"index, follow, max-snippet:-1, max-image-preview:large, max-video-preview:-1\" \/>\n<link rel=\"canonical\" href=\"https:\/\/ksiegowosc24.pl\/de\/geschaeft\/verkaeufe-und-zahlungsarten\/\" \/>\n<meta property=\"og:locale\" content=\"de_DE\" \/>\n<meta property=\"og:type\" content=\"article\" \/>\n<meta property=\"og:title\" content=\"Verk\u00e4ufe und Zahlungsarten - Ksiegowosc24.pl\" \/>\n<meta property=\"og:description\" content=\"Verkaufs- und Zahlungsmodalit\u00e4ten und Lizenzbedingungen Das Aufgeben von Bestellungen ist m\u00f6glich: Bestellformular im Online Shop sklep.ksiegowosc24.pl\" \/>\n<meta property=\"og:url\" content=\"https:\/\/ksiegowosc24.pl\/de\/wp-json\/wp\/v2\/pages\/258617\/\" \/>\n<meta property=\"og:site_name\" content=\"Ksiegowosc24.pl\" \/>\n<meta property=\"article:publisher\" content=\"http:\/\/www.facebook.com\/pages\/rafsoftnet\/116798445016643\" \/>\n<meta property=\"article:modified_time\" content=\"2025-02-10T06:34:41+00:00\" \/>\n<meta property=\"og:image\" content=\"https:\/\/ksiegowosc24.pl\/wp-content\/uploads\/2026\/03\/Program-Faktura-VAT-e1690689179406.webp\" \/><meta property=\"og:image\" content=\"https:\/\/ksiegowosc24.pl\/wp-content\/uploads\/2023\/06\/gwarancja_znak2.gif\" \/>\n\t<meta property=\"og:image:width\" content=\"140\" \/>\n\t<meta property=\"og:image:height\" content=\"140\" \/>\n\t<meta property=\"og:image:type\" content=\"image\/gif\" \/>\n<meta name=\"twitter:card\" content=\"summary_large_image\" \/>\n<meta name=\"twitter:label1\" content=\"Gesch\u00e4tzte Lesezeit\" \/>\n\t<meta name=\"twitter:data1\" content=\"4\u00a0Minuten\" \/>\n<script type=\"application\/ld+json\" class=\"yoast-schema-graph\">{\"@context\":\"https:\\\/\\\/schema.org\",\"@graph\":[{\"@type\":\"WebPage\",\"@id\":\"https:\\\/\\\/ksiegowosc24.pl\\\/de\\\/geschaeft\\\/verkaeufe-und-zahlungsarten\\\/\",\"url\":\"https:\\\/\\\/ksiegowosc24.pl\\\/de\\\/geschaeft\\\/verkaeufe-und-zahlungsarten\\\/\",\"name\":\"Verk\u00e4ufe und Zahlungsarten - Ksiegowosc24.pl\",\"isPartOf\":{\"@id\":\"https:\\\/\\\/ksiegowosc24.pl\\\/de\\\/#website\"},\"primaryImageOfPage\":{\"@id\":\"https:\\\/\\\/ksiegowosc24.pl\\\/de\\\/geschaeft\\\/verkaeufe-und-zahlungsarten\\\/#primaryimage\"},\"image\":{\"@id\":\"https:\\\/\\\/ksiegowosc24.pl\\\/de\\\/geschaeft\\\/verkaeufe-und-zahlungsarten\\\/#primaryimage\"},\"thumbnailUrl\":\"https:\\\/\\\/ksiegowosc24.pl\\\/wp-content\\\/uploads\\\/2023\\\/06\\\/gwarancja_znak2.gif\",\"datePublished\":\"2023-06-25T14:16:47+00:00\",\"dateModified\":\"2025-02-10T06:34:41+00:00\",\"description\":\"Verkaufs- und Zahlungsmodalit\u00e4ten und Lizenzbedingungen Das Aufgeben von Bestellungen ist m\u00f6glich: Bestellformular im Online Shop sklep.ksiegowosc24.pl\",\"breadcrumb\":{\"@id\":\"https:\\\/\\\/ksiegowosc24.pl\\\/de\\\/geschaeft\\\/verkaeufe-und-zahlungsarten\\\/#breadcrumb\"},\"inLanguage\":\"de\",\"potentialAction\":[{\"@type\":\"ReadAction\",\"target\":[\"https:\\\/\\\/ksiegowosc24.pl\\\/de\\\/geschaeft\\\/verkaeufe-und-zahlungsarten\\\/\"]}]},{\"@type\":\"ImageObject\",\"inLanguage\":\"de\",\"@id\":\"https:\\\/\\\/ksiegowosc24.pl\\\/de\\\/geschaeft\\\/verkaeufe-und-zahlungsarten\\\/#primaryimage\",\"url\":\"https:\\\/\\\/ksiegowosc24.pl\\\/wp-content\\\/uploads\\\/2023\\\/06\\\/gwarancja_znak2.gif\",\"contentUrl\":\"https:\\\/\\\/ksiegowosc24.pl\\\/wp-content\\\/uploads\\\/2023\\\/06\\\/gwarancja_znak2.gif\"},{\"@type\":\"BreadcrumbList\",\"@id\":\"https:\\\/\\\/ksiegowosc24.pl\\\/de\\\/geschaeft\\\/verkaeufe-und-zahlungsarten\\\/#breadcrumb\",\"itemListElement\":[{\"@type\":\"ListItem\",\"position\":1,\"name\":\"Startseite\",\"item\":\"https:\\\/\\\/ksiegowosc24.pl\\\/de\\\/\"},{\"@type\":\"ListItem\",\"position\":2,\"name\":\"Gesch\u00e4ft\",\"item\":\"https:\\\/\\\/ksiegowosc24.pl\\\/de\\\/geschaeft\\\/\"},{\"@type\":\"ListItem\",\"position\":3,\"name\":\"Verk\u00e4ufe und Zahlungsarten\"}]},{\"@type\":\"WebSite\",\"@id\":\"https:\\\/\\\/ksiegowosc24.pl\\\/de\\\/#website\",\"url\":\"https:\\\/\\\/ksiegowosc24.pl\\\/de\\\/\",\"name\":\"Ksiegowosc24.pl\",\"description\":\"Prosty program do faktur\",\"publisher\":{\"@id\":\"https:\\\/\\\/ksiegowosc24.pl\\\/de\\\/#organization\"},\"potentialAction\":[{\"@type\":\"SearchAction\",\"target\":{\"@type\":\"EntryPoint\",\"urlTemplate\":\"https:\\\/\\\/ksiegowosc24.pl\\\/de\\\/?s={search_term_string}\"},\"query-input\":{\"@type\":\"PropertyValueSpecification\",\"valueRequired\":true,\"valueName\":\"search_term_string\"}}],\"inLanguage\":\"de\"},{\"@type\":\"Organization\",\"@id\":\"https:\\\/\\\/ksiegowosc24.pl\\\/de\\\/#organization\",\"name\":\"Ksiegowosc24.pl\",\"url\":\"https:\\\/\\\/ksiegowosc24.pl\\\/de\\\/\",\"logo\":{\"@type\":\"ImageObject\",\"inLanguage\":\"de\",\"@id\":\"https:\\\/\\\/ksiegowosc24.pl\\\/de\\\/#\\\/schema\\\/logo\\\/image\\\/\",\"url\":\"https:\\\/\\\/ksiegowosc24.pl\\\/wp-content\\\/uploads\\\/2023\\\/05\\\/1bold-black.png\",\"contentUrl\":\"https:\\\/\\\/ksiegowosc24.pl\\\/wp-content\\\/uploads\\\/2023\\\/05\\\/1bold-black.png\",\"width\":300,\"height\":60,\"caption\":\"Ksiegowosc24.pl\"},\"image\":{\"@id\":\"https:\\\/\\\/ksiegowosc24.pl\\\/de\\\/#\\\/schema\\\/logo\\\/image\\\/\"},\"sameAs\":[\"http:\\\/\\\/www.facebook.com\\\/pages\\\/rafsoftnet\\\/116798445016643\",\"http:\\\/\\\/www.youtube.com\\\/user\\\/rafsoftNET?sub_confirmation=1\"],\"description\":\"Nowoczesny i prosty program do fakturowania\",\"email\":\"biuro@rafsoft.net\",\"legalName\":\"RAFSOFT.NET Sp. z.o.o.\",\"foundingDate\":\"2002-07-20\",\"numberOfEmployees\":{\"@type\":\"QuantitativeValue\",\"minValue\":\"1\",\"maxValue\":\"10\"}}]}<\/script>\n<!-- \/ Yoast SEO Premium plugin. -->","yoast_head_json":{"title":"Verk\u00e4ufe und Zahlungsarten - Ksiegowosc24.pl","description":"Verkaufs- und Zahlungsmodalit\u00e4ten und Lizenzbedingungen Das Aufgeben von Bestellungen ist m\u00f6glich: Bestellformular im Online Shop sklep.ksiegowosc24.pl","robots":{"index":"index","follow":"follow","max-snippet":"max-snippet:-1","max-image-preview":"max-image-preview:large","max-video-preview":"max-video-preview:-1"},"canonical":"https:\/\/ksiegowosc24.pl\/de\/geschaeft\/verkaeufe-und-zahlungsarten\/","og_locale":"de_DE","og_type":"article","og_title":"Verk\u00e4ufe und Zahlungsarten - Ksiegowosc24.pl","og_description":"Verkaufs- und Zahlungsmodalit\u00e4ten und Lizenzbedingungen Das Aufgeben von Bestellungen ist m\u00f6glich: Bestellformular im Online Shop sklep.ksiegowosc24.pl","og_url":"https:\/\/ksiegowosc24.pl\/de\/wp-json\/wp\/v2\/pages\/258617\/","og_site_name":"Ksiegowosc24.pl","article_publisher":"http:\/\/www.facebook.com\/pages\/rafsoftnet\/116798445016643","article_modified_time":"2025-02-10T06:34:41+00:00","og_image":[{"url":"https:\/\/ksiegowosc24.pl\/wp-content\/uploads\/2026\/03\/Program-Faktura-VAT-e1690689179406.webp","type":"","width":"","height":""},{"width":140,"height":140,"url":"https:\/\/ksiegowosc24.pl\/wp-content\/uploads\/2023\/06\/gwarancja_znak2.gif","type":"image\/gif"}],"twitter_card":"summary_large_image","twitter_misc":{"Gesch\u00e4tzte Lesezeit":"4\u00a0Minuten"},"schema":{"@context":"https:\/\/schema.org","@graph":[{"@type":"WebPage","@id":"https:\/\/ksiegowosc24.pl\/de\/geschaeft\/verkaeufe-und-zahlungsarten\/","url":"https:\/\/ksiegowosc24.pl\/de\/geschaeft\/verkaeufe-und-zahlungsarten\/","name":"Verk\u00e4ufe und Zahlungsarten - Ksiegowosc24.pl","isPartOf":{"@id":"https:\/\/ksiegowosc24.pl\/de\/#website"},"primaryImageOfPage":{"@id":"https:\/\/ksiegowosc24.pl\/de\/geschaeft\/verkaeufe-und-zahlungsarten\/#primaryimage"},"image":{"@id":"https:\/\/ksiegowosc24.pl\/de\/geschaeft\/verkaeufe-und-zahlungsarten\/#primaryimage"},"thumbnailUrl":"https:\/\/ksiegowosc24.pl\/wp-content\/uploads\/2023\/06\/gwarancja_znak2.gif","datePublished":"2023-06-25T14:16:47+00:00","dateModified":"2025-02-10T06:34:41+00:00","description":"Verkaufs- und Zahlungsmodalit\u00e4ten und Lizenzbedingungen Das Aufgeben von Bestellungen ist m\u00f6glich: Bestellformular im Online Shop sklep.ksiegowosc24.pl","breadcrumb":{"@id":"https:\/\/ksiegowosc24.pl\/de\/geschaeft\/verkaeufe-und-zahlungsarten\/#breadcrumb"},"inLanguage":"de","potentialAction":[{"@type":"ReadAction","target":["https:\/\/ksiegowosc24.pl\/de\/geschaeft\/verkaeufe-und-zahlungsarten\/"]}]},{"@type":"ImageObject","inLanguage":"de","@id":"https:\/\/ksiegowosc24.pl\/de\/geschaeft\/verkaeufe-und-zahlungsarten\/#primaryimage","url":"https:\/\/ksiegowosc24.pl\/wp-content\/uploads\/2023\/06\/gwarancja_znak2.gif","contentUrl":"https:\/\/ksiegowosc24.pl\/wp-content\/uploads\/2023\/06\/gwarancja_znak2.gif"},{"@type":"BreadcrumbList","@id":"https:\/\/ksiegowosc24.pl\/de\/geschaeft\/verkaeufe-und-zahlungsarten\/#breadcrumb","itemListElement":[{"@type":"ListItem","position":1,"name":"Startseite","item":"https:\/\/ksiegowosc24.pl\/de\/"},{"@type":"ListItem","position":2,"name":"Gesch\u00e4ft","item":"https:\/\/ksiegowosc24.pl\/de\/geschaeft\/"},{"@type":"ListItem","position":3,"name":"Verk\u00e4ufe und Zahlungsarten"}]},{"@type":"WebSite","@id":"https:\/\/ksiegowosc24.pl\/de\/#website","url":"https:\/\/ksiegowosc24.pl\/de\/","name":"Ksiegowosc24.pl","description":"Prosty program do faktur","publisher":{"@id":"https:\/\/ksiegowosc24.pl\/de\/#organization"},"potentialAction":[{"@type":"SearchAction","target":{"@type":"EntryPoint","urlTemplate":"https:\/\/ksiegowosc24.pl\/de\/?s={search_term_string}"},"query-input":{"@type":"PropertyValueSpecification","valueRequired":true,"valueName":"search_term_string"}}],"inLanguage":"de"},{"@type":"Organization","@id":"https:\/\/ksiegowosc24.pl\/de\/#organization","name":"Ksiegowosc24.pl","url":"https:\/\/ksiegowosc24.pl\/de\/","logo":{"@type":"ImageObject","inLanguage":"de","@id":"https:\/\/ksiegowosc24.pl\/de\/#\/schema\/logo\/image\/","url":"https:\/\/ksiegowosc24.pl\/wp-content\/uploads\/2023\/05\/1bold-black.png","contentUrl":"https:\/\/ksiegowosc24.pl\/wp-content\/uploads\/2023\/05\/1bold-black.png","width":300,"height":60,"caption":"Ksiegowosc24.pl"},"image":{"@id":"https:\/\/ksiegowosc24.pl\/de\/#\/schema\/logo\/image\/"},"sameAs":["http:\/\/www.facebook.com\/pages\/rafsoftnet\/116798445016643","http:\/\/www.youtube.com\/user\/rafsoftNET?sub_confirmation=1"],"description":"Nowoczesny i prosty program do fakturowania","email":"biuro@rafsoft.net","legalName":"RAFSOFT.NET Sp. z.o.o.","foundingDate":"2002-07-20","numberOfEmployees":{"@type":"QuantitativeValue","minValue":"1","maxValue":"10"}}]}},"_links":{"self":[{"href":"https:\/\/ksiegowosc24.pl\/de\/wp-json\/wp\/v2\/pages\/258617","targetHints":{"allow":["GET"]}}],"collection":[{"href":"https:\/\/ksiegowosc24.pl\/de\/wp-json\/wp\/v2\/pages"}],"about":[{"href":"https:\/\/ksiegowosc24.pl\/de\/wp-json\/wp\/v2\/types\/page"}],"author":[{"embeddable":true,"href":"https:\/\/ksiegowosc24.pl\/de\/wp-json\/wp\/v2\/users\/1"}],"replies":[{"embeddable":true,"href":"https:\/\/ksiegowosc24.pl\/de\/wp-json\/wp\/v2\/comments?post=258617"}],"version-history":[{"count":1,"href":"https:\/\/ksiegowosc24.pl\/de\/wp-json\/wp\/v2\/pages\/258617\/revisions"}],"predecessor-version":[{"id":258618,"href":"https:\/\/ksiegowosc24.pl\/de\/wp-json\/wp\/v2\/pages\/258617\/revisions\/258618"}],"up":[{"embeddable":true,"href":"https:\/\/ksiegowosc24.pl\/de\/wp-json\/wp\/v2\/pages\/258595"}],"wp:attachment":[{"href":"https:\/\/ksiegowosc24.pl\/de\/wp-json\/wp\/v2\/media?parent=258617"}],"curies":[{"name":"wp","href":"https:\/\/api.w.org\/{rel}","templated":true}]}}