{"id":259002,"date":"2014-01-06T12:28:04","date_gmt":"2014-01-06T11:28:04","guid":{"rendered":"https:\/\/ksiegowosc24.pl\/produkt\/odnowienie-licencji-dla-faktura-vat-2002-2024-standard\/"},"modified":"2025-03-22T15:33:40","modified_gmt":"2025-03-22T15:33:40","slug":"program-faktura-vat-standard-aktualizacja","status":"publish","type":"product","link":"https:\/\/ksiegowosc24.pl\/de\/produkt\/program-faktura-vat-standard-aktualizacja\/","title":{"rendered":"Lizenzverl\u00e4ngerung f\u00fcr Faktura VAT 2002-2024 STANDARD"},"content":{"rendered":"<p><span style=\"color: #343434;\">Aktualisierung <\/span><b style=\"color: #343434;\">MwSt.-Rechnung 2002-2024 STANDARD <\/b> <span style=\"color: #343434;\"> auf die neueste Version <strong>Faktura VAT 2026 STANDARD<\/strong> Das Update ist f\u00fcr Benutzer \u00e4lterer Versionen des Programms verf\u00fcgbar &#8211; 2002-2024. <\/span><\/p>\n<p>Dies ist auch eine Erneuerung der aktuellen Lizenz f\u00fcr ein weiteres Jahr.<\/p>\n<p><br style=\"color: #343434;\" \/><span style=\"color: #343434;\"><strong>KONFORM MIT DEN NEUEN VERORDNUNGEN F\u00dcR 2024\/2025<\/strong> Das Programm unterst\u00fctzt alle Mehrwertsteuers\u00e4tze: 5, 8, 23%. Sie k\u00f6nnen Ihre eigenen Tarife festlegen. Die neueste JPK V7-Datei.<\/span><br style=\"color: #343434;\" \/><span style=\"color: #343434;\">Das Programm funktioniert unter Windows: XP, Vista, Windows 7, 8, 10, 11.<\/span><\/p>\n<p><strong style=\"font-style: inherit; color: #444444;\">Was haben Sie von dem Upgrade?<\/strong><\/p>\n<ul style=\"color: #444444;\">\n<li style=\"font-weight: inherit; font-style: inherit;\">verbesserte Leistung und n\u00fctzliche neue Funktionen<\/li>\n<li style=\"font-weight: inherit; font-style: inherit;\">Beschleunigung und verbesserter Arbeitskomfort<\/li>\n<li style=\"font-weight: inherit; font-style: inherit;\">Kostenloser <a href=\"https:\/\/ksiegowosc24.pl\/de\/hilfe\/kontakt\/\">technischer Support<\/a>, E-Mail, Live-Chat, Fernwartung<\/li>\n<li style=\"font-weight: inherit; font-style: inherit;\">Ein Programm, das den neuen Vorschriften f\u00fcr 2024\/25 entspricht<\/li>\n<li>SAF-T<\/li>\n<li>KSeF<\/li>\n<\/ul>\n<p><strong>Datenimport<\/strong><\/p>\n<p>Alle Daten aus fr\u00fcheren Versionen werden automatisch in die neue Version importiert, wenn das Programm zum ersten Mal gestartet wird.<\/p>\n<p><strong>BESCHREIBUNG DER INSTALLATION UND AKTIVIERUNG DER LIZENZ<\/strong><\/p>\n<p>Neue Methode der Lizenzaktivierung unter Verwendung der Umsatzsteuer-Identifikationsnummer. Laden Sie nach dem Kauf einfach die Demoversion von unserer Website ksiegowosc24.co.uk\/download herunter und geben Sie Ihre TIN ein. Die Lizenz wird automatisch aktiviert.<\/p>\n<p>Alte Methode: Nach dem Kauf der Akkutalisierung erhalten Sie eine E-Mail mit einem Link zum Herunterladen des Programms. Folgen Sie den Informationen in der E-Mail.<\/p>\n<div class=\"description clearfix style-1\" style=\"color: #444444;\"><\/div>\n","protected":false},"excerpt":{"rendered":"<p>Upgrade \u00e4lterer Versionen auf <span style=\"color: #ff0000;\"><strong>Version 2025<\/strong><\/span><\/p>\n","protected":false},"featured_media":216650,"comment_status":"open","ping_status":"closed","template":"","meta":{"_acf_changed":false},"product_brand":[],"product_cat":[1338,1342],"product_tag":[],"class_list":{"0":"post-259002","1":"product","2":"type-product","3":"status-publish","4":"has-post-thumbnail","6":"product_cat-faktura-vat-2025-standard-de","7":"product_cat-lizenzverlangerungen-aktualisierungen","9":"first","10":"instock","11":"virtual","12":"taxable","13":"purchasable","14":"product-type-simple"},"acf":[],"yoast_head":"<!-- This site is optimized with the Yoast SEO Premium plugin v27.4 (Yoast SEO v27.4) - https:\/\/yoast.com\/product\/yoast-seo-premium-wordpress\/ -->\n<title>Upgrade f\u00fcr Faktura VAT 2002-2024 STANDARD - Ksiegowosc24.pl<\/title>\n<meta name=\"description\" content=\"Aktualisierung der MwSt.-Rechnung 2002-2024 STANDARD auf Faktura VAT 2025 STANDARD Verf\u00fcgbar f\u00fcr Benutzer \u00e4lterer Versionen des Programms von 2002 bis 2024.\" \/>\n<meta name=\"robots\" content=\"index, follow, max-snippet:-1, max-image-preview:large, max-video-preview:-1\" \/>\n<link rel=\"canonical\" href=\"https:\/\/ksiegowosc24.pl\/de\/produkt\/program-faktura-vat-standard-aktualizacja\/\" \/>\n<meta property=\"og:locale\" content=\"de_DE\" \/>\n<meta property=\"og:type\" content=\"article\" \/>\n<meta property=\"og:title\" content=\"Upgrade f\u00fcr Faktura VAT 2002-2024 STANDARD - Ksiegowosc24.pl\" \/>\n<meta property=\"og:description\" content=\"Aktualisierung der MwSt.-Rechnung 2002-2024 STANDARD auf Faktura VAT 2025 STANDARD Verf\u00fcgbar f\u00fcr Benutzer \u00e4lterer Versionen des Programms von 2002 bis 2024.\" \/>\n<meta property=\"og:url\" content=\"https:\/\/ksiegowosc24.pl\/de\/wp-json\/wp\/v2\/product\/259002\/\" \/>\n<meta property=\"og:site_name\" content=\"Ksiegowosc24.pl\" \/>\n<meta property=\"article:publisher\" content=\"http:\/\/www.facebook.com\/pages\/rafsoftnet\/116798445016643\" \/>\n<meta property=\"article:modified_time\" content=\"2025-03-22T15:33:40+00:00\" \/>\n<meta property=\"og:image\" content=\"https:\/\/ksiegowosc24.pl\/wp-content\/uploads\/2026\/03\/Program-Faktura-VAT-e1690689179406.webp\" \/><meta property=\"og:image\" content=\"https:\/\/ksiegowosc24.pl\/wp-content\/uploads\/2014\/01\/update.jpg\" \/>\n\t<meta property=\"og:image:width\" content=\"220\" \/>\n\t<meta property=\"og:image:height\" content=\"220\" \/>\n\t<meta property=\"og:image:type\" content=\"image\/jpeg\" \/>\n<meta name=\"twitter:card\" content=\"summary_large_image\" \/>\n<meta name=\"twitter:label1\" content=\"Gesch\u00e4tzte Lesezeit\" \/>\n\t<meta name=\"twitter:data1\" content=\"2\u00a0Minuten\" \/>\n<script type=\"application\/ld+json\" class=\"yoast-schema-graph\">{\"@context\":\"https:\\\/\\\/schema.org\",\"@graph\":[{\"@type\":\"WebPage\",\"@id\":\"https:\\\/\\\/ksiegowosc24.pl\\\/de\\\/produkt\\\/program-faktura-vat-standard-aktualizacja\\\/\",\"url\":\"https:\\\/\\\/ksiegowosc24.pl\\\/de\\\/produkt\\\/program-faktura-vat-standard-aktualizacja\\\/\",\"name\":\"Upgrade f\u00fcr Faktura VAT 2002-2024 STANDARD - Ksiegowosc24.pl\",\"isPartOf\":{\"@id\":\"https:\\\/\\\/ksiegowosc24.pl\\\/de\\\/#website\"},\"primaryImageOfPage\":{\"@id\":\"https:\\\/\\\/ksiegowosc24.pl\\\/de\\\/produkt\\\/program-faktura-vat-standard-aktualizacja\\\/#primaryimage\"},\"image\":{\"@id\":\"https:\\\/\\\/ksiegowosc24.pl\\\/de\\\/produkt\\\/program-faktura-vat-standard-aktualizacja\\\/#primaryimage\"},\"thumbnailUrl\":\"https:\\\/\\\/ksiegowosc24.pl\\\/wp-content\\\/uploads\\\/2014\\\/01\\\/update.jpg\",\"datePublished\":\"2014-01-06T11:28:04+00:00\",\"dateModified\":\"2025-03-22T15:33:40+00:00\",\"description\":\"Aktualisierung der MwSt.-Rechnung 2002-2024 STANDARD auf Faktura VAT 2025 STANDARD Verf\u00fcgbar f\u00fcr Benutzer \u00e4lterer Versionen des Programms von 2002 bis 2024.\",\"breadcrumb\":{\"@id\":\"https:\\\/\\\/ksiegowosc24.pl\\\/de\\\/produkt\\\/program-faktura-vat-standard-aktualizacja\\\/#breadcrumb\"},\"inLanguage\":\"de\",\"potentialAction\":[{\"@type\":\"ReadAction\",\"target\":[\"https:\\\/\\\/ksiegowosc24.pl\\\/de\\\/produkt\\\/program-faktura-vat-standard-aktualizacja\\\/\"]}]},{\"@type\":\"ImageObject\",\"inLanguage\":\"de\",\"@id\":\"https:\\\/\\\/ksiegowosc24.pl\\\/de\\\/produkt\\\/program-faktura-vat-standard-aktualizacja\\\/#primaryimage\",\"url\":\"https:\\\/\\\/ksiegowosc24.pl\\\/wp-content\\\/uploads\\\/2014\\\/01\\\/update.jpg\",\"contentUrl\":\"https:\\\/\\\/ksiegowosc24.pl\\\/wp-content\\\/uploads\\\/2014\\\/01\\\/update.jpg\",\"width\":220,\"height\":220,\"caption\":\"Update - Upgrade\"},{\"@type\":\"BreadcrumbList\",\"@id\":\"https:\\\/\\\/ksiegowosc24.pl\\\/de\\\/produkt\\\/program-faktura-vat-standard-aktualizacja\\\/#breadcrumb\",\"itemListElement\":[{\"@type\":\"ListItem\",\"position\":1,\"name\":\"Startseite\",\"item\":\"https:\\\/\\\/ksiegowosc24.pl\\\/de\\\/\"},{\"@type\":\"ListItem\",\"position\":2,\"name\":\"Gesch\u00e4ft\",\"item\":\"https:\\\/\\\/ksiegowosc24.pl\\\/de\\\/geschaeft\\\/\"},{\"@type\":\"ListItem\",\"position\":3,\"name\":\"Faktura VAT 2025 STANDARD\",\"item\":\"https:\\\/\\\/ksiegowosc24.pl\\\/de\\\/kategoria-produktu\\\/faktura-vat-2025-standard-de\\\/\"},{\"@type\":\"ListItem\",\"position\":4,\"name\":\"Lizenzverl\u00e4ngerung f\u00fcr Faktura VAT 2002-2024 STANDARD\"}]},{\"@type\":\"WebSite\",\"@id\":\"https:\\\/\\\/ksiegowosc24.pl\\\/de\\\/#website\",\"url\":\"https:\\\/\\\/ksiegowosc24.pl\\\/de\\\/\",\"name\":\"Ksiegowosc24.pl\",\"description\":\"Prosty program do faktur\",\"publisher\":{\"@id\":\"https:\\\/\\\/ksiegowosc24.pl\\\/de\\\/#organization\"},\"potentialAction\":[{\"@type\":\"SearchAction\",\"target\":{\"@type\":\"EntryPoint\",\"urlTemplate\":\"https:\\\/\\\/ksiegowosc24.pl\\\/de\\\/?s={search_term_string}\"},\"query-input\":{\"@type\":\"PropertyValueSpecification\",\"valueRequired\":true,\"valueName\":\"search_term_string\"}}],\"inLanguage\":\"de\"},{\"@type\":\"Organization\",\"@id\":\"https:\\\/\\\/ksiegowosc24.pl\\\/de\\\/#organization\",\"name\":\"Ksiegowosc24.pl\",\"url\":\"https:\\\/\\\/ksiegowosc24.pl\\\/de\\\/\",\"logo\":{\"@type\":\"ImageObject\",\"inLanguage\":\"de\",\"@id\":\"https:\\\/\\\/ksiegowosc24.pl\\\/de\\\/#\\\/schema\\\/logo\\\/image\\\/\",\"url\":\"https:\\\/\\\/ksiegowosc24.pl\\\/wp-content\\\/uploads\\\/2023\\\/05\\\/1bold-black.png\",\"contentUrl\":\"https:\\\/\\\/ksiegowosc24.pl\\\/wp-content\\\/uploads\\\/2023\\\/05\\\/1bold-black.png\",\"width\":300,\"height\":60,\"caption\":\"Ksiegowosc24.pl\"},\"image\":{\"@id\":\"https:\\\/\\\/ksiegowosc24.pl\\\/de\\\/#\\\/schema\\\/logo\\\/image\\\/\"},\"sameAs\":[\"http:\\\/\\\/www.facebook.com\\\/pages\\\/rafsoftnet\\\/116798445016643\",\"http:\\\/\\\/www.youtube.com\\\/user\\\/rafsoftNET?sub_confirmation=1\"],\"description\":\"Nowoczesny i prosty program do fakturowania\",\"email\":\"biuro@rafsoft.net\",\"legalName\":\"RAFSOFT.NET Sp. z.o.o.\",\"foundingDate\":\"2002-07-20\",\"numberOfEmployees\":{\"@type\":\"QuantitativeValue\",\"minValue\":\"1\",\"maxValue\":\"10\"}}]}<\/script>\n<!-- \/ Yoast SEO Premium plugin. -->","yoast_head_json":{"title":"Upgrade f\u00fcr Faktura VAT 2002-2024 STANDARD - Ksiegowosc24.pl","description":"Aktualisierung der MwSt.-Rechnung 2002-2024 STANDARD auf Faktura VAT 2025 STANDARD Verf\u00fcgbar f\u00fcr Benutzer \u00e4lterer Versionen des Programms von 2002 bis 2024.","robots":{"index":"index","follow":"follow","max-snippet":"max-snippet:-1","max-image-preview":"max-image-preview:large","max-video-preview":"max-video-preview:-1"},"canonical":"https:\/\/ksiegowosc24.pl\/de\/produkt\/program-faktura-vat-standard-aktualizacja\/","og_locale":"de_DE","og_type":"article","og_title":"Upgrade f\u00fcr Faktura VAT 2002-2024 STANDARD - Ksiegowosc24.pl","og_description":"Aktualisierung der MwSt.-Rechnung 2002-2024 STANDARD auf Faktura VAT 2025 STANDARD Verf\u00fcgbar f\u00fcr Benutzer \u00e4lterer Versionen des Programms von 2002 bis 2024.","og_url":"https:\/\/ksiegowosc24.pl\/de\/wp-json\/wp\/v2\/product\/259002\/","og_site_name":"Ksiegowosc24.pl","article_publisher":"http:\/\/www.facebook.com\/pages\/rafsoftnet\/116798445016643","article_modified_time":"2025-03-22T15:33:40+00:00","og_image":[{"url":"https:\/\/ksiegowosc24.pl\/wp-content\/uploads\/2026\/03\/Program-Faktura-VAT-e1690689179406.webp","type":"","width":"","height":""},{"width":220,"height":220,"url":"https:\/\/ksiegowosc24.pl\/wp-content\/uploads\/2014\/01\/update.jpg","type":"image\/jpeg"}],"twitter_card":"summary_large_image","twitter_misc":{"Gesch\u00e4tzte Lesezeit":"2\u00a0Minuten"},"schema":{"@context":"https:\/\/schema.org","@graph":[{"@type":"WebPage","@id":"https:\/\/ksiegowosc24.pl\/de\/produkt\/program-faktura-vat-standard-aktualizacja\/","url":"https:\/\/ksiegowosc24.pl\/de\/produkt\/program-faktura-vat-standard-aktualizacja\/","name":"Upgrade f\u00fcr Faktura VAT 2002-2024 STANDARD - Ksiegowosc24.pl","isPartOf":{"@id":"https:\/\/ksiegowosc24.pl\/de\/#website"},"primaryImageOfPage":{"@id":"https:\/\/ksiegowosc24.pl\/de\/produkt\/program-faktura-vat-standard-aktualizacja\/#primaryimage"},"image":{"@id":"https:\/\/ksiegowosc24.pl\/de\/produkt\/program-faktura-vat-standard-aktualizacja\/#primaryimage"},"thumbnailUrl":"https:\/\/ksiegowosc24.pl\/wp-content\/uploads\/2014\/01\/update.jpg","datePublished":"2014-01-06T11:28:04+00:00","dateModified":"2025-03-22T15:33:40+00:00","description":"Aktualisierung der MwSt.-Rechnung 2002-2024 STANDARD auf Faktura VAT 2025 STANDARD Verf\u00fcgbar f\u00fcr Benutzer \u00e4lterer Versionen des Programms von 2002 bis 2024.","breadcrumb":{"@id":"https:\/\/ksiegowosc24.pl\/de\/produkt\/program-faktura-vat-standard-aktualizacja\/#breadcrumb"},"inLanguage":"de","potentialAction":[{"@type":"ReadAction","target":["https:\/\/ksiegowosc24.pl\/de\/produkt\/program-faktura-vat-standard-aktualizacja\/"]}]},{"@type":"ImageObject","inLanguage":"de","@id":"https:\/\/ksiegowosc24.pl\/de\/produkt\/program-faktura-vat-standard-aktualizacja\/#primaryimage","url":"https:\/\/ksiegowosc24.pl\/wp-content\/uploads\/2014\/01\/update.jpg","contentUrl":"https:\/\/ksiegowosc24.pl\/wp-content\/uploads\/2014\/01\/update.jpg","width":220,"height":220,"caption":"Update - Upgrade"},{"@type":"BreadcrumbList","@id":"https:\/\/ksiegowosc24.pl\/de\/produkt\/program-faktura-vat-standard-aktualizacja\/#breadcrumb","itemListElement":[{"@type":"ListItem","position":1,"name":"Startseite","item":"https:\/\/ksiegowosc24.pl\/de\/"},{"@type":"ListItem","position":2,"name":"Gesch\u00e4ft","item":"https:\/\/ksiegowosc24.pl\/de\/geschaeft\/"},{"@type":"ListItem","position":3,"name":"Faktura VAT 2025 STANDARD","item":"https:\/\/ksiegowosc24.pl\/de\/kategoria-produktu\/faktura-vat-2025-standard-de\/"},{"@type":"ListItem","position":4,"name":"Lizenzverl\u00e4ngerung f\u00fcr Faktura VAT 2002-2024 STANDARD"}]},{"@type":"WebSite","@id":"https:\/\/ksiegowosc24.pl\/de\/#website","url":"https:\/\/ksiegowosc24.pl\/de\/","name":"Ksiegowosc24.pl","description":"Prosty program do faktur","publisher":{"@id":"https:\/\/ksiegowosc24.pl\/de\/#organization"},"potentialAction":[{"@type":"SearchAction","target":{"@type":"EntryPoint","urlTemplate":"https:\/\/ksiegowosc24.pl\/de\/?s={search_term_string}"},"query-input":{"@type":"PropertyValueSpecification","valueRequired":true,"valueName":"search_term_string"}}],"inLanguage":"de"},{"@type":"Organization","@id":"https:\/\/ksiegowosc24.pl\/de\/#organization","name":"Ksiegowosc24.pl","url":"https:\/\/ksiegowosc24.pl\/de\/","logo":{"@type":"ImageObject","inLanguage":"de","@id":"https:\/\/ksiegowosc24.pl\/de\/#\/schema\/logo\/image\/","url":"https:\/\/ksiegowosc24.pl\/wp-content\/uploads\/2023\/05\/1bold-black.png","contentUrl":"https:\/\/ksiegowosc24.pl\/wp-content\/uploads\/2023\/05\/1bold-black.png","width":300,"height":60,"caption":"Ksiegowosc24.pl"},"image":{"@id":"https:\/\/ksiegowosc24.pl\/de\/#\/schema\/logo\/image\/"},"sameAs":["http:\/\/www.facebook.com\/pages\/rafsoftnet\/116798445016643","http:\/\/www.youtube.com\/user\/rafsoftNET?sub_confirmation=1"],"description":"Nowoczesny i prosty program do fakturowania","email":"biuro@rafsoft.net","legalName":"RAFSOFT.NET Sp. z.o.o.","foundingDate":"2002-07-20","numberOfEmployees":{"@type":"QuantitativeValue","minValue":"1","maxValue":"10"}}]}},"_links":{"self":[{"href":"https:\/\/ksiegowosc24.pl\/de\/wp-json\/wp\/v2\/product\/259002","targetHints":{"allow":["GET"]}}],"collection":[{"href":"https:\/\/ksiegowosc24.pl\/de\/wp-json\/wp\/v2\/product"}],"about":[{"href":"https:\/\/ksiegowosc24.pl\/de\/wp-json\/wp\/v2\/types\/product"}],"replies":[{"embeddable":true,"href":"https:\/\/ksiegowosc24.pl\/de\/wp-json\/wp\/v2\/comments?post=259002"}],"wp:featuredmedia":[{"embeddable":true,"href":"https:\/\/ksiegowosc24.pl\/de\/wp-json\/wp\/v2\/media\/216650"}],"wp:attachment":[{"href":"https:\/\/ksiegowosc24.pl\/de\/wp-json\/wp\/v2\/media?parent=259002"}],"wp:term":[{"taxonomy":"product_brand","embeddable":true,"href":"https:\/\/ksiegowosc24.pl\/de\/wp-json\/wp\/v2\/product_brand?post=259002"},{"taxonomy":"product_cat","embeddable":true,"href":"https:\/\/ksiegowosc24.pl\/de\/wp-json\/wp\/v2\/product_cat?post=259002"},{"taxonomy":"product_tag","embeddable":true,"href":"https:\/\/ksiegowosc24.pl\/de\/wp-json\/wp\/v2\/product_tag?post=259002"}],"curies":[{"name":"wp","href":"https:\/\/api.w.org\/{rel}","templated":true}]}}