{"id":258615,"date":"2023-06-25T14:16:47","date_gmt":"2023-06-25T14:16:47","guid":{"rendered":"https:\/\/ksiegowosc24.pl\/store\/sales-and-payment-methods\/"},"modified":"2025-02-10T06:33:07","modified_gmt":"2025-02-10T06:33:07","slug":"sales-and-payment-methods","status":"publish","type":"page","link":"https:\/\/ksiegowosc24.pl\/en\/store\/sales-and-payment-methods\/","title":{"rendered":"Sales and payment methods"},"content":{"rendered":"\n<h2 class=\"wp-block-heading has-text-align-center\" id=\"h-sposoby-sprzedazy-i-platnosci-oraz-warunki-licencji\">Sales and payment methods and license terms<\/h2>\n\n<p>Placing orders is possible:<\/p>\n\n<ul class=\"wp-block-list\">\n<li>order form in online store <a href=\"https:\/\/ksiegowosc24.pl\/sklep\/\">sklep.ksiegowosc24.pl<\/a><\/li>\n<\/ul>\n\n<p>The data necessary to place an order are:<\/p>\n\n<ul class=\"wp-block-list\">\n<li>company name\/name<\/li>\n\n\n\n<li>address<\/li>\n\n\n\n<li>TIN (for companies)<\/li>\n\n\n\n<li>contact phone<\/li>\n\n\n\n<li>email address<\/li>\n<\/ul>\n\n<p><a href=\"https:\/\/ksiegowosc24.pl\/sklep\/\">Go to our store<\/a><\/p>\n\n<h3 class=\"wp-block-heading\" id=\"h-sposoby-sprzedazy-licencji\"><a href=\"https:\/\/ksiegowosc24.pl\/en\/store\/sales-and-payment-methods\/\"><strong>Ways of selling licenses<\/strong><\/a><\/h3>\n\n<p><strong>License itself &#8211; <\/strong>The cheapest and also the fastest solution is to download the program (demo version) for Faktura VATs from our website, and then buy the license itself (registration code + license) in our <a href=\"https:\/\/ksiegowosc24.pl\/sklep\/\">store<\/a>.<\/p>\n\n<p>After purchasing it, you will receive a direct link to download the full version of the application and a registration code. <strong>Shipping 24 hours for 7 days<\/strong>. Payment handled by an automatic system which will send you the code to your email address. <\/p>\n\n<p><strong>BOX version with CD<\/strong> is a version for those who want to have the program on CD, this version also includes the licenses. The CD version is shipped <strong>within 1-3 business days<\/strong>. <\/p>\n\n<h3 class=\"wp-block-heading\" id=\"h-ktora-wersja-jest-dla-mnie\"><strong>Which version is for me?<\/strong><\/h3>\n\n<p>The program is proposed in 3 versions START, STANDARD and PRO. <a href=\"https:\/\/ksiegowosc24.pl\/porownanie-wersji\/\">See the comparison of the program versions<\/a>.<\/p>\n\n<h3 class=\"wp-block-heading\" id=\"h-na-ilu-komputerach-moge-zainstalowac-program\"><strong>How many computers can I install the program on?<\/strong><\/h3>\n\n<h3 class=\"wp-block-heading\" id=\"h-liczba-stanowisk-okresla-liczbe-stanowisk-pracy-na-ktorych-bedzie-uruchomiona-aplikacja-licencje-mozna-przenosic-na-dowolny-komputer-stanowisko-pracy-nie-jest-ona-bowiem-przypisana-do-danego-komputera-a-do-naszego-numeru-nip-liczbe-stanowisk-komputerowych-na-ktorych-mozna-zainstalowac-program-okreslamy-w-kroku-drugim-krok-2-z-3-w-naszym-formularzu-zamowienia-na-jaki-okres-wystawiana-jest-licencja-na-program-licencja-wystawiana-jest-na-okres-1-go-roku-w-tym-czasie-bezplatne-aktualizacje-i-pomoc-techniczna-po-tym-okresie-aby-nadal-korzystac-z-programu-nalezy-odnowic-licencje-poprzez-wykupienie-aktualizacji-uaktualnienia-na-kolejny-rok\">The number of workstations determines the number of workstations on which the application will run. The license can be transferred to any computer (workstation), as it is not assigned to a particular computer, but to our Tax ID number. We specify the number of computer workstations on which to install the program in step two (Step 2 of 3) in our <a href=\"https:\/\/ksiegowosc24.pl\/sklep\/\">order form<\/a>.  <br\/><br\/><strong>For what period is the program license issued?<\/strong><br\/>The license is issued for a period of 1 year. During this time, free updates and <a href=\"https:\/\/ksiegowosc24.pl\/en\/help\/contact\/\">technical support<\/a>. After this period, in order to continue using the program, you must renew your licenses by purchasing an Update\/Upgrade for another year.<\/h3>\n\n<h3 class=\"wp-block-heading\" id=\"h-gwarancja\"><strong>Warranty<\/strong><\/h3>\n\n<figure class=\"wp-block-image aligncenter size-full\"><img loading=\"lazy\" loading=\"lazy\" decoding=\"async\" width=\"140\" height=\"140\" src=\"https:\/\/ksiegowosc24.pl\/wp-content\/uploads\/2023\/06\/gwarancja_znak2.gif\" alt=\"\" class=\"wp-image-70988\" title=\"Faktura VAT - Invoicing Software - 100% Satisfaction Guarantee\" srcset=\"https:\/\/ksiegowosc24.pl\/wp-content\/uploads\/2023\/06\/gwarancja_znak2.gif 140w, https:\/\/ksiegowosc24.pl\/wp-content\/uploads\/2023\/06\/gwarancja_znak2-100x100.gif 100w\" sizes=\"auto, (max-width: 140px) 100vw, 140px\" \/><\/figure>\n\n<p>The complaint period offered by the company is 30 days, which is valid for any type of order. In case of customer dissatisfaction, a full refund of the money spent is possible. <\/p>\n\n<h3 class=\"wp-block-heading\" id=\"h-formy-platnosci-akceptowane-przez-firme\"><strong>Forms of payment accepted by the company:<\/strong><\/h3>\n\n<ul class=\"wp-block-list\">\n<li>cash <strong>on<\/strong> delivery &#8211; payment on delivery to the letter carrier or post office (Poczta Polska) or courier (DPD)<\/li>\n\n\n\n<li><strong>by ordinary transfer<\/strong><\/li>\n\n\n\n<li><strong>by online transfer in dotpay.pl<\/strong> &#8211; Bank BPH, Nordea, PKO, citi handlowy, Multi Transfer, MTransfer, Inteligo, Bank Zachodni WBK, Pekao24, Raiffeisen BANK, Kredyt Bank, Millenium Bank, Lukas Bank, Invest Bank, ING, Deutsche Bank, IdeaBank<\/li>\n\n\n\n<li><strong>by payment card<\/strong> at dotpay.pl Visa\/Visa Electron and MasterCard\/MasterCard Electronic, Maestro<\/li>\n<\/ul>\n\n<p>The operator of the online payment system is DOTPAY S.A. &#8211; National Payment Institution, subject to the supervision of the Office of the Financial Supervisory Commission.<\/p>\n\n<figure class=\"wp-block-image aligncenter size-full\"><img loading=\"lazy\" loading=\"lazy\" decoding=\"async\" width=\"600\" height=\"150\" src=\"https:\/\/ksiegowosc24.pl\/wp-content\/uploads\/2023\/06\/logotypy_kanalow.png\" alt=\"\" class=\"wp-image-70990\" title=\"ksiegowosc24 - ways to pay for vat invoice program\" srcset=\"https:\/\/ksiegowosc24.pl\/wp-content\/uploads\/2023\/06\/logotypy_kanalow.png 600w, https:\/\/ksiegowosc24.pl\/wp-content\/uploads\/2023\/06\/logotypy_kanalow-400x100.png 400w, https:\/\/ksiegowosc24.pl\/wp-content\/uploads\/2023\/06\/logotypy_kanalow-300x75.png 300w\" sizes=\"auto, (max-width: 600px) 100vw, 600px\" \/><\/figure>\n\n<p>The following payment cards can be transacted with Dotpay:<\/p>\n\n<ul class=\"wp-block-list\">\n<li>VISA<\/li>\n\n\n\n<li>MasterCard<\/li>\n\n\n\n<li>Diners Club International<\/li>\n\n\n\n<li>JCB<\/li>\n\n\n\n<li>American Express<\/li>\n\n\n\n<li>Maestro<\/li>\n\n\n\n<li>Visa Electron<\/li>\n<\/ul>\n\n<p>Transfer transfers and e-transfers<\/p>\n\n<p>The service consists in full integration of the purchase made in the online store with the bank account. When finalizing the purchase, all details of the transfer are filled in automatically. Thanks to this, the buyer does not have to manually enter the amount or the order number, account number, name of the store or other data necessary for the correct execution of the payment.  <\/p>\n\n<p>In Dotpay, you can make transactions with the following transfer transfers:<\/p>\n\n<ul class=\"wp-block-list\">\n<li>mTransfer<\/li>\n\n\n\n<li>I pay with Inteligo<\/li>\n\n\n\n<li>Transfer from BPH<\/li>\n\n\n\n<li>Transfer24<\/li>\n\n\n\n<li>MultiTransfer<\/li>\n\n\n\n<li>Pay with Nordea<\/li>\n\n\n\n<li>Pay with ING New!<\/li>\n\n\n\n<li>Millennium &#8211; Online Payments New!<\/li>\n<\/ul>\n\n<p>Advantages of transfer payment:<\/p>\n\n<ul class=\"wp-block-list\">\n<li>speed &#8211; the transfer is carried out immediately, during the bank&#8217;s posting hours,<\/li>\n\n\n\n<li>saving &#8211; transfer transfers are a commission-free payment channel for the customer,<\/li>\n\n\n\n<li>certainty &#8211; transactions are fully secured.<\/li>\n<\/ul>\n\n<p>Also, account holders:<\/p>\n\n<ul class=\"wp-block-list\">\n<li>iPKO PKO BP S.A.<\/li>\n\n\n\n<li>Pekao24 Pekao S.A.<\/li>\n\n\n\n<li>Millenet Millenium Bank S.A.<\/li>\n\n\n\n<li>KB24 Kredyt Bank S.A.<\/li>\n\n\n\n<li>Sez@m Bank BPH S.A.<\/li>\n\n\n\n<li>Deutsche Bank Deutsche Bank S.A.<\/li>\n\n\n\n<li>ING Online ING Bank \u015al\u0105ski S.A.<\/li>\n\n\n\n<li>CitiBank Citi Bank Handlowy S.A.<\/li>\n\n\n\n<li>BO\u015aBank24 Bank Ochrony \u015arodowiska S.A.<\/li>\n\n\n\n<li>eBG\u017b Bank Gospodarki \u017bywno\u015bciowej S.A.<\/li>\n\n\n\n<li>InvestBank InvestBank S.A.<\/li>\n\n\n\n<li>BNP Paribas Fortis Fortis Bank S.A.<\/li>\n\n\n\n<li>VW Bank Direct VW Bank S.A.<\/li>\n\n\n\n<li>Lukas Bank Lukas Bank S.A.<\/li>\n\n\n\n<li>Alior Bank Alior Bank S.A. New!<\/li>\n\n\n\n<li>BS Wschowa BS Wschowa S.A. New!<\/li>\n<\/ul>\n\n<p>and those paying by money order\/transfer from any bank can quickly and securely make online bank transfers for online purchases from your store or service.<\/p>\n\n<p><strong>RAFSOFT.NET<\/strong> software &#8211; invoicing program, Faktura VAT program<\/p>\n\n<p><a href=\"https:\/\/ksiegowosc24.pl\/sklep\/\">Go to our store<\/a><\/p>\n","protected":false},"excerpt":{"rendered":"<p>Sales and payment methods and license terms Placing orders is possible: The data necessary to place an order are: Go to our store Ways of selling licenses License itself &#8211; The cheapest and also the fastest solution is to download the program (demo version) for Faktura VATs from our website, and then buy the license [&hellip;]<\/p>\n","protected":false},"author":1,"featured_media":0,"parent":258593,"menu_order":0,"comment_status":"closed","ping_status":"closed","template":"","meta":{"_acf_changed":false,"footnotes":""},"class_list":["post-258615","page","type-page","status-publish","hentry"],"blocksy_meta":[],"acf":[],"yoast_head":"<!-- This site is optimized with the Yoast SEO Premium plugin v27.3 (Yoast SEO v27.3) - https:\/\/yoast.com\/product\/yoast-seo-premium-wordpress\/ -->\n<title>Sales and payment methods - Ksiegowosc24.pl<\/title>\n<meta name=\"description\" content=\"Sales and payment methods and license terms Placing orders is possible: order form in online store sklep.ksiegowosc24.pl The data necessary to place an\" \/>\n<meta name=\"robots\" content=\"index, follow, max-snippet:-1, max-image-preview:large, max-video-preview:-1\" \/>\n<link rel=\"canonical\" href=\"https:\/\/ksiegowosc24.pl\/en\/store\/sales-and-payment-methods\/\" \/>\n<meta property=\"og:locale\" content=\"en_US\" \/>\n<meta property=\"og:type\" content=\"article\" \/>\n<meta property=\"og:title\" content=\"Sales and payment methods - Ksiegowosc24.pl\" \/>\n<meta property=\"og:description\" content=\"Sales and payment methods and license terms Placing orders is possible: order form in online store sklep.ksiegowosc24.pl The data necessary to place an\" \/>\n<meta property=\"og:url\" content=\"https:\/\/ksiegowosc24.pl\/en\/wp-json\/wp\/v2\/pages\/258615\/\" \/>\n<meta property=\"og:site_name\" content=\"Ksiegowosc24.pl\" \/>\n<meta property=\"article:publisher\" content=\"http:\/\/www.facebook.com\/pages\/rafsoftnet\/116798445016643\" \/>\n<meta property=\"article:modified_time\" content=\"2025-02-10T06:33:07+00:00\" \/>\n<meta property=\"og:image\" content=\"https:\/\/ksiegowosc24.pl\/wp-content\/uploads\/2026\/03\/Program-Faktura-VAT-e1690689179406.webp\" \/><meta property=\"og:image\" content=\"https:\/\/ksiegowosc24.pl\/wp-content\/uploads\/2023\/06\/gwarancja_znak2.gif\" \/>\n\t<meta property=\"og:image:width\" content=\"140\" \/>\n\t<meta property=\"og:image:height\" content=\"140\" \/>\n\t<meta property=\"og:image:type\" content=\"image\/gif\" \/>\n<meta name=\"twitter:card\" content=\"summary_large_image\" \/>\n<meta name=\"twitter:label1\" content=\"Est. reading time\" \/>\n\t<meta name=\"twitter:data1\" content=\"4 minutes\" \/>\n<script type=\"application\/ld+json\" class=\"yoast-schema-graph\">{\"@context\":\"https:\\\/\\\/schema.org\",\"@graph\":[{\"@type\":\"WebPage\",\"@id\":\"https:\\\/\\\/ksiegowosc24.pl\\\/en\\\/store\\\/sales-and-payment-methods\\\/\",\"url\":\"https:\\\/\\\/ksiegowosc24.pl\\\/en\\\/store\\\/sales-and-payment-methods\\\/\",\"name\":\"Sales and payment methods - Ksiegowosc24.pl\",\"isPartOf\":{\"@id\":\"https:\\\/\\\/ksiegowosc24.pl\\\/en\\\/#website\"},\"primaryImageOfPage\":{\"@id\":\"https:\\\/\\\/ksiegowosc24.pl\\\/en\\\/store\\\/sales-and-payment-methods\\\/#primaryimage\"},\"image\":{\"@id\":\"https:\\\/\\\/ksiegowosc24.pl\\\/en\\\/store\\\/sales-and-payment-methods\\\/#primaryimage\"},\"thumbnailUrl\":\"https:\\\/\\\/ksiegowosc24.pl\\\/wp-content\\\/uploads\\\/2023\\\/06\\\/gwarancja_znak2.gif\",\"datePublished\":\"2023-06-25T14:16:47+00:00\",\"dateModified\":\"2025-02-10T06:33:07+00:00\",\"description\":\"Sales and payment methods and license terms Placing orders is possible: order form in online store sklep.ksiegowosc24.pl The data necessary to place an\",\"breadcrumb\":{\"@id\":\"https:\\\/\\\/ksiegowosc24.pl\\\/en\\\/store\\\/sales-and-payment-methods\\\/#breadcrumb\"},\"inLanguage\":\"en-US\",\"potentialAction\":[{\"@type\":\"ReadAction\",\"target\":[\"https:\\\/\\\/ksiegowosc24.pl\\\/en\\\/store\\\/sales-and-payment-methods\\\/\"]}]},{\"@type\":\"ImageObject\",\"inLanguage\":\"en-US\",\"@id\":\"https:\\\/\\\/ksiegowosc24.pl\\\/en\\\/store\\\/sales-and-payment-methods\\\/#primaryimage\",\"url\":\"https:\\\/\\\/ksiegowosc24.pl\\\/wp-content\\\/uploads\\\/2023\\\/06\\\/gwarancja_znak2.gif\",\"contentUrl\":\"https:\\\/\\\/ksiegowosc24.pl\\\/wp-content\\\/uploads\\\/2023\\\/06\\\/gwarancja_znak2.gif\"},{\"@type\":\"BreadcrumbList\",\"@id\":\"https:\\\/\\\/ksiegowosc24.pl\\\/en\\\/store\\\/sales-and-payment-methods\\\/#breadcrumb\",\"itemListElement\":[{\"@type\":\"ListItem\",\"position\":1,\"name\":\"HOME PAGE\",\"item\":\"https:\\\/\\\/ksiegowosc24.pl\\\/en\\\/modern-and-simple-invoicing-software\\\/\"},{\"@type\":\"ListItem\",\"position\":2,\"name\":\"Store\",\"item\":\"https:\\\/\\\/ksiegowosc24.pl\\\/en\\\/store\\\/\"},{\"@type\":\"ListItem\",\"position\":3,\"name\":\"Sales and payment methods\"}]},{\"@type\":\"WebSite\",\"@id\":\"https:\\\/\\\/ksiegowosc24.pl\\\/en\\\/#website\",\"url\":\"https:\\\/\\\/ksiegowosc24.pl\\\/en\\\/\",\"name\":\"Ksiegowosc24.pl\",\"description\":\"Prosty program do faktur\",\"publisher\":{\"@id\":\"https:\\\/\\\/ksiegowosc24.pl\\\/en\\\/#organization\"},\"potentialAction\":[{\"@type\":\"SearchAction\",\"target\":{\"@type\":\"EntryPoint\",\"urlTemplate\":\"https:\\\/\\\/ksiegowosc24.pl\\\/en\\\/?s={search_term_string}\"},\"query-input\":{\"@type\":\"PropertyValueSpecification\",\"valueRequired\":true,\"valueName\":\"search_term_string\"}}],\"inLanguage\":\"en-US\"},{\"@type\":\"Organization\",\"@id\":\"https:\\\/\\\/ksiegowosc24.pl\\\/en\\\/#organization\",\"name\":\"Ksiegowosc24.pl\",\"url\":\"https:\\\/\\\/ksiegowosc24.pl\\\/en\\\/\",\"logo\":{\"@type\":\"ImageObject\",\"inLanguage\":\"en-US\",\"@id\":\"https:\\\/\\\/ksiegowosc24.pl\\\/en\\\/#\\\/schema\\\/logo\\\/image\\\/\",\"url\":\"https:\\\/\\\/ksiegowosc24.pl\\\/wp-content\\\/uploads\\\/2023\\\/05\\\/1bold-black.png\",\"contentUrl\":\"https:\\\/\\\/ksiegowosc24.pl\\\/wp-content\\\/uploads\\\/2023\\\/05\\\/1bold-black.png\",\"width\":300,\"height\":60,\"caption\":\"Ksiegowosc24.pl\"},\"image\":{\"@id\":\"https:\\\/\\\/ksiegowosc24.pl\\\/en\\\/#\\\/schema\\\/logo\\\/image\\\/\"},\"sameAs\":[\"http:\\\/\\\/www.facebook.com\\\/pages\\\/rafsoftnet\\\/116798445016643\",\"http:\\\/\\\/www.youtube.com\\\/user\\\/rafsoftNET?sub_confirmation=1\"],\"description\":\"Nowoczesny i prosty program do fakturowania\",\"email\":\"biuro@rafsoft.net\",\"legalName\":\"RAFSOFT.NET Sp. z.o.o.\",\"foundingDate\":\"2002-07-20\",\"numberOfEmployees\":{\"@type\":\"QuantitativeValue\",\"minValue\":\"1\",\"maxValue\":\"10\"}}]}<\/script>\n<!-- \/ Yoast SEO Premium plugin. -->","yoast_head_json":{"title":"Sales and payment methods - Ksiegowosc24.pl","description":"Sales and payment methods and license terms Placing orders is possible: order form in online store sklep.ksiegowosc24.pl The data necessary to place an","robots":{"index":"index","follow":"follow","max-snippet":"max-snippet:-1","max-image-preview":"max-image-preview:large","max-video-preview":"max-video-preview:-1"},"canonical":"https:\/\/ksiegowosc24.pl\/en\/store\/sales-and-payment-methods\/","og_locale":"en_US","og_type":"article","og_title":"Sales and payment methods - Ksiegowosc24.pl","og_description":"Sales and payment methods and license terms Placing orders is possible: order form in online store sklep.ksiegowosc24.pl The data necessary to place an","og_url":"https:\/\/ksiegowosc24.pl\/en\/wp-json\/wp\/v2\/pages\/258615\/","og_site_name":"Ksiegowosc24.pl","article_publisher":"http:\/\/www.facebook.com\/pages\/rafsoftnet\/116798445016643","article_modified_time":"2025-02-10T06:33:07+00:00","og_image":[{"url":"https:\/\/ksiegowosc24.pl\/wp-content\/uploads\/2026\/03\/Program-Faktura-VAT-e1690689179406.webp","type":"","width":"","height":""},{"width":140,"height":140,"url":"https:\/\/ksiegowosc24.pl\/wp-content\/uploads\/2023\/06\/gwarancja_znak2.gif","type":"image\/gif"}],"twitter_card":"summary_large_image","twitter_misc":{"Est. reading time":"4 minutes"},"schema":{"@context":"https:\/\/schema.org","@graph":[{"@type":"WebPage","@id":"https:\/\/ksiegowosc24.pl\/en\/store\/sales-and-payment-methods\/","url":"https:\/\/ksiegowosc24.pl\/en\/store\/sales-and-payment-methods\/","name":"Sales and payment methods - Ksiegowosc24.pl","isPartOf":{"@id":"https:\/\/ksiegowosc24.pl\/en\/#website"},"primaryImageOfPage":{"@id":"https:\/\/ksiegowosc24.pl\/en\/store\/sales-and-payment-methods\/#primaryimage"},"image":{"@id":"https:\/\/ksiegowosc24.pl\/en\/store\/sales-and-payment-methods\/#primaryimage"},"thumbnailUrl":"https:\/\/ksiegowosc24.pl\/wp-content\/uploads\/2023\/06\/gwarancja_znak2.gif","datePublished":"2023-06-25T14:16:47+00:00","dateModified":"2025-02-10T06:33:07+00:00","description":"Sales and payment methods and license terms Placing orders is possible: order form in online store sklep.ksiegowosc24.pl The data necessary to place an","breadcrumb":{"@id":"https:\/\/ksiegowosc24.pl\/en\/store\/sales-and-payment-methods\/#breadcrumb"},"inLanguage":"en-US","potentialAction":[{"@type":"ReadAction","target":["https:\/\/ksiegowosc24.pl\/en\/store\/sales-and-payment-methods\/"]}]},{"@type":"ImageObject","inLanguage":"en-US","@id":"https:\/\/ksiegowosc24.pl\/en\/store\/sales-and-payment-methods\/#primaryimage","url":"https:\/\/ksiegowosc24.pl\/wp-content\/uploads\/2023\/06\/gwarancja_znak2.gif","contentUrl":"https:\/\/ksiegowosc24.pl\/wp-content\/uploads\/2023\/06\/gwarancja_znak2.gif"},{"@type":"BreadcrumbList","@id":"https:\/\/ksiegowosc24.pl\/en\/store\/sales-and-payment-methods\/#breadcrumb","itemListElement":[{"@type":"ListItem","position":1,"name":"HOME PAGE","item":"https:\/\/ksiegowosc24.pl\/en\/modern-and-simple-invoicing-software\/"},{"@type":"ListItem","position":2,"name":"Store","item":"https:\/\/ksiegowosc24.pl\/en\/store\/"},{"@type":"ListItem","position":3,"name":"Sales and payment methods"}]},{"@type":"WebSite","@id":"https:\/\/ksiegowosc24.pl\/en\/#website","url":"https:\/\/ksiegowosc24.pl\/en\/","name":"Ksiegowosc24.pl","description":"Prosty program do faktur","publisher":{"@id":"https:\/\/ksiegowosc24.pl\/en\/#organization"},"potentialAction":[{"@type":"SearchAction","target":{"@type":"EntryPoint","urlTemplate":"https:\/\/ksiegowosc24.pl\/en\/?s={search_term_string}"},"query-input":{"@type":"PropertyValueSpecification","valueRequired":true,"valueName":"search_term_string"}}],"inLanguage":"en-US"},{"@type":"Organization","@id":"https:\/\/ksiegowosc24.pl\/en\/#organization","name":"Ksiegowosc24.pl","url":"https:\/\/ksiegowosc24.pl\/en\/","logo":{"@type":"ImageObject","inLanguage":"en-US","@id":"https:\/\/ksiegowosc24.pl\/en\/#\/schema\/logo\/image\/","url":"https:\/\/ksiegowosc24.pl\/wp-content\/uploads\/2023\/05\/1bold-black.png","contentUrl":"https:\/\/ksiegowosc24.pl\/wp-content\/uploads\/2023\/05\/1bold-black.png","width":300,"height":60,"caption":"Ksiegowosc24.pl"},"image":{"@id":"https:\/\/ksiegowosc24.pl\/en\/#\/schema\/logo\/image\/"},"sameAs":["http:\/\/www.facebook.com\/pages\/rafsoftnet\/116798445016643","http:\/\/www.youtube.com\/user\/rafsoftNET?sub_confirmation=1"],"description":"Nowoczesny i prosty program do fakturowania","email":"biuro@rafsoft.net","legalName":"RAFSOFT.NET Sp. z.o.o.","foundingDate":"2002-07-20","numberOfEmployees":{"@type":"QuantitativeValue","minValue":"1","maxValue":"10"}}]}},"_links":{"self":[{"href":"https:\/\/ksiegowosc24.pl\/en\/wp-json\/wp\/v2\/pages\/258615","targetHints":{"allow":["GET"]}}],"collection":[{"href":"https:\/\/ksiegowosc24.pl\/en\/wp-json\/wp\/v2\/pages"}],"about":[{"href":"https:\/\/ksiegowosc24.pl\/en\/wp-json\/wp\/v2\/types\/page"}],"author":[{"embeddable":true,"href":"https:\/\/ksiegowosc24.pl\/en\/wp-json\/wp\/v2\/users\/1"}],"replies":[{"embeddable":true,"href":"https:\/\/ksiegowosc24.pl\/en\/wp-json\/wp\/v2\/comments?post=258615"}],"version-history":[{"count":1,"href":"https:\/\/ksiegowosc24.pl\/en\/wp-json\/wp\/v2\/pages\/258615\/revisions"}],"predecessor-version":[{"id":258616,"href":"https:\/\/ksiegowosc24.pl\/en\/wp-json\/wp\/v2\/pages\/258615\/revisions\/258616"}],"up":[{"embeddable":true,"href":"https:\/\/ksiegowosc24.pl\/en\/wp-json\/wp\/v2\/pages\/258593"}],"wp:attachment":[{"href":"https:\/\/ksiegowosc24.pl\/en\/wp-json\/wp\/v2\/media?parent=258615"}],"curies":[{"name":"wp","href":"https:\/\/api.w.org\/{rel}","templated":true}]}}